{"id":15399,"date":"2025-08-21T23:56:57","date_gmt":"2025-08-22T03:56:57","guid":{"rendered":"https:\/\/www.perroquetsecours.com\/?post_type=product&#038;p=15399"},"modified":"2025-08-21T23:56:58","modified_gmt":"2025-08-22T03:56:58","slug":"prevue-hendryx-birdie-basics-perch-cups-6-oz-s-m-107-01265","status":"publish","type":"product","link":"https:\/\/www.perroquetsecours.com\/en\/produit\/prevue-hendryx-birdie-basics-perch-cups-6-oz-s-m-107-01265","title":{"rendered":"PREVUE HENDRYX\u2122 BIRDIE BASICS\u2122 PERCH CUPS 6 OZ (S-M) 107-01265"},"content":{"rendered":"","protected":false},"excerpt":{"rendered":"<p><strong>DETAILS:<\/strong><\/p>\n<p>Prevue Hendryx\u2122 <span class=\"Y2IQFc\" lang=\"fr\">Les perchoirs s&rsquo;adaptent \u00e0 tout mod\u00e8le de cage \u00e0 oiseaux de petite ou moyenne taille, avec crochets de suspension et couleurs assorties.<\/span><\/p>\n<p><strong>DETAILS:<\/strong><\/p>\n<p>Prevue Hendryx\u2122 Perch Cups will fit any small or medium bird cage model. Each cup with hook hangers on cup backs and assorted colors.<\/p>\n<p><img fetchpriority=\"high\" decoding=\"async\" class=\"alignnone size-medium wp-image-3481\" src=\"https:\/\/www.perroquetsecours.com\/wp-content\/uploads\/2023\/12\/charte-300x196.jpg\" alt=\"\" width=\"300\" height=\"196\" srcset=\"https:\/\/www.perroquetsecours.com\/wp-content\/uploads\/2023\/12\/charte-300x196.jpg 300w, https:\/\/www.perroquetsecours.com\/wp-content\/uploads\/2023\/12\/charte-768x501.jpg 768w, https:\/\/www.perroquetsecours.com\/wp-content\/uploads\/2023\/12\/charte-18x12.jpg 18w, https:\/\/www.perroquetsecours.com\/wp-content\/uploads\/2023\/12\/charte-500x326.jpg 500w, https:\/\/www.perroquetsecours.com\/wp-content\/uploads\/2023\/12\/charte-600x391.jpg 600w, https:\/\/www.perroquetsecours.com\/wp-content\/uploads\/2023\/12\/charte.jpg 968w\" sizes=\"(max-width: 300px) 100vw, 300px\" \/><\/p>","protected":false},"featured_media":15401,"template":"","meta":{"_acf_changed":false,"om_disable_all_campaigns":false,"_monsterinsights_skip_tracking":false,"_monsterinsights_sitenote_active":false,"_monsterinsights_sitenote_note":"","_monsterinsights_sitenote_category":0},"product_brand":[],"product_cat":[1874],"product_tag":[],"class_list":{"0":"post-15399","1":"product","2":"type-product","3":"status-publish","4":"has-post-thumbnail","6":"product_cat-bols-bowls","7":"product_shipping_class-frais-de-livraison-robot","9":"first","10":"instock","11":"shipping-taxable","12":"purchasable","13":"product-type-simple"},"acf":[],"aioseo_notices":[],"_links":{"self":[{"href":"https:\/\/www.perroquetsecours.com\/en\/wp-json\/wp\/v2\/product\/15399","targetHints":{"allow":["GET"]}}],"collection":[{"href":"https:\/\/www.perroquetsecours.com\/en\/wp-json\/wp\/v2\/product"}],"about":[{"href":"https:\/\/www.perroquetsecours.com\/en\/wp-json\/wp\/v2\/types\/product"}],"wp:featuredmedia":[{"embeddable":true,"href":"https:\/\/www.perroquetsecours.com\/en\/wp-json\/wp\/v2\/media\/15401"}],"wp:attachment":[{"href":"https:\/\/www.perroquetsecours.com\/en\/wp-json\/wp\/v2\/media?parent=15399"}],"wp:term":[{"taxonomy":"product_brand","embeddable":true,"href":"https:\/\/www.perroquetsecours.com\/en\/wp-json\/wp\/v2\/product_brand?post=15399"},{"taxonomy":"product_cat","embeddable":true,"href":"https:\/\/www.perroquetsecours.com\/en\/wp-json\/wp\/v2\/product_cat?post=15399"},{"taxonomy":"product_tag","embeddable":true,"href":"https:\/\/www.perroquetsecours.com\/en\/wp-json\/wp\/v2\/product_tag?post=15399"}],"curies":[{"name":"wp","href":"https:\/\/api.w.org\/{rel}","templated":true}]}}