{"id":17283,"date":"2025-12-02T22:52:33","date_gmt":"2025-12-03T02:52:33","guid":{"rendered":"https:\/\/www.perroquetsecours.com\/?post_type=product&#038;p=17283"},"modified":"2026-04-07T10:23:30","modified_gmt":"2026-04-07T14:23:30","slug":"ps-le-bonhomme-de-neige-s-m","status":"publish","type":"product","link":"https:\/\/www.perroquetsecours.com\/en\/produit\/ps-le-bonhomme-de-neige-s-m","title":{"rendered":"PS-Le Bonhomme de neige (S-M)"},"content":{"rendered":"","protected":false},"excerpt":{"rendered":"<p>Jouet pour petits et moyens qu&rsquo;ils auront plaisir \u00e0 d\u00e9chiqueter. Mesure environ 8 pouces de long par 4 pouces de large. Fait de balles de vignes dans lesquels vous pourrez cacher des friandises, de carton, de tranches d&rsquo;acajou comme boutons, de pi\u00e8ces de bois color\u00e9s, d&rsquo;une cocotte en pin comme t\u00eate, de corde de sisal et link.<\/p>\n<p id=\"tw-target-text\" class=\"tw-data-text tw-text-large tw-ta\" dir=\"ltr\" tabindex=\"-1\" role=\"text\" data-placeholder=\"Traduction\" data-ved=\"2ahUKEwjr9_GotKCRAxXYMVkFHVIBHRgQ3ewLegQIBBAV\" aria-label=\"Texte traduit\u00a0: A toy for toddlers and older children that they'll enjoy shredding. Measures approximately 8 inches long by 4 inches wide. Made of vine balls in which you can hide treats, cardboard, mahogany slices for a button, colored wooden pieces, a pine cone for a head, sisal rope, and a link.\"><span class=\"Y2IQFc\" lang=\"en\">Toy for small and medium birds that they&rsquo;ll enjoy shredding. Measures approximately 8 inches long by 4 inches wide. Made of vine balls in which you can hide treats, cardboard, mahogany slices for buttons, colored wooden pieces, a pine cone for a head, sisal rope, and a link.<\/span><\/p>\n<p><img fetchpriority=\"high\" decoding=\"async\" class=\"alignnone size-medium wp-image-3481\" src=\"https:\/\/www.perroquetsecours.com\/wp-content\/uploads\/2023\/12\/charte-300x196.jpg\" alt=\"\" width=\"300\" height=\"196\" srcset=\"https:\/\/www.perroquetsecours.com\/wp-content\/uploads\/2023\/12\/charte-300x196.jpg 300w, https:\/\/www.perroquetsecours.com\/wp-content\/uploads\/2023\/12\/charte-768x501.jpg 768w, https:\/\/www.perroquetsecours.com\/wp-content\/uploads\/2023\/12\/charte-18x12.jpg 18w, https:\/\/www.perroquetsecours.com\/wp-content\/uploads\/2023\/12\/charte-500x326.jpg 500w, https:\/\/www.perroquetsecours.com\/wp-content\/uploads\/2023\/12\/charte-600x391.jpg 600w, https:\/\/www.perroquetsecours.com\/wp-content\/uploads\/2023\/12\/charte.jpg 968w\" sizes=\"(max-width: 300px) 100vw, 300px\" \/><\/p>","protected":false},"featured_media":17284,"template":"","meta":{"_acf_changed":false,"om_disable_all_campaigns":false,"_monsterinsights_skip_tracking":false,"_monsterinsights_sitenote_active":false,"_monsterinsights_sitenote_note":"","_monsterinsights_sitenote_category":0},"product_brand":[],"product_cat":[1855,1853],"product_tag":[],"class_list":{"0":"post-17283","1":"product","2":"type-product","3":"status-publish","4":"has-post-thumbnail","6":"product_cat-collection-hivernale","7":"product_cat-jouets-toys","8":"product_shipping_class-frais-livraison-petits-colis","10":"first","11":"instock","12":"shipping-taxable","13":"purchasable","14":"product-type-simple"},"acf":[],"aioseo_notices":[],"_links":{"self":[{"href":"https:\/\/www.perroquetsecours.com\/en\/wp-json\/wp\/v2\/product\/17283","targetHints":{"allow":["GET"]}}],"collection":[{"href":"https:\/\/www.perroquetsecours.com\/en\/wp-json\/wp\/v2\/product"}],"about":[{"href":"https:\/\/www.perroquetsecours.com\/en\/wp-json\/wp\/v2\/types\/product"}],"wp:featuredmedia":[{"embeddable":true,"href":"https:\/\/www.perroquetsecours.com\/en\/wp-json\/wp\/v2\/media\/17284"}],"wp:attachment":[{"href":"https:\/\/www.perroquetsecours.com\/en\/wp-json\/wp\/v2\/media?parent=17283"}],"wp:term":[{"taxonomy":"product_brand","embeddable":true,"href":"https:\/\/www.perroquetsecours.com\/en\/wp-json\/wp\/v2\/product_brand?post=17283"},{"taxonomy":"product_cat","embeddable":true,"href":"https:\/\/www.perroquetsecours.com\/en\/wp-json\/wp\/v2\/product_cat?post=17283"},{"taxonomy":"product_tag","embeddable":true,"href":"https:\/\/www.perroquetsecours.com\/en\/wp-json\/wp\/v2\/product_tag?post=17283"}],"curies":[{"name":"wp","href":"https:\/\/api.w.org\/{rel}","templated":true}]}}