{"id":17292,"date":"2025-12-03T00:20:13","date_gmt":"2025-12-03T04:20:13","guid":{"rendered":"https:\/\/www.perroquetsecours.com\/?post_type=product&#038;p=17292"},"modified":"2025-12-03T00:20:13","modified_gmt":"2025-12-03T04:20:13","slug":"ps-10-petits-carres-de-bois-s-m-l","status":"publish","type":"product","link":"https:\/\/www.perroquetsecours.com\/en\/produit\/ps-10-petits-carres-de-bois-s-m-l","title":{"rendered":"PS-10 petits carr\u00e9s de bois (S-M-L)"},"content":{"rendered":"","protected":false},"excerpt":{"rendered":"<p>10 petits carr\u00e9s de bois de pin naturel trou\u00e9s mesurant 1 1\/2 pouces X 1 1\/2 pouces X 5\/8 \u00e9paisseur et un trou de 1\/4. Vos oiseaux vont adorer le bois de Perroquetsecours car il est facile \u00e0 briser. Parfait pour vos confections de jouets.<\/p>\n<pre id=\"tw-target-text\" class=\"tw-data-text tw-text-large tw-ta\" dir=\"ltr\" tabindex=\"-1\" role=\"text\" data-placeholder=\"Traduction\" data-ved=\"2ahUKEwiFv4HnxKCRAxXtKVkFHfP9PEoQ3ewLegQIDBAV\" aria-label=\"Texte traduit\u00a0: Small, pre-drilled squares of natural pine wood measuring 1 1\/2 inches x 1 1\/2 inches x 5\/8 inches thick with a 1\/4-inch hole. Your birds will love Parrot Rescue wood because it's easy to break. Perfect for making toys.\"><span class=\"Y2IQFc\" lang=\"en\">10 small, pre-drilled squares of natural pine wood measuring 1 1\/2 inches x 1 1\/2 inches x 5\/8 inches thick with a 1\/4-inch hole. Your birds will love Perroquetsecours' wood because it's easy to break. Perfect for making toys.\r\n\r\n<img fetchpriority=\"high\" decoding=\"async\" class=\"alignnone size-medium wp-image-3481\" src=\"https:\/\/www.perroquetsecours.com\/wp-content\/uploads\/2023\/12\/charte-300x196.jpg\" alt=\"\" width=\"300\" height=\"196\" srcset=\"https:\/\/www.perroquetsecours.com\/wp-content\/uploads\/2023\/12\/charte-300x196.jpg 300w, https:\/\/www.perroquetsecours.com\/wp-content\/uploads\/2023\/12\/charte-768x501.jpg 768w, https:\/\/www.perroquetsecours.com\/wp-content\/uploads\/2023\/12\/charte-18x12.jpg 18w, https:\/\/www.perroquetsecours.com\/wp-content\/uploads\/2023\/12\/charte-500x326.jpg 500w, https:\/\/www.perroquetsecours.com\/wp-content\/uploads\/2023\/12\/charte-600x391.jpg 600w, https:\/\/www.perroquetsecours.com\/wp-content\/uploads\/2023\/12\/charte.jpg 968w\" sizes=\"(max-width: 300px) 100vw, 300px\" \/>\r\n<\/span><\/pre>","protected":false},"featured_media":17293,"template":"","meta":{"_acf_changed":false,"om_disable_all_campaigns":false,"_monsterinsights_skip_tracking":false,"_monsterinsights_sitenote_active":false,"_monsterinsights_sitenote_note":"","_monsterinsights_sitenote_category":0},"product_brand":[],"product_cat":[1864],"product_tag":[],"class_list":{"0":"post-17292","1":"product","2":"type-product","3":"status-publish","4":"has-post-thumbnail","6":"product_cat-pieces-de-jouets-toy-parts","7":"product_shipping_class-frais-livraison-petits-colis","9":"first","10":"instock","11":"shipping-taxable","12":"purchasable","13":"product-type-simple"},"acf":[],"aioseo_notices":[],"_links":{"self":[{"href":"https:\/\/www.perroquetsecours.com\/en\/wp-json\/wp\/v2\/product\/17292","targetHints":{"allow":["GET"]}}],"collection":[{"href":"https:\/\/www.perroquetsecours.com\/en\/wp-json\/wp\/v2\/product"}],"about":[{"href":"https:\/\/www.perroquetsecours.com\/en\/wp-json\/wp\/v2\/types\/product"}],"wp:featuredmedia":[{"embeddable":true,"href":"https:\/\/www.perroquetsecours.com\/en\/wp-json\/wp\/v2\/media\/17293"}],"wp:attachment":[{"href":"https:\/\/www.perroquetsecours.com\/en\/wp-json\/wp\/v2\/media?parent=17292"}],"wp:term":[{"taxonomy":"product_brand","embeddable":true,"href":"https:\/\/www.perroquetsecours.com\/en\/wp-json\/wp\/v2\/product_brand?post=17292"},{"taxonomy":"product_cat","embeddable":true,"href":"https:\/\/www.perroquetsecours.com\/en\/wp-json\/wp\/v2\/product_cat?post=17292"},{"taxonomy":"product_tag","embeddable":true,"href":"https:\/\/www.perroquetsecours.com\/en\/wp-json\/wp\/v2\/product_tag?post=17292"}],"curies":[{"name":"wp","href":"https:\/\/api.w.org\/{rel}","templated":true}]}}