{"id":18179,"date":"2026-01-20T12:07:11","date_gmt":"2026-01-20T16:07:11","guid":{"rendered":"https:\/\/www.perroquetsecours.com\/?post_type=product&#038;p=18179"},"modified":"2026-03-22T15:39:48","modified_gmt":"2026-03-22T19:39:48","slug":"ps-le-paresseux-amoureux-xs-s","status":"publish","type":"product","link":"https:\/\/www.perroquetsecours.com\/en\/produit\/ps-le-paresseux-amoureux-xs-s","title":{"rendered":"PS-Le paresseux amoureux (XS-S)"},"content":{"rendered":"","protected":false},"excerpt":{"rendered":"<p>L&rsquo;\u00e9quipe l&rsquo;a surnomm\u00e9 le paresseux amoureux car il ressemble \u00e0 un paresseux (l&rsquo;animal). Fait d&rsquo;un coeur en palmier tress\u00e9, de pi\u00e8ces de sola, de li\u00e8ge et de bois avec corde de papier et link, Ce jouet sera amus\u00e9 les becs fins qui aimeront le d\u00e9truire en entier.<\/p>\n<div class=\"n4sEPd\">\n<div class=\"FFpbKc\">\n<div class=\"xMmqsf\">\n<div class=\"nidPne\">\n<div data-show-delay-ms=\"250\" data-append-to-body=\"true\" data-propagate-tooltip-mouseover-events=\"true\" data-anchor-corner=\"bottom-left\" data-enable-skip-handler=\"true\" data-popup-corner=\"top-left\">\n<div class=\"dig2sb\">\n<div class=\"scLCMd\">\n<div id=\"itamenu\"><\/div>\n<\/div>\n<\/div>\n<\/div>\n<\/div>\n<\/div>\n<\/div>\n<\/div>\n<div class=\"QcsUad BDJ8fb BLojaf sMVRZe hCXDsb wneUed\">\n<div class=\"usGWQd\">\n<div class=\"KkbLmb\">\n<div class=\"lRu31\" dir=\"ltr\"><span class=\"HwtZe\" lang=\"en\"><span class=\"jCAhz ChMk0b\"><span class=\"ryNqvb\">The team nicknamed it the \u00ab\u00a0Lovestruck Sloth\u00a0\u00bb because it resembles a sloth (the animal).<\/span><\/span> <span class=\"jCAhz ChMk0b\"><span class=\"ryNqvb\">Made from a woven palm heart, pieces of sola, cork, and wood with paper rope and link, this toy will amuse the finest beaks who will love to shead it completely.<\/span><\/span><\/span><\/div>\n<div dir=\"ltr\"><\/div>\n<\/div>\n<div dir=\"ltr\"><img fetchpriority=\"high\" decoding=\"async\" class=\"alignnone size-medium wp-image-3481\" src=\"https:\/\/www.perroquetsecours.com\/wp-content\/uploads\/2023\/12\/charte-300x196.jpg\" alt=\"\" width=\"300\" height=\"196\" srcset=\"https:\/\/www.perroquetsecours.com\/wp-content\/uploads\/2023\/12\/charte-300x196.jpg 300w, https:\/\/www.perroquetsecours.com\/wp-content\/uploads\/2023\/12\/charte-768x501.jpg 768w, https:\/\/www.perroquetsecours.com\/wp-content\/uploads\/2023\/12\/charte-18x12.jpg 18w, https:\/\/www.perroquetsecours.com\/wp-content\/uploads\/2023\/12\/charte-500x326.jpg 500w, https:\/\/www.perroquetsecours.com\/wp-content\/uploads\/2023\/12\/charte-600x391.jpg 600w, https:\/\/www.perroquetsecours.com\/wp-content\/uploads\/2023\/12\/charte.jpg 968w\" sizes=\"(max-width: 300px) 100vw, 300px\" \/><\/div>\n<\/div>\n<\/div>\n<p>&nbsp;<\/p>","protected":false},"featured_media":18180,"template":"","meta":{"_acf_changed":false,"om_disable_all_campaigns":false,"_monsterinsights_skip_tracking":false,"_monsterinsights_sitenote_active":false,"_monsterinsights_sitenote_note":"","_monsterinsights_sitenote_category":0},"product_brand":[],"product_cat":[1876,1853],"product_tag":[],"class_list":{"0":"post-18179","1":"product","2":"type-product","3":"status-publish","4":"has-post-thumbnail","6":"product_cat-collection-st-valentin","7":"product_cat-jouets-toys","8":"product_shipping_class-frais-livraison-petits-colis","10":"first","11":"instock","12":"shipping-taxable","13":"purchasable","14":"product-type-simple"},"acf":[],"aioseo_notices":[],"_links":{"self":[{"href":"https:\/\/www.perroquetsecours.com\/en\/wp-json\/wp\/v2\/product\/18179","targetHints":{"allow":["GET"]}}],"collection":[{"href":"https:\/\/www.perroquetsecours.com\/en\/wp-json\/wp\/v2\/product"}],"about":[{"href":"https:\/\/www.perroquetsecours.com\/en\/wp-json\/wp\/v2\/types\/product"}],"wp:featuredmedia":[{"embeddable":true,"href":"https:\/\/www.perroquetsecours.com\/en\/wp-json\/wp\/v2\/media\/18180"}],"wp:attachment":[{"href":"https:\/\/www.perroquetsecours.com\/en\/wp-json\/wp\/v2\/media?parent=18179"}],"wp:term":[{"taxonomy":"product_brand","embeddable":true,"href":"https:\/\/www.perroquetsecours.com\/en\/wp-json\/wp\/v2\/product_brand?post=18179"},{"taxonomy":"product_cat","embeddable":true,"href":"https:\/\/www.perroquetsecours.com\/en\/wp-json\/wp\/v2\/product_cat?post=18179"},{"taxonomy":"product_tag","embeddable":true,"href":"https:\/\/www.perroquetsecours.com\/en\/wp-json\/wp\/v2\/product_tag?post=18179"}],"curies":[{"name":"wp","href":"https:\/\/api.w.org\/{rel}","templated":true}]}}