{"id":18898,"date":"2026-03-04T11:08:42","date_gmt":"2026-03-04T15:08:42","guid":{"rendered":"https:\/\/www.perroquetsecours.com\/?post_type=product&#038;p=18898"},"modified":"2026-03-04T11:08:42","modified_gmt":"2026-03-04T15:08:42","slug":"roudybush-maintenance-crumble-44oz","status":"publish","type":"product","link":"https:\/\/www.perroquetsecours.com\/en\/produit\/roudybush-maintenance-crumble-44oz","title":{"rendered":"Roudybush Maintenance Crumble (44OZ)"},"content":{"rendered":"","protected":false},"excerpt":{"rendered":"<p id=\"tw-target-text\" class=\"tw-data-text tw-text-large tw-ta\" dir=\"ltr\" tabindex=\"-1\" role=\"text\" data-placeholder=\"Traduction\" data-ved=\"2ahUKEwixt5OmuoaTAxXALFkFHRgzB1YQ3ewLegQIBBAW\" aria-label=\"Texte traduit\u00a0: Utilisez cet aliment lors de la transition de votre oiseau de son ancienne alimentation \u00e0 Roudybush. Continuez \u00e0 nourrir les oiseaux adultes qui ne pondent pas d'\u0153ufs ou n'allaitent pas leurs oisillons avec cet aliment. Les loris et les loriquets, qui acceptent cet aliment, auront des fientes plus s\u00e8ches qu'avec du nectar. Si vous avez un oiseau qui pond des \u0153ufs de fa\u00e7on chronique ou un oiseau sujet \u00e0 l'hypocalc\u00e9mie (comme les perroquets gris du Gabon), m\u00e9langez 2\/3 d'aliment d'entretien avec 1\/3 d'aliment pour reproducteurs \u00e0 haute \u00e9nergie afin d'apporter plus de calcium et de vitamine D3. Ne donnez pas de suppl\u00e9ments vitaminiques ou min\u00e9raux suppl\u00e9mentaires. Ingr\u00e9dients : Ma\u00efs moulu, bl\u00e9 moulu, farine de soja, huile de soja, carbonate de calcium, phosphate dicalcique, sel, DL-m\u00e9thionine, L-arginine, niacine, tocoph\u00e9rols mixtes (agent de conservation), dioxyde de silicium (antiagglom\u00e9rant), huile de colza, acide citrique (agent de conservation), l\u00e9cithine, extrait de romarin, ac\u00e9tate d'alpha-tocoph\u00e9rol (source de vitamine E), acide ascorbique, sulfate de mangan\u00e8se, extrait de Yucca schidigera, aluminosilicate de sodium et de calcium hydrat\u00e9, levure s\u00e8che, biotine, pantoth\u00e9nate de calcium, oxyde de zinc, chlorhydrate de pyridoxine, ac\u00e9tate de vitamine A, mononitrate de thiamine, complexe de bisulfite de sodium de m\u00e9nadione (source de vitamine K), dihydriodure d'\u00e9thyl\u00e8nediamine, suppl\u00e9ment de vitamine D3, acide folique, cyanocobalamine (source de vitamine B12), s\u00e9l\u00e9nite de sodium, acide propionique (agent de conservation). Hydroxyde d'ammonium, acide ac\u00e9tique, acide sorbique, acide tartrique et ar\u00f4me naturel de pomme Analyse garantie\u00a0: Prot\u00e9ines brutes (min.) 11,0\u00a0% Mati\u00e8res grasses brutes (min.) 6,0\u00a0% Fibres brutes (max.) 3,5\u00a0% Humidit\u00e9 (max.) 12,0\u00a0%\"><span class=\"Y2IQFc\" lang=\"fr\">Utilisez cet aliment lors de la transition de votre oiseau de son ancienne alimentation \u00e0 Roudybush. Continuez \u00e0 nourrir les oiseaux adultes qui ne pondent pas d&rsquo;\u0153ufs ou n&rsquo;allaitent pas leurs oisillons avec cet aliment. Les loris et les loriquets, qui acceptent cet aliment, auront des fientes plus s\u00e8ches qu&rsquo;avec du nectar. Si vous avez un oiseau qui pond des \u0153ufs de fa\u00e7on chronique ou un oiseau sujet \u00e0 l&rsquo;hypocalc\u00e9mie (comme les perroquets gris du Gabon), m\u00e9langez 2\/3 d&rsquo;aliment d&rsquo;entretien avec 1\/3 d&rsquo;aliment pour reproducteurs \u00e0 haute \u00e9nergie afin d&rsquo;apporter plus de calcium et de vitamine D3. Ne donnez pas de suppl\u00e9ments vitaminiques ou min\u00e9raux suppl\u00e9mentaires. Ingr\u00e9dients : Ma\u00efs moulu, bl\u00e9 moulu, farine de soja, huile de soja, carbonate de calcium, phosphate dicalcique, sel, DL-m\u00e9thionine, L-arginine, niacine, tocoph\u00e9rols mixtes (agent de conservation), dioxyde de silicium (antiagglom\u00e9rant), huile de colza, acide citrique (agent de conservation), l\u00e9cithine, extrait de romarin, ac\u00e9tate d&rsquo;alpha-tocoph\u00e9rol (source de vitamine E), acide ascorbique, sulfate de mangan\u00e8se, extrait de Yucca schidigera, aluminosilicate de sodium et de calcium hydrat\u00e9, levure s\u00e8che, biotine, pantoth\u00e9nate de calcium, oxyde de zinc, chlorhydrate de pyridoxine, ac\u00e9tate de vitamine A, mononitrate de thiamine, complexe de bisulfite de sodium de m\u00e9nadione (source de vitamine K), dihydriodure d&rsquo;\u00e9thyl\u00e8nediamine, suppl\u00e9ment de vitamine D3, acide folique, cyanocobalamine (source de vitamine B12), s\u00e9l\u00e9nite de sodium, acide propionique (agent de conservation). Hydroxyde d&rsquo;ammonium, acide ac\u00e9tique, acide sorbique, acide tartrique et ar\u00f4me naturel de pomme Analyse garantie\u00a0: Prot\u00e9ines brutes (min.) 11,0\u00a0% Mati\u00e8res grasses brutes (min.) 6,0\u00a0% Fibres brutes (max.) 3,5\u00a0% Humidit\u00e9 (max.) 12,0\u00a0%<\/span><\/p>\n<p>&nbsp;<\/p>\n<hr \/>\n<p>Use this diet when switching your bird from its old diet to Roudybush. Continue to feed to adult birds that are not laying eggs or feeding chicks. Lories and lorikeets, which will accept this diet, will have drier droppings than they have on nectar. If you have a bird that is a chronic egg-layer or a bird with a tendency to develop hypocalcaemia (like African Greys), mix 2\/3 Maintenance with 1\/3 High-Energy Breeder to supply more calcium and vitamin D<sub>3<\/sub>. Do not give additional vitamin or mineral supplements.<\/p>\n<p><b>Ingredients:<\/b><br \/>\nGround Corn, Ground Wheat, Soybean Meal, Soybean Oil, Calcium Carbonate, Dicalcium Phosphate, Salt, DL-Methionine, L-Arginine, Niacin, Mixed Tocopherols (Preservative), Silicon Dioxide (Anti-Caking Aid), Rapeseed Oil, Citric Acid (Preservative), Lecithin, Rosemary Extract, Alpha Tocopherol Acetate (Source Of Vitamin E), Ascorbic Acid, Manganese Sulfate, Yucca Schidigera Extract, Hydrated Sodium Calcium Aluminosilicate, Dried Yeast, Biotin, Calcium Pantothenate, Zinc Oxide, Pyridoxine Hydrochloride, Vitamin A Acetate, Thiamine Mononitrate, Menadione Sodium Bisulfite Complex (Source of Vitamin K), Ethylenediamine Dihydriodide, Vitamin D3 Supplement, Folic Acid, Cyanocobalamin (Source of Vitamin B12), Sodium Selenite, Propionic Acid (Preservative), Ammonium Hydroxide, Acetic Acid, Sorbic Acid, Tartaric Acid, and Natural Apple Flavoring<\/p>\n<p><b>Guaranteed Analysis:<\/b><br \/>\nCrude Protein (min) 11.0%<br \/>\nCrude Fat (min) 6.0%<br \/>\nCrude Fiber (max) 3.5%<br \/>\nMoisture (max) 12.0%<\/p>","protected":false},"featured_media":18899,"template":"","meta":{"_acf_changed":false,"om_disable_all_campaigns":false,"_monsterinsights_skip_tracking":false,"_monsterinsights_sitenote_active":false,"_monsterinsights_sitenote_note":"","_monsterinsights_sitenote_category":0},"product_brand":[],"product_cat":[1867],"product_tag":[],"class_list":{"0":"post-18898","1":"product","2":"type-product","3":"status-publish","4":"has-post-thumbnail","6":"product_cat-nourriture-food","7":"product_shipping_class-frais-livraison-grains-par-lb","9":"first","10":"instock","11":"shipping-taxable","12":"purchasable","13":"product-type-simple"},"acf":[],"aioseo_notices":[],"_links":{"self":[{"href":"https:\/\/www.perroquetsecours.com\/en\/wp-json\/wp\/v2\/product\/18898","targetHints":{"allow":["GET"]}}],"collection":[{"href":"https:\/\/www.perroquetsecours.com\/en\/wp-json\/wp\/v2\/product"}],"about":[{"href":"https:\/\/www.perroquetsecours.com\/en\/wp-json\/wp\/v2\/types\/product"}],"wp:featuredmedia":[{"embeddable":true,"href":"https:\/\/www.perroquetsecours.com\/en\/wp-json\/wp\/v2\/media\/18899"}],"wp:attachment":[{"href":"https:\/\/www.perroquetsecours.com\/en\/wp-json\/wp\/v2\/media?parent=18898"}],"wp:term":[{"taxonomy":"product_brand","embeddable":true,"href":"https:\/\/www.perroquetsecours.com\/en\/wp-json\/wp\/v2\/product_brand?post=18898"},{"taxonomy":"product_cat","embeddable":true,"href":"https:\/\/www.perroquetsecours.com\/en\/wp-json\/wp\/v2\/product_cat?post=18898"},{"taxonomy":"product_tag","embeddable":true,"href":"https:\/\/www.perroquetsecours.com\/en\/wp-json\/wp\/v2\/product_tag?post=18898"}],"curies":[{"name":"wp","href":"https:\/\/api.w.org\/{rel}","templated":true}]}}