{"id":18920,"date":"2026-03-05T01:09:15","date_gmt":"2026-03-05T05:09:15","guid":{"rendered":"https:\/\/www.perroquetsecours.com\/?post_type=product&#038;p=18920"},"modified":"2026-03-05T11:36:14","modified_gmt":"2026-03-05T15:36:14","slug":"tops-small-parrot-pellets-10lb","status":"publish","type":"product","link":"https:\/\/www.perroquetsecours.com\/en\/produit\/tops-small-parrot-pellets-10lb","title":{"rendered":"TOP&rsquo;s small parrot pellets (10LB)"},"content":{"rendered":"","protected":false},"excerpt":{"rendered":"<p id=\"tw-target-text\" class=\"tw-data-text tw-text-large tw-ta\" dir=\"ltr\" tabindex=\"-1\" role=\"text\" data-placeholder=\"Traduction\" data-ved=\"2ahUKEwixt5OmuoaTAxXALFkFHRgzB1YQ3ewLegQIBBAW\" aria-label=\"Texte traduit\u00a0: Les petites granul\u00e9s TOP\u2019s Small Pellets\u2122 sont certifi\u00e9es biologiques par l\u2019USDA et conviennent parfaitement aux perroquets de taille moyenne et petite, comme les conures, les perruches moines et les perroquets qui mangent directement dans leur gamelle. Ces granul\u00e9s sp\u00e9cialis\u00e9s, d'un diam\u00e8tre de 4 mm (5\/32&quot;), sont compos\u00e9s des m\u00eames ingr\u00e9dients que nos grands granul\u00e9s. Ils sont enti\u00e8rement naturels et ne contiennent aucun agent de remplissage comme le soja ou le ma\u00efs, ni colorants, ar\u00f4mes ou conservateurs artificiels, bl\u00e9, noix ou saccharose\/sucre. Sans BHA, BHT ni \u00e9thoxyquine. Recommand\u00e9s pour les perroquets de petite taille, tels que\u00a0: \u2022 Conures \u2022 Perruches moines \u2022 Loris \u2022 Perruches du S\u00e9n\u00e9gal \u2022 Ca\u00efques \u2022 Pionus Ingr\u00e9dients\u00a0: Luzerne biologique, millet d\u00e9cortiqu\u00e9 biologique, orge biologique, riz biologique, graines de tournesol d\u00e9cortiqu\u00e9es biologiques, graines de s\u00e9same non d\u00e9cortiqu\u00e9es biologiques, quinoa entier biologique, courge biologique, sarrasin d\u00e9cortiqu\u00e9 biologique, poudre de feuilles de pissenlit biologique, poudre de carotte biologique, poudre de feuilles d'\u00e9pinards biologiques, dulse pourpre biologique, varech, poudre de cynorrhodon biologique, cynorrhodon bio concass\u00e9, poudre d'\u00e9corce d'orange biologique, poudre d'\u00e9corce de citron biologique, biologique Feuilles de romarin enti\u00e8res, poivre de Cayenne bio moulu, piments rouges bio concass\u00e9s, feuilles d'ortie bio, cannelle. Analyse garantie\u00a0: Prot\u00e9ines brutes min. 13,6\u00a0%, Fibres brutes max. 8\u00a0%, Mati\u00e8res grasses brutes min. 5\u00a0%, Humidit\u00e9 max. 10,3\u00a0%. Calories\u00a0: 3,8 kcal\/g\"><span class=\"Y2IQFc\" lang=\"fr\">Les petites granul\u00e9s TOP\u2019s Small Pellets\u2122 sont certifi\u00e9es biologiques par l\u2019USDA et conviennent parfaitement aux perroquets de taille moyenne et petite, comme les conures, les perruches moines et les perroquets qui mangent directement dans leur gamelle. <\/span><\/p>\n<p class=\"tw-data-text tw-text-large tw-ta\" dir=\"ltr\" tabindex=\"-1\" role=\"text\" data-placeholder=\"Traduction\" data-ved=\"2ahUKEwixt5OmuoaTAxXALFkFHRgzB1YQ3ewLegQIBBAW\" aria-label=\"Texte traduit\u00a0: Les petites granul\u00e9s TOP\u2019s Small Pellets\u2122 sont certifi\u00e9es biologiques par l\u2019USDA et conviennent parfaitement aux perroquets de taille moyenne et petite, comme les conures, les perruches moines et les perroquets qui mangent directement dans leur gamelle. Ces granul\u00e9s sp\u00e9cialis\u00e9s, d'un diam\u00e8tre de 4 mm (5\/32&quot;), sont compos\u00e9s des m\u00eames ingr\u00e9dients que nos grands granul\u00e9s. Ils sont enti\u00e8rement naturels et ne contiennent aucun agent de remplissage comme le soja ou le ma\u00efs, ni colorants, ar\u00f4mes ou conservateurs artificiels, bl\u00e9, noix ou saccharose\/sucre. Sans BHA, BHT ni \u00e9thoxyquine. Recommand\u00e9s pour les perroquets de petite taille, tels que\u00a0: \u2022 Conures \u2022 Perruches moines \u2022 Loris \u2022 Perruches du S\u00e9n\u00e9gal \u2022 Ca\u00efques \u2022 Pionus Ingr\u00e9dients\u00a0: Luzerne biologique, millet d\u00e9cortiqu\u00e9 biologique, orge biologique, riz biologique, graines de tournesol d\u00e9cortiqu\u00e9es biologiques, graines de s\u00e9same non d\u00e9cortiqu\u00e9es biologiques, quinoa entier biologique, courge biologique, sarrasin d\u00e9cortiqu\u00e9 biologique, poudre de feuilles de pissenlit biologique, poudre de carotte biologique, poudre de feuilles d'\u00e9pinards biologiques, dulse pourpre biologique, varech, poudre de cynorrhodon biologique, cynorrhodon bio concass\u00e9, poudre d'\u00e9corce d'orange biologique, poudre d'\u00e9corce de citron biologique, biologique Feuilles de romarin enti\u00e8res, poivre de Cayenne bio moulu, piments rouges bio concass\u00e9s, feuilles d'ortie bio, cannelle. Analyse garantie\u00a0: Prot\u00e9ines brutes min. 13,6\u00a0%, Fibres brutes max. 8\u00a0%, Mati\u00e8res grasses brutes min. 5\u00a0%, Humidit\u00e9 max. 10,3\u00a0%. Calories\u00a0: 3,8 kcal\/g\"><span class=\"Y2IQFc\" lang=\"fr\">Ces granul\u00e9s sp\u00e9cialis\u00e9s, d&rsquo;un diam\u00e8tre de 4 mm (5\/32&Prime;), sont compos\u00e9s des m\u00eames ingr\u00e9dients que nos grands granul\u00e9s. Ils sont enti\u00e8rement naturels et ne contiennent aucun agent de remplissage comme le soja ou le ma\u00efs, ni colorants, ar\u00f4mes ou conservateurs artificiels, bl\u00e9, noix ou saccharose\/sucre. Sans BHA, BHT ni \u00e9thoxyquine. Recommand\u00e9s pour les perroquets de petite taille, tels que\u00a0: <\/span><\/p>\n<p class=\"tw-data-text tw-text-large tw-ta\" dir=\"ltr\" tabindex=\"-1\" role=\"text\" data-placeholder=\"Traduction\" data-ved=\"2ahUKEwixt5OmuoaTAxXALFkFHRgzB1YQ3ewLegQIBBAW\" aria-label=\"Texte traduit\u00a0: Les petites granul\u00e9s TOP\u2019s Small Pellets\u2122 sont certifi\u00e9es biologiques par l\u2019USDA et conviennent parfaitement aux perroquets de taille moyenne et petite, comme les conures, les perruches moines et les perroquets qui mangent directement dans leur gamelle. Ces granul\u00e9s sp\u00e9cialis\u00e9s, d'un diam\u00e8tre de 4 mm (5\/32&quot;), sont compos\u00e9s des m\u00eames ingr\u00e9dients que nos grands granul\u00e9s. Ils sont enti\u00e8rement naturels et ne contiennent aucun agent de remplissage comme le soja ou le ma\u00efs, ni colorants, ar\u00f4mes ou conservateurs artificiels, bl\u00e9, noix ou saccharose\/sucre. Sans BHA, BHT ni \u00e9thoxyquine. Recommand\u00e9s pour les perroquets de petite taille, tels que\u00a0: \u2022 Conures \u2022 Perruches moines \u2022 Loris \u2022 Perruches du S\u00e9n\u00e9gal \u2022 Ca\u00efques \u2022 Pionus Ingr\u00e9dients\u00a0: Luzerne biologique, millet d\u00e9cortiqu\u00e9 biologique, orge biologique, riz biologique, graines de tournesol d\u00e9cortiqu\u00e9es biologiques, graines de s\u00e9same non d\u00e9cortiqu\u00e9es biologiques, quinoa entier biologique, courge biologique, sarrasin d\u00e9cortiqu\u00e9 biologique, poudre de feuilles de pissenlit biologique, poudre de carotte biologique, poudre de feuilles d'\u00e9pinards biologiques, dulse pourpre biologique, varech, poudre de cynorrhodon biologique, cynorrhodon bio concass\u00e9, poudre d'\u00e9corce d'orange biologique, poudre d'\u00e9corce de citron biologique, biologique Feuilles de romarin enti\u00e8res, poivre de Cayenne bio moulu, piments rouges bio concass\u00e9s, feuilles d'ortie bio, cannelle. Analyse garantie\u00a0: Prot\u00e9ines brutes min. 13,6\u00a0%, Fibres brutes max. 8\u00a0%, Mati\u00e8res grasses brutes min. 5\u00a0%, Humidit\u00e9 max. 10,3\u00a0%. Calories\u00a0: 3,8 kcal\/g\"><span class=\"Y2IQFc\" lang=\"fr\">\u2022 Conures <\/span><\/p>\n<p class=\"tw-data-text tw-text-large tw-ta\" dir=\"ltr\" tabindex=\"-1\" role=\"text\" data-placeholder=\"Traduction\" data-ved=\"2ahUKEwixt5OmuoaTAxXALFkFHRgzB1YQ3ewLegQIBBAW\" aria-label=\"Texte traduit\u00a0: Les petites granul\u00e9s TOP\u2019s Small Pellets\u2122 sont certifi\u00e9es biologiques par l\u2019USDA et conviennent parfaitement aux perroquets de taille moyenne et petite, comme les conures, les perruches moines et les perroquets qui mangent directement dans leur gamelle. Ces granul\u00e9s sp\u00e9cialis\u00e9s, d'un diam\u00e8tre de 4 mm (5\/32&quot;), sont compos\u00e9s des m\u00eames ingr\u00e9dients que nos grands granul\u00e9s. Ils sont enti\u00e8rement naturels et ne contiennent aucun agent de remplissage comme le soja ou le ma\u00efs, ni colorants, ar\u00f4mes ou conservateurs artificiels, bl\u00e9, noix ou saccharose\/sucre. Sans BHA, BHT ni \u00e9thoxyquine. Recommand\u00e9s pour les perroquets de petite taille, tels que\u00a0: \u2022 Conures \u2022 Perruches moines \u2022 Loris \u2022 Perruches du S\u00e9n\u00e9gal \u2022 Ca\u00efques \u2022 Pionus Ingr\u00e9dients\u00a0: Luzerne biologique, millet d\u00e9cortiqu\u00e9 biologique, orge biologique, riz biologique, graines de tournesol d\u00e9cortiqu\u00e9es biologiques, graines de s\u00e9same non d\u00e9cortiqu\u00e9es biologiques, quinoa entier biologique, courge biologique, sarrasin d\u00e9cortiqu\u00e9 biologique, poudre de feuilles de pissenlit biologique, poudre de carotte biologique, poudre de feuilles d'\u00e9pinards biologiques, dulse pourpre biologique, varech, poudre de cynorrhodon biologique, cynorrhodon bio concass\u00e9, poudre d'\u00e9corce d'orange biologique, poudre d'\u00e9corce de citron biologique, biologique Feuilles de romarin enti\u00e8res, poivre de Cayenne bio moulu, piments rouges bio concass\u00e9s, feuilles d'ortie bio, cannelle. Analyse garantie\u00a0: Prot\u00e9ines brutes min. 13,6\u00a0%, Fibres brutes max. 8\u00a0%, Mati\u00e8res grasses brutes min. 5\u00a0%, Humidit\u00e9 max. 10,3\u00a0%. Calories\u00a0: 3,8 kcal\/g\"><span class=\"Y2IQFc\" lang=\"fr\">\u2022 Perruches moines <\/span><\/p>\n<p class=\"tw-data-text tw-text-large tw-ta\" dir=\"ltr\" tabindex=\"-1\" role=\"text\" data-placeholder=\"Traduction\" data-ved=\"2ahUKEwixt5OmuoaTAxXALFkFHRgzB1YQ3ewLegQIBBAW\" aria-label=\"Texte traduit\u00a0: Les petites granul\u00e9s TOP\u2019s Small Pellets\u2122 sont certifi\u00e9es biologiques par l\u2019USDA et conviennent parfaitement aux perroquets de taille moyenne et petite, comme les conures, les perruches moines et les perroquets qui mangent directement dans leur gamelle. Ces granul\u00e9s sp\u00e9cialis\u00e9s, d'un diam\u00e8tre de 4 mm (5\/32&quot;), sont compos\u00e9s des m\u00eames ingr\u00e9dients que nos grands granul\u00e9s. Ils sont enti\u00e8rement naturels et ne contiennent aucun agent de remplissage comme le soja ou le ma\u00efs, ni colorants, ar\u00f4mes ou conservateurs artificiels, bl\u00e9, noix ou saccharose\/sucre. Sans BHA, BHT ni \u00e9thoxyquine. Recommand\u00e9s pour les perroquets de petite taille, tels que\u00a0: \u2022 Conures \u2022 Perruches moines \u2022 Loris \u2022 Perruches du S\u00e9n\u00e9gal \u2022 Ca\u00efques \u2022 Pionus Ingr\u00e9dients\u00a0: Luzerne biologique, millet d\u00e9cortiqu\u00e9 biologique, orge biologique, riz biologique, graines de tournesol d\u00e9cortiqu\u00e9es biologiques, graines de s\u00e9same non d\u00e9cortiqu\u00e9es biologiques, quinoa entier biologique, courge biologique, sarrasin d\u00e9cortiqu\u00e9 biologique, poudre de feuilles de pissenlit biologique, poudre de carotte biologique, poudre de feuilles d'\u00e9pinards biologiques, dulse pourpre biologique, varech, poudre de cynorrhodon biologique, cynorrhodon bio concass\u00e9, poudre d'\u00e9corce d'orange biologique, poudre d'\u00e9corce de citron biologique, biologique Feuilles de romarin enti\u00e8res, poivre de Cayenne bio moulu, piments rouges bio concass\u00e9s, feuilles d'ortie bio, cannelle. Analyse garantie\u00a0: Prot\u00e9ines brutes min. 13,6\u00a0%, Fibres brutes max. 8\u00a0%, Mati\u00e8res grasses brutes min. 5\u00a0%, Humidit\u00e9 max. 10,3\u00a0%. Calories\u00a0: 3,8 kcal\/g\"><span class=\"Y2IQFc\" lang=\"fr\">\u2022 Loris <\/span><\/p>\n<p class=\"tw-data-text tw-text-large tw-ta\" dir=\"ltr\" tabindex=\"-1\" role=\"text\" data-placeholder=\"Traduction\" data-ved=\"2ahUKEwixt5OmuoaTAxXALFkFHRgzB1YQ3ewLegQIBBAW\" aria-label=\"Texte traduit\u00a0: Les petites granul\u00e9s TOP\u2019s Small Pellets\u2122 sont certifi\u00e9es biologiques par l\u2019USDA et conviennent parfaitement aux perroquets de taille moyenne et petite, comme les conures, les perruches moines et les perroquets qui mangent directement dans leur gamelle. Ces granul\u00e9s sp\u00e9cialis\u00e9s, d'un diam\u00e8tre de 4 mm (5\/32&quot;), sont compos\u00e9s des m\u00eames ingr\u00e9dients que nos grands granul\u00e9s. Ils sont enti\u00e8rement naturels et ne contiennent aucun agent de remplissage comme le soja ou le ma\u00efs, ni colorants, ar\u00f4mes ou conservateurs artificiels, bl\u00e9, noix ou saccharose\/sucre. Sans BHA, BHT ni \u00e9thoxyquine. Recommand\u00e9s pour les perroquets de petite taille, tels que\u00a0: \u2022 Conures \u2022 Perruches moines \u2022 Loris \u2022 Perruches du S\u00e9n\u00e9gal \u2022 Ca\u00efques \u2022 Pionus Ingr\u00e9dients\u00a0: Luzerne biologique, millet d\u00e9cortiqu\u00e9 biologique, orge biologique, riz biologique, graines de tournesol d\u00e9cortiqu\u00e9es biologiques, graines de s\u00e9same non d\u00e9cortiqu\u00e9es biologiques, quinoa entier biologique, courge biologique, sarrasin d\u00e9cortiqu\u00e9 biologique, poudre de feuilles de pissenlit biologique, poudre de carotte biologique, poudre de feuilles d'\u00e9pinards biologiques, dulse pourpre biologique, varech, poudre de cynorrhodon biologique, cynorrhodon bio concass\u00e9, poudre d'\u00e9corce d'orange biologique, poudre d'\u00e9corce de citron biologique, biologique Feuilles de romarin enti\u00e8res, poivre de Cayenne bio moulu, piments rouges bio concass\u00e9s, feuilles d'ortie bio, cannelle. Analyse garantie\u00a0: Prot\u00e9ines brutes min. 13,6\u00a0%, Fibres brutes max. 8\u00a0%, Mati\u00e8res grasses brutes min. 5\u00a0%, Humidit\u00e9 max. 10,3\u00a0%. Calories\u00a0: 3,8 kcal\/g\"><span class=\"Y2IQFc\" lang=\"fr\">\u2022 Youyou du S\u00e9n\u00e9gal <\/span><\/p>\n<p class=\"tw-data-text tw-text-large tw-ta\" dir=\"ltr\" tabindex=\"-1\" role=\"text\" data-placeholder=\"Traduction\" data-ved=\"2ahUKEwixt5OmuoaTAxXALFkFHRgzB1YQ3ewLegQIBBAW\" aria-label=\"Texte traduit\u00a0: Les petites granul\u00e9s TOP\u2019s Small Pellets\u2122 sont certifi\u00e9es biologiques par l\u2019USDA et conviennent parfaitement aux perroquets de taille moyenne et petite, comme les conures, les perruches moines et les perroquets qui mangent directement dans leur gamelle. Ces granul\u00e9s sp\u00e9cialis\u00e9s, d'un diam\u00e8tre de 4 mm (5\/32&quot;), sont compos\u00e9s des m\u00eames ingr\u00e9dients que nos grands granul\u00e9s. Ils sont enti\u00e8rement naturels et ne contiennent aucun agent de remplissage comme le soja ou le ma\u00efs, ni colorants, ar\u00f4mes ou conservateurs artificiels, bl\u00e9, noix ou saccharose\/sucre. Sans BHA, BHT ni \u00e9thoxyquine. Recommand\u00e9s pour les perroquets de petite taille, tels que\u00a0: \u2022 Conures \u2022 Perruches moines \u2022 Loris \u2022 Perruches du S\u00e9n\u00e9gal \u2022 Ca\u00efques \u2022 Pionus Ingr\u00e9dients\u00a0: Luzerne biologique, millet d\u00e9cortiqu\u00e9 biologique, orge biologique, riz biologique, graines de tournesol d\u00e9cortiqu\u00e9es biologiques, graines de s\u00e9same non d\u00e9cortiqu\u00e9es biologiques, quinoa entier biologique, courge biologique, sarrasin d\u00e9cortiqu\u00e9 biologique, poudre de feuilles de pissenlit biologique, poudre de carotte biologique, poudre de feuilles d'\u00e9pinards biologiques, dulse pourpre biologique, varech, poudre de cynorrhodon biologique, cynorrhodon bio concass\u00e9, poudre d'\u00e9corce d'orange biologique, poudre d'\u00e9corce de citron biologique, biologique Feuilles de romarin enti\u00e8res, poivre de Cayenne bio moulu, piments rouges bio concass\u00e9s, feuilles d'ortie bio, cannelle. Analyse garantie\u00a0: Prot\u00e9ines brutes min. 13,6\u00a0%, Fibres brutes max. 8\u00a0%, Mati\u00e8res grasses brutes min. 5\u00a0%, Humidit\u00e9 max. 10,3\u00a0%. Calories\u00a0: 3,8 kcal\/g\"><span class=\"Y2IQFc\" lang=\"fr\">\u2022 Ca\u00efques <\/span><\/p>\n<p class=\"tw-data-text tw-text-large tw-ta\" dir=\"ltr\" tabindex=\"-1\" role=\"text\" data-placeholder=\"Traduction\" data-ved=\"2ahUKEwixt5OmuoaTAxXALFkFHRgzB1YQ3ewLegQIBBAW\" aria-label=\"Texte traduit\u00a0: Les petites granul\u00e9s TOP\u2019s Small Pellets\u2122 sont certifi\u00e9es biologiques par l\u2019USDA et conviennent parfaitement aux perroquets de taille moyenne et petite, comme les conures, les perruches moines et les perroquets qui mangent directement dans leur gamelle. Ces granul\u00e9s sp\u00e9cialis\u00e9s, d'un diam\u00e8tre de 4 mm (5\/32&quot;), sont compos\u00e9s des m\u00eames ingr\u00e9dients que nos grands granul\u00e9s. Ils sont enti\u00e8rement naturels et ne contiennent aucun agent de remplissage comme le soja ou le ma\u00efs, ni colorants, ar\u00f4mes ou conservateurs artificiels, bl\u00e9, noix ou saccharose\/sucre. Sans BHA, BHT ni \u00e9thoxyquine. Recommand\u00e9s pour les perroquets de petite taille, tels que\u00a0: \u2022 Conures \u2022 Perruches moines \u2022 Loris \u2022 Perruches du S\u00e9n\u00e9gal \u2022 Ca\u00efques \u2022 Pionus Ingr\u00e9dients\u00a0: Luzerne biologique, millet d\u00e9cortiqu\u00e9 biologique, orge biologique, riz biologique, graines de tournesol d\u00e9cortiqu\u00e9es biologiques, graines de s\u00e9same non d\u00e9cortiqu\u00e9es biologiques, quinoa entier biologique, courge biologique, sarrasin d\u00e9cortiqu\u00e9 biologique, poudre de feuilles de pissenlit biologique, poudre de carotte biologique, poudre de feuilles d'\u00e9pinards biologiques, dulse pourpre biologique, varech, poudre de cynorrhodon biologique, cynorrhodon bio concass\u00e9, poudre d'\u00e9corce d'orange biologique, poudre d'\u00e9corce de citron biologique, biologique Feuilles de romarin enti\u00e8res, poivre de Cayenne bio moulu, piments rouges bio concass\u00e9s, feuilles d'ortie bio, cannelle. Analyse garantie\u00a0: Prot\u00e9ines brutes min. 13,6\u00a0%, Fibres brutes max. 8\u00a0%, Mati\u00e8res grasses brutes min. 5\u00a0%, Humidit\u00e9 max. 10,3\u00a0%. Calories\u00a0: 3,8 kcal\/g\"><span class=\"Y2IQFc\" lang=\"fr\">\u2022 Pionus<\/span><\/p>\n<p class=\"tw-data-text tw-text-large tw-ta\" dir=\"ltr\" tabindex=\"-1\" role=\"text\" data-placeholder=\"Traduction\" data-ved=\"2ahUKEwixt5OmuoaTAxXALFkFHRgzB1YQ3ewLegQIBBAW\" aria-label=\"Texte traduit\u00a0: Les petites granul\u00e9s TOP\u2019s Small Pellets\u2122 sont certifi\u00e9es biologiques par l\u2019USDA et conviennent parfaitement aux perroquets de taille moyenne et petite, comme les conures, les perruches moines et les perroquets qui mangent directement dans leur gamelle. Ces granul\u00e9s sp\u00e9cialis\u00e9s, d'un diam\u00e8tre de 4 mm (5\/32&quot;), sont compos\u00e9s des m\u00eames ingr\u00e9dients que nos grands granul\u00e9s. Ils sont enti\u00e8rement naturels et ne contiennent aucun agent de remplissage comme le soja ou le ma\u00efs, ni colorants, ar\u00f4mes ou conservateurs artificiels, bl\u00e9, noix ou saccharose\/sucre. Sans BHA, BHT ni \u00e9thoxyquine. Recommand\u00e9s pour les perroquets de petite taille, tels que\u00a0: \u2022 Conures \u2022 Perruches moines \u2022 Loris \u2022 Perruches du S\u00e9n\u00e9gal \u2022 Ca\u00efques \u2022 Pionus Ingr\u00e9dients\u00a0: Luzerne biologique, millet d\u00e9cortiqu\u00e9 biologique, orge biologique, riz biologique, graines de tournesol d\u00e9cortiqu\u00e9es biologiques, graines de s\u00e9same non d\u00e9cortiqu\u00e9es biologiques, quinoa entier biologique, courge biologique, sarrasin d\u00e9cortiqu\u00e9 biologique, poudre de feuilles de pissenlit biologique, poudre de carotte biologique, poudre de feuilles d'\u00e9pinards biologiques, dulse pourpre biologique, varech, poudre de cynorrhodon biologique, cynorrhodon bio concass\u00e9, poudre d'\u00e9corce d'orange biologique, poudre d'\u00e9corce de citron biologique, biologique Feuilles de romarin enti\u00e8res, poivre de Cayenne bio moulu, piments rouges bio concass\u00e9s, feuilles d'ortie bio, cannelle. Analyse garantie\u00a0: Prot\u00e9ines brutes min. 13,6\u00a0%, Fibres brutes max. 8\u00a0%, Mati\u00e8res grasses brutes min. 5\u00a0%, Humidit\u00e9 max. 10,3\u00a0%. Calories\u00a0: 3,8 kcal\/g\"><span class=\"Y2IQFc\" lang=\"fr\"><strong> Ingr\u00e9dients\u00a0:<\/strong> Luzerne biologique, millet d\u00e9cortiqu\u00e9 biologique, orge biologique, riz biologique, graines de tournesol d\u00e9cortiqu\u00e9es biologiques, graines de s\u00e9same non d\u00e9cortiqu\u00e9es biologiques, quinoa entier biologique, courge biologique, sarrasin d\u00e9cortiqu\u00e9 biologique, poudre de feuilles de pissenlit biologique, poudre de carotte biologique, poudre de feuilles d&rsquo;\u00e9pinards biologiques, dulse pourpre biologique, varech, poudre de cynorrhodon biologique, cynorrhodon bio concass\u00e9, poudre d&rsquo;\u00e9corce d&rsquo;orange biologique, poudre d&rsquo;\u00e9corce de citron biologique, biologique Feuilles de romarin enti\u00e8res, poivre de Cayenne bio moulu, piments rouges bio concass\u00e9s, feuilles d&rsquo;ortie bio, cannelle. <\/span><\/p>\n<p class=\"tw-data-text tw-text-large tw-ta\" dir=\"ltr\" tabindex=\"-1\" role=\"text\" data-placeholder=\"Traduction\" data-ved=\"2ahUKEwixt5OmuoaTAxXALFkFHRgzB1YQ3ewLegQIBBAW\" aria-label=\"Texte traduit\u00a0: Les petites granul\u00e9s TOP\u2019s Small Pellets\u2122 sont certifi\u00e9es biologiques par l\u2019USDA et conviennent parfaitement aux perroquets de taille moyenne et petite, comme les conures, les perruches moines et les perroquets qui mangent directement dans leur gamelle. Ces granul\u00e9s sp\u00e9cialis\u00e9s, d'un diam\u00e8tre de 4 mm (5\/32&quot;), sont compos\u00e9s des m\u00eames ingr\u00e9dients que nos grands granul\u00e9s. Ils sont enti\u00e8rement naturels et ne contiennent aucun agent de remplissage comme le soja ou le ma\u00efs, ni colorants, ar\u00f4mes ou conservateurs artificiels, bl\u00e9, noix ou saccharose\/sucre. Sans BHA, BHT ni \u00e9thoxyquine. Recommand\u00e9s pour les perroquets de petite taille, tels que\u00a0: \u2022 Conures \u2022 Perruches moines \u2022 Loris \u2022 Perruches du S\u00e9n\u00e9gal \u2022 Ca\u00efques \u2022 Pionus Ingr\u00e9dients\u00a0: Luzerne biologique, millet d\u00e9cortiqu\u00e9 biologique, orge biologique, riz biologique, graines de tournesol d\u00e9cortiqu\u00e9es biologiques, graines de s\u00e9same non d\u00e9cortiqu\u00e9es biologiques, quinoa entier biologique, courge biologique, sarrasin d\u00e9cortiqu\u00e9 biologique, poudre de feuilles de pissenlit biologique, poudre de carotte biologique, poudre de feuilles d'\u00e9pinards biologiques, dulse pourpre biologique, varech, poudre de cynorrhodon biologique, cynorrhodon bio concass\u00e9, poudre d'\u00e9corce d'orange biologique, poudre d'\u00e9corce de citron biologique, biologique Feuilles de romarin enti\u00e8res, poivre de Cayenne bio moulu, piments rouges bio concass\u00e9s, feuilles d'ortie bio, cannelle. Analyse garantie\u00a0: Prot\u00e9ines brutes min. 13,6\u00a0%, Fibres brutes max. 8\u00a0%, Mati\u00e8res grasses brutes min. 5\u00a0%, Humidit\u00e9 max. 10,3\u00a0%. Calories\u00a0: 3,8 kcal\/g\"><span class=\"Y2IQFc\" lang=\"fr\"><strong>Analyse garantie\u00a0:<\/strong> Prot\u00e9ines brutes min. 13,6\u00a0%, Fibres brutes max. 8\u00a0%, Mati\u00e8res grasses brutes min. 5\u00a0%, Humidit\u00e9 max. 10,3\u00a0%. Calories\u00a0: 3,8 kcal\/g<\/span><\/p>\n<p>&nbsp;<\/p>\n<hr \/>\n<p>TOP\u2019s Small Pellets\u2122 are USDA Organic Certified and perfect for mid-size and smaller parrots, like conures, quakers, and parrots who eat directly out of the bowl.<\/p>\n<p>These specialized pellets, which measure 5\/32&Prime; in diameter and are made of the same ingredients as our large pellets, are all natural and do not contain any fillers, like soy or corn, artificial colors, flavors, preservatives, wheat, nuts or sucrose\/sugar. NO BHA, BHT or ethoxyquin. Recommended for smaller size parrots, such as:<\/p>\n<p>\u2022 Conures<\/p>\n<p>\u2022 Quakers<\/p>\n<p>\u2022 Lories<\/p>\n<p>\u2022 Senegals<\/p>\n<p>\u2022 Caiques<\/p>\n<p>\u2022 Pionus<\/p>\n<p><strong>Ingredients:<\/strong><\/p>\n<p>Organic alfalfa, organic hulled millet, organic barley, organic rice, organic sunflower seed hulled, organic sesame seeds unhulled, organic quinoa whole, organic pumpkin, organic buckwheat hulled, organic dandelion leaf powder, organic carrot powder, organic spinach leaf powder, organic purple dulse, kelp, organic rose hips powder, organic rose hips crushed, organic orange peel powder, organic lemon peel powder, organic rosemary whole leaf, organic cayenne ground, organic crushed red chili peppers, organic nettle leaf, cinnamon.<\/p>\n<p><strong>Guaranteed Analysis:<\/strong><br \/>\nCrude Protein min 13.6%, Crude Fiber max 8%, Crude Fat min 5%, Moisture max 10.3%. Calories: 3.8 kcal\/gram<\/p>","protected":false},"featured_media":18921,"template":"","meta":{"_acf_changed":false,"om_disable_all_campaigns":false,"_monsterinsights_skip_tracking":false,"_monsterinsights_sitenote_active":false,"_monsterinsights_sitenote_note":"","_monsterinsights_sitenote_category":0},"product_brand":[],"product_cat":[1867],"product_tag":[],"class_list":{"0":"post-18920","1":"product","2":"type-product","3":"status-publish","4":"has-post-thumbnail","6":"product_cat-nourriture-food","7":"product_shipping_class-frais-livraison-grains-par-5lb","9":"first","10":"outofstock","11":"shipping-taxable","12":"purchasable","13":"product-type-simple"},"acf":[],"aioseo_notices":[],"_links":{"self":[{"href":"https:\/\/www.perroquetsecours.com\/en\/wp-json\/wp\/v2\/product\/18920","targetHints":{"allow":["GET"]}}],"collection":[{"href":"https:\/\/www.perroquetsecours.com\/en\/wp-json\/wp\/v2\/product"}],"about":[{"href":"https:\/\/www.perroquetsecours.com\/en\/wp-json\/wp\/v2\/types\/product"}],"wp:featuredmedia":[{"embeddable":true,"href":"https:\/\/www.perroquetsecours.com\/en\/wp-json\/wp\/v2\/media\/18921"}],"wp:attachment":[{"href":"https:\/\/www.perroquetsecours.com\/en\/wp-json\/wp\/v2\/media?parent=18920"}],"wp:term":[{"taxonomy":"product_brand","embeddable":true,"href":"https:\/\/www.perroquetsecours.com\/en\/wp-json\/wp\/v2\/product_brand?post=18920"},{"taxonomy":"product_cat","embeddable":true,"href":"https:\/\/www.perroquetsecours.com\/en\/wp-json\/wp\/v2\/product_cat?post=18920"},{"taxonomy":"product_tag","embeddable":true,"href":"https:\/\/www.perroquetsecours.com\/en\/wp-json\/wp\/v2\/product_tag?post=18920"}],"curies":[{"name":"wp","href":"https:\/\/api.w.org\/{rel}","templated":true}]}}