{"id":18924,"date":"2026-03-05T01:18:17","date_gmt":"2026-03-05T05:18:17","guid":{"rendered":"https:\/\/www.perroquetsecours.com\/?post_type=product&#038;p=18924"},"modified":"2026-03-05T11:33:54","modified_gmt":"2026-03-05T15:33:54","slug":"tops-all-size-parrot-pellets-4lb","status":"publish","type":"product","link":"https:\/\/www.perroquetsecours.com\/en\/produit\/tops-all-size-parrot-pellets-4lb","title":{"rendered":"TOP&rsquo;s all size parrot pellets (4LB)"},"content":{"rendered":"","protected":false},"excerpt":{"rendered":"<pre id=\"tw-target-text\" class=\"tw-data-text tw-text-large tw-ta\" dir=\"ltr\" tabindex=\"-1\" role=\"text\" data-placeholder=\"Traduction\" data-ved=\"2ahUKEwi7w8i3iImTAxXjF1kFHSzrIdoQ3ewLegQIBBAW\" aria-label=\"Texte traduit\u00a0: Les granul\u00e9s pour perroquets TOP\u2019s Parrot Pellets\u2122 sont certifi\u00e9s biologiques par l\u2019USDA et conviennent parfaitement aux perroquets de toutes tailles, des aras aux perruches. Nos granul\u00e9s exclusifs, d'un diam\u00e8tre de 6 mm (1\/4 po), sont fabriqu\u00e9s \u00e0 partir d'ingr\u00e9dients biologiques am\u00e9ricains et press\u00e9s \u00e0 froid pour pr\u00e9server leurs qualit\u00e9s nutritionnelles naturelles.Donnez \u00e0 votre perroquet la quantit\u00e9 qu'il souhaite chaque jour. Les granul\u00e9s TOP pour perroquets sont une source naturelle de vitamines, min\u00e9raux, acides amin\u00e9s et autres nutriments essentiels \u00e0 sa sant\u00e9 et \u00e0 son bien-\u00eatre. Conserv\u00e9s naturellement avec du romarin, des cynorrhodons, du citron et des \u00e9corces d'orange, ils sont garantis sans OGM.Les granul\u00e9s TOP de qualit\u00e9 sup\u00e9rieure ne contiennent aucun agent de remplissage, comme le soja ou le ma\u00efs, ni BHA, BHT ou \u00e9thoxyquine. Nous utilisons uniquement des ingr\u00e9dients frais et naturels et excluons tout colorant, ar\u00f4me, conservateur ou sucre artificiels.La plupart de nos clients commandent ces granul\u00e9s plus gros pour les grands oiseaux tels que\u00a0:\u2022 Aras\u2022 Gris du Gabon\u2022 Cacato\u00e8s\u2022 Amazones\u2022 Eclectus\u2022 Ca\u00efquesIngr\u00e9dients\u00a0:Luzerne biologique, millet d\u00e9cortiqu\u00e9 biologique, amidon biologique Orge, riz biologique, graines de tournesol biologiques d\u00e9cortiqu\u00e9es, graines de s\u00e9same biologiques non d\u00e9cortiqu\u00e9es, quinoa biologique complet, potiron biologique, sarrasin biologique d\u00e9cortiqu\u00e9, poudre de feuilles de pissenlit biologique, poudre de carotte biologique, poudre de feuilles d'\u00e9pinards biologiques, dulse pourpre biologique, varech, poudre de cynorrhodon biologique, cynorrhodon biologique concass\u00e9, poudre d'\u00e9corce d'orange biologique, poudre d'\u00e9corce de citron biologique, romarin biologique entier, poivre de Cayenne biologique moulu, piments rouges biologiques concass\u00e9s, feuilles d'ortie biologique, cannelle biologique.Analyse garantie\u00a0:Prot\u00e9ines brutes min. 12\u00a0%, Fibres brutes max. 10,5\u00a0%, Mati\u00e8res grasses brutes min. 3,5\u00a0%, Humidit\u00e9 max. 12\u00a0%.Calories\u00a0: 2,7 kcal\/gVitamine A (sous forme de r\u00e9tinol)\u00a0: 3 UI\/100\u00a0gVitamine B1 (thiamine)\u00a0: 5,3\u00a0mg\/kgVitamine C\u00a0: 3\u00a0mg\/100\u00a0mgVitamine D3\u00a0: 94,9 UI\/kgVitamine E\u00a0: 52,7 UI\/kg\"><span class=\"Y2IQFc\" lang=\"fr\">Les granul\u00e9s pour perroquets TOP\u2019s Parrot Pellets\u2122 sont certifi\u00e9s biologiques par l\u2019USDA et conviennent parfaitement aux perroquets de toutes tailles, des aras aux perruches. Nos granul\u00e9s exclusifs, d'un diam\u00e8tre de 6 mm (1\/4 po), sont fabriqu\u00e9s \u00e0 partir d'ingr\u00e9dients biologiques am\u00e9ricains et press\u00e9s \u00e0 froid pour pr\u00e9server leurs qualit\u00e9s nutritionnelles naturelles.\r\n\r\nDonnez \u00e0 votre perroquet la quantit\u00e9 qu'il souhaite chaque jour. Les granul\u00e9s TOP pour perroquets sont une source naturelle de vitamines, min\u00e9raux, acides amin\u00e9s et autres nutriments essentiels \u00e0 sa sant\u00e9 et \u00e0 son bien-\u00eatre. Conserv\u00e9s naturellement avec du romarin, des cynorrhodons, du citron et des \u00e9corces d'orange, ils sont garantis sans OGM.\r\n\r\nLes granul\u00e9s TOP de qualit\u00e9 sup\u00e9rieure ne contiennent aucun agent de remplissage, comme le soja ou le ma\u00efs, ni BHA, BHT ou \u00e9thoxyquine. Nous utilisons uniquement des ingr\u00e9dients frais et naturels et excluons tout colorant, ar\u00f4me, conservateur ou sucre artificiels.\r\n\r\nLa plupart de nos clients commandent ces granul\u00e9s plus gros pour les grands oiseaux tels que\u00a0:\r\n\r\n\u2022 Aras\r\n\r\n\u2022 Gris du Gabon\r\n\r\n\u2022 Cacato\u00e8s\r\n\r\n\u2022 Amazones\r\n\r\n\u2022 Eclectus\r\n\r\n\u2022 Ca\u00efques\r\n\r\n<\/span><span class=\"Y2IQFc\" lang=\"fr\"><strong> Ingr\u00e9dients\u00a0:<\/strong> Luzerne biologique, millet d\u00e9cortiqu\u00e9 biologique, orge biologique, riz biologique, graines de tournesol d\u00e9cortiqu\u00e9es biologiques, graines de s\u00e9same non d\u00e9cortiqu\u00e9es biologiques, quinoa entier biologique, courge biologique, sarrasin d\u00e9cortiqu\u00e9 biologique, poudre de feuilles de pissenlit biologique, poudre de carotte biologique, poudre de feuilles d'\u00e9pinards biologiques, dulse pourpre biologique, varech, poudre de cynorrhodon biologique, cynorrhodon bio concass\u00e9, poudre d'\u00e9corce d'orange biologique, poudre d'\u00e9corce de citron biologique, biologique Feuilles de romarin enti\u00e8res, poivre de Cayenne bio moulu, piments rouges bio concass\u00e9s, feuilles d'ortie bio, cannelle. <\/span><\/pre>\n<p class=\"tw-data-text tw-text-large tw-ta\" dir=\"ltr\" tabindex=\"-1\" role=\"text\" data-placeholder=\"Traduction\" data-ved=\"2ahUKEwixt5OmuoaTAxXALFkFHRgzB1YQ3ewLegQIBBAW\" aria-label=\"Texte traduit\u00a0: Les petites granul\u00e9s TOP\u2019s Small Pellets\u2122 sont certifi\u00e9es biologiques par l\u2019USDA et conviennent parfaitement aux perroquets de taille moyenne et petite, comme les conures, les perruches moines et les perroquets qui mangent directement dans leur gamelle. Ces granul\u00e9s sp\u00e9cialis\u00e9s, d'un diam\u00e8tre de 4 mm (5\/32&quot;), sont compos\u00e9s des m\u00eames ingr\u00e9dients que nos grands granul\u00e9s. Ils sont enti\u00e8rement naturels et ne contiennent aucun agent de remplissage comme le soja ou le ma\u00efs, ni colorants, ar\u00f4mes ou conservateurs artificiels, bl\u00e9, noix ou saccharose\/sucre. Sans BHA, BHT ni \u00e9thoxyquine. Recommand\u00e9s pour les perroquets de petite taille, tels que\u00a0: \u2022 Conures \u2022 Perruches moines \u2022 Loris \u2022 Perruches du S\u00e9n\u00e9gal \u2022 Ca\u00efques \u2022 Pionus Ingr\u00e9dients\u00a0: Luzerne biologique, millet d\u00e9cortiqu\u00e9 biologique, orge biologique, riz biologique, graines de tournesol d\u00e9cortiqu\u00e9es biologiques, graines de s\u00e9same non d\u00e9cortiqu\u00e9es biologiques, quinoa entier biologique, courge biologique, sarrasin d\u00e9cortiqu\u00e9 biologique, poudre de feuilles de pissenlit biologique, poudre de carotte biologique, poudre de feuilles d'\u00e9pinards biologiques, dulse pourpre biologique, varech, poudre de cynorrhodon biologique, cynorrhodon bio concass\u00e9, poudre d'\u00e9corce d'orange biologique, poudre d'\u00e9corce de citron biologique, biologique Feuilles de romarin enti\u00e8res, poivre de Cayenne bio moulu, piments rouges bio concass\u00e9s, feuilles d'ortie bio, cannelle. Analyse garantie\u00a0: Prot\u00e9ines brutes min. 13,6\u00a0%, Fibres brutes max. 8\u00a0%, Mati\u00e8res grasses brutes min. 5\u00a0%, Humidit\u00e9 max. 10,3\u00a0%. Calories\u00a0: 3,8 kcal\/g\"><span class=\"Y2IQFc\" lang=\"fr\"><strong>Analyse garantie\u00a0:<\/strong> Prot\u00e9ines brutes min. 13,6\u00a0%, Fibres brutes max. 8\u00a0%, Mati\u00e8res grasses brutes min. 5\u00a0%, Humidit\u00e9 max. 10,3\u00a0%. Calories\u00a0: 3,8 kcal\/g<\/span><\/p>\n<p>&nbsp;<\/p>\n<hr \/>\n<p>TOP\u2019s Parrot Pellets\u2122 are USDA Organic Certified and perfect for parrots of all sizes, from macaws to budgies. Our signature, proprietary pellets, which measure 1\/4&Prime; in diameter, are made with all organic ingredients from the United States and are cold-pressed to keep the natural nutrition intact.<\/p>\n<p>Feed your companion approximately as much as they want each day, as TOP\u2019s Parrot Pellets are a natural source of vitamins, minerals, amino acids, and other nutrients for a happy and healthy parrot. Naturally preserved with Rosemary, Rose Hips, Lemon and Orange Peel and are non GMO.<\/p>\n<p>TOP\u2019s outstanding pellets do not contain any fillers, like soy or corn, or BHA, BHT or ethoxyquin. We use only fresh, natural ingredients and avoid all artificial colors, flavors, preservatives, or sucrose\/sugar.<\/p>\n<p>Most customers order these larger pellets for bigger birds such as:<\/p>\n<p>\u2022 Macaws<\/p>\n<p>\u2022 African Greys<\/p>\n<p>\u2022 Cockatoos<\/p>\n<p>\u2022 Amazons<\/p>\n<p>\u2022 Eclectus<\/p>\n<p>\u2022 Caiques<\/p>\n<p><strong>Ingredients:<\/strong><\/p>\n<p>Organic alfalfa, organic hulled millet, organic barley, organic rice, organic sunflower seed hulled, organic sesame seeds unhulled, organic quinoa whole, organic pumpkin, organic buckwheat hulled, organic dandelion leaf powder, organic carrot powder, organic spinach leaf powder, organic purple dulse, kelp, organic rose hips powder, organic rose hips crushed, organic orange peel powder, organic lemon peel powder, organic rosemary whole leaf, organic cayenne ground, organic crushed red chili peppers, organic nettle leaf, cinnamon.<\/p>\n<p><strong>Guaranteed Analysis:<\/strong><br \/>\nCrude Protein min 13.6%, Crude Fiber max 8%, Crude Fat min 5%, Moisture max 10.3%. Calories: 3.8 kcal\/gram<\/p>","protected":false},"featured_media":18925,"template":"","meta":{"_acf_changed":false,"om_disable_all_campaigns":false,"_monsterinsights_skip_tracking":false,"_monsterinsights_sitenote_active":false,"_monsterinsights_sitenote_note":"","_monsterinsights_sitenote_category":0},"product_brand":[],"product_cat":[1867],"product_tag":[],"class_list":{"0":"post-18924","1":"product","2":"type-product","3":"status-publish","4":"has-post-thumbnail","6":"product_cat-nourriture-food","7":"product_shipping_class-frais-livraison-grains-par-5lb","9":"first","10":"instock","11":"shipping-taxable","12":"purchasable","13":"product-type-simple"},"acf":[],"aioseo_notices":[],"_links":{"self":[{"href":"https:\/\/www.perroquetsecours.com\/en\/wp-json\/wp\/v2\/product\/18924","targetHints":{"allow":["GET"]}}],"collection":[{"href":"https:\/\/www.perroquetsecours.com\/en\/wp-json\/wp\/v2\/product"}],"about":[{"href":"https:\/\/www.perroquetsecours.com\/en\/wp-json\/wp\/v2\/types\/product"}],"wp:featuredmedia":[{"embeddable":true,"href":"https:\/\/www.perroquetsecours.com\/en\/wp-json\/wp\/v2\/media\/18925"}],"wp:attachment":[{"href":"https:\/\/www.perroquetsecours.com\/en\/wp-json\/wp\/v2\/media?parent=18924"}],"wp:term":[{"taxonomy":"product_brand","embeddable":true,"href":"https:\/\/www.perroquetsecours.com\/en\/wp-json\/wp\/v2\/product_brand?post=18924"},{"taxonomy":"product_cat","embeddable":true,"href":"https:\/\/www.perroquetsecours.com\/en\/wp-json\/wp\/v2\/product_cat?post=18924"},{"taxonomy":"product_tag","embeddable":true,"href":"https:\/\/www.perroquetsecours.com\/en\/wp-json\/wp\/v2\/product_tag?post=18924"}],"curies":[{"name":"wp","href":"https:\/\/api.w.org\/{rel}","templated":true}]}}