{"id":18929,"date":"2026-03-05T11:14:30","date_gmt":"2026-03-05T15:14:30","guid":{"rendered":"https:\/\/www.perroquetsecours.com\/?post_type=product&#038;p=18929"},"modified":"2026-04-15T18:58:28","modified_gmt":"2026-04-15T22:58:28","slug":"tops-mini-pellets-for-hookbills-1lb","status":"publish","type":"product","link":"https:\/\/www.perroquetsecours.com\/en\/produit\/tops-mini-pellets-for-hookbills-1lb","title":{"rendered":"TOP&rsquo;s mini parrot pellets (1LB)"},"content":{"rendered":"","protected":false},"excerpt":{"rendered":"<pre id=\"tw-target-text\" class=\"tw-data-text tw-text-large tw-ta\" dir=\"ltr\" tabindex=\"-1\" role=\"text\" data-placeholder=\"Traduction\" data-ved=\"2ahUKEwi7w8i3iImTAxXjF1kFHSzrIdoQ3ewLegQIBBAW\" aria-label=\"Texte traduit\u00a0: Les mini-granul\u00e9s TOP pour oiseaux \u00e0 bec crochu sont certifi\u00e9s biologiques par l'USDA et sont parfaits pour les plus petits perroquets comme les perruches ondul\u00e9es, les ins\u00e9parables, les perruches naines et les perruches ondul\u00e9es. Ces granul\u00e9s exclusifs, d'un diam\u00e8tre de seulement 2,4 mm (leur longueur peut varier en raison du proc\u00e9d\u00e9 de pression \u00e0 froid), sont compos\u00e9s \u00e0 100 % d'ingr\u00e9dients biologiques (les m\u00eames que ceux des autres granul\u00e9s TOP) provenant des \u00c9tats-Unis et press\u00e9s \u00e0 froid pour pr\u00e9server leurs qualit\u00e9s nutritionnelles naturelles.Donnez \u00e0 votre petit compagnon la quantit\u00e9 qu'il souhaite chaque jour. Les mini-granul\u00e9s TOP constituent une source naturelle de vitamines, min\u00e9raux, acides amin\u00e9s et autres nutriments essentiels \u00e0 la sant\u00e9 et au bien-\u00eatre de votre perroquet. Conserv\u00e9s naturellement avec du romarin, des cynorrhodons, du citron et des \u00e9corces d'orange, ils sont garantis sans OGM.Les mini-granul\u00e9s TOP sont d'une qualit\u00e9 exceptionnelle et ne contiennent aucun agent de remplissage comme le soja ou le ma\u00efs, ni BHA, BHT ou \u00e9thoxyquine. Nous utilisons uniquement des ingr\u00e9dients frais et naturels, sans colorants, ar\u00f4mes, conservateurs ni saccharose\/sucre artificiels.Ces mini-granul\u00e9s sont particuli\u00e8rement recommand\u00e9s pour les tr\u00e8s petits oiseaux, tels que\u00a0:\u2022 Perruches ondul\u00e9es\u2022 Calopsittes\u2022 Perruches naines\u2022 Ins\u00e9parables\u2022 PerruchesIngr\u00e9dients :Luzerne biologique, millet d\u00e9cortiqu\u00e9 biologique, orge biologique, riz biologique, graines de tournesol d\u00e9cortiqu\u00e9es biologiques, graines de s\u00e9same non d\u00e9cortiqu\u00e9es biologiques, quinoa complet biologique, potiron biologique, sarrasin d\u00e9cortiqu\u00e9 biologique, poudre de feuilles de pissenlit biologique, poudre de carotte biologique, poudre de feuilles d'\u00e9pinards biologiques, dulse pourpre biologique, varech, poudre de cynorrhodon biologique, cynorrhodon bio concass\u00e9, poudre d'\u00e9corce d'orange biologique, poudre d'\u00e9corce de citron biologique, romarin entier biologique, poivre de Cayenne moulu biologique, piments rouges concass\u00e9s biologiques, feuilles d'ortie biologiques, cannelle.Analyse garantie :Prot\u00e9ines brutes min. 13,6 %, Fibres brutes max. 8 %, Mati\u00e8res grasses brutes min. 5 %, Humidit\u00e9 max. 10,3 %.Calories : 3,8 kcal\/g\"><span class=\"Y2IQFc\" lang=\"fr\">Les mini-granul\u00e9s TOP pour oiseaux \u00e0 bec crochu sont certifi\u00e9s biologiques par l'USDA et sont parfaits pour les plus petits perroquets comme les perruches ondul\u00e9es, les ins\u00e9parables, les perruches naines et les perruches ondul\u00e9es. Ces granul\u00e9s exclusifs, d'un diam\u00e8tre de seulement 2,4 mm (leur longueur peut varier en raison du proc\u00e9d\u00e9 de pression \u00e0 froid), sont compos\u00e9s \u00e0 100 % d'ingr\u00e9dients biologiques (les m\u00eames que ceux des autres granul\u00e9s TOP) provenant des \u00c9tats-Unis et press\u00e9s \u00e0 froid pour pr\u00e9server leurs qualit\u00e9s nutritionnelles naturelles.\r\n\r\nDonnez \u00e0 votre petit compagnon la quantit\u00e9 qu'il souhaite chaque jour. Les mini-granul\u00e9s TOP constituent une source naturelle de vitamines, min\u00e9raux, acides amin\u00e9s et autres nutriments essentiels \u00e0 la sant\u00e9 et au bien-\u00eatre de votre perroquet. Conserv\u00e9s naturellement avec du romarin, des cynorrhodons, du citron et des \u00e9corces d'orange, ils sont garantis sans OGM.\r\n\r\nLes mini-granul\u00e9s TOP sont d'une qualit\u00e9 exceptionnelle et ne contiennent aucun agent de remplissage comme le soja ou le ma\u00efs, ni BHA, BHT ou \u00e9thoxyquine. Nous utilisons uniquement des ingr\u00e9dients frais et naturels, sans colorants, ar\u00f4mes, conservateurs ni saccharose\/sucre artificiels.\r\n\r\nCes mini-granul\u00e9s sont particuli\u00e8rement recommand\u00e9s pour les tr\u00e8s petits oiseaux, tels que\u00a0:\r\n\r\n\u2022 Perruches ondul\u00e9es\r\n\r\n\u2022 Calopsittes\r\n\r\n\u2022 Perruches naines\r\n\r\n\u2022 Ins\u00e9parables\r\n\r\n\u2022 Perruches\r\n\r\nIngr\u00e9dients :\r\n\r\nLuzerne biologique, millet d\u00e9cortiqu\u00e9 biologique, orge biologique, riz biologique, graines de tournesol d\u00e9cortiqu\u00e9es biologiques, graines de s\u00e9same non d\u00e9cortiqu\u00e9es biologiques, quinoa complet biologique, potiron biologique, sarrasin d\u00e9cortiqu\u00e9 biologique, poudre de feuilles de pissenlit biologique, poudre de carotte biologique, poudre de feuilles d'\u00e9pinards biologiques, dulse pourpre biologique, varech, poudre de cynorrhodon biologique, cynorrhodon bio concass\u00e9, poudre d'\u00e9corce d'orange biologique, poudre d'\u00e9corce de citron biologique, romarin entier biologique, poivre de Cayenne moulu biologique, piments rouges concass\u00e9s biologiques, feuilles d'ortie biologiques, cannelle.\r\n\r\nAnalyse garantie :\r\n\r\nProt\u00e9ines brutes min. 13,6 %, Fibres brutes max. 8 %, Mati\u00e8res grasses brutes min. 5 %, Humidit\u00e9 max. 10,3 %.\r\n\r\nCalories : 3,8 kcal\/g<\/span><\/pre>\n<hr \/>\n<p>TOP\u2019s Mini Pellets for Hookbills are USDA Organic Certified and perfect for the smallest of parrots\u00a0like budgies, lovebirds, parrotlets and parakeets.\u00a0The proprietary\u00a0pellets, which measure just 3\/32&Prime; in diameter (and will vary in length due to the cold-press process), are\u00a0made with\u00a0100 percent organic ingredients (and same ingredients as the other TOP&rsquo;s pellets) from\u00a0the United States and\u00a0are cold-pressed to keep the natural nutrition intact.<\/p>\n<p>Feed your small companion approximately as much as they want each day, as TOP\u2019s\u00a0Mini Pellets are<b>\u00a0<\/b>a natural source of vitamins, minerals, amino acids, and other nutrients for a happy and healthy parrot.\u00a0Naturally\u00a0preserved with Rosemary, Rose Hips, Lemon and Orange Peel and are non GMO.<\/p>\n<p>TOP\u2019s outstanding mini pellets\u00a0do\u00a0not\u00a0contain any fillers, like soy or corn, or\u00a0BHA, BHT or ethoxyquin.\u00a0We use only fresh, natural ingredients and avoid all\u00a0artificial colors, flavors, preservatives,\u00a0and sucrose\/sugar.<\/p>\n<p>Most customers order these\u00a0mini pellets for the smallest birds such as:<\/p>\n<p class=\"p1\">\u2022\u00a0Budgies<\/p>\n<p class=\"p1\">\u2022\u00a0Cockatiels<\/p>\n<p class=\"p1\">\u2022\u00a0Parrotlets<\/p>\n<p class=\"p1\">\u2022\u00a0Lovebirds<\/p>\n<p class=\"p1\">\u2022\u00a0Parakeets<\/p>\n<p><strong>Ingredients:<\/strong><\/p>\n<p>Organic\u00a0alfalfa, organic hulled millet, organic barley, organic rice, organic sunflower seed hulled, organic sesame seeds unhulled, organic quinoa whole,\u00a0organic pumpkin,\u00a0organic buckwheat hulled, organic dandelion leaf powder, organic carrot powder, organic spinach leaf powder, organic purple dulse, kelp, organic rose hips powder, organic rose hips crushed, organic orange peel powder, organic lemon peel powder, organic rosemary whole leaf, organic cayenne ground, organic crushed red chili peppers, organic nettle leaf, cinnamon.<\/p>\n<p><strong>Guaranteed Analysis:<br \/>\n<\/strong>Crude Protein min 13.6%, Crude Fiber\u00a0max 8%,\u00a0Crude\u00a0Fat min\u00a05%, Moisture max 10.3%.<\/p>\n<p>Calories: 3.8 kcal\/gram<\/p>","protected":false},"featured_media":18930,"template":"","meta":{"_acf_changed":false,"om_disable_all_campaigns":false,"_monsterinsights_skip_tracking":false,"_monsterinsights_sitenote_active":false,"_monsterinsights_sitenote_note":"","_monsterinsights_sitenote_category":0},"product_brand":[],"product_cat":[1867],"product_tag":[],"class_list":{"0":"post-18929","1":"product","2":"type-product","3":"status-publish","4":"has-post-thumbnail","6":"product_cat-nourriture-food","7":"product_shipping_class-frais-livraison-grains-par-lb","9":"first","10":"outofstock","11":"shipping-taxable","12":"purchasable","13":"product-type-simple"},"acf":[],"aioseo_notices":[],"_links":{"self":[{"href":"https:\/\/www.perroquetsecours.com\/en\/wp-json\/wp\/v2\/product\/18929","targetHints":{"allow":["GET"]}}],"collection":[{"href":"https:\/\/www.perroquetsecours.com\/en\/wp-json\/wp\/v2\/product"}],"about":[{"href":"https:\/\/www.perroquetsecours.com\/en\/wp-json\/wp\/v2\/types\/product"}],"wp:featuredmedia":[{"embeddable":true,"href":"https:\/\/www.perroquetsecours.com\/en\/wp-json\/wp\/v2\/media\/18930"}],"wp:attachment":[{"href":"https:\/\/www.perroquetsecours.com\/en\/wp-json\/wp\/v2\/media?parent=18929"}],"wp:term":[{"taxonomy":"product_brand","embeddable":true,"href":"https:\/\/www.perroquetsecours.com\/en\/wp-json\/wp\/v2\/product_brand?post=18929"},{"taxonomy":"product_cat","embeddable":true,"href":"https:\/\/www.perroquetsecours.com\/en\/wp-json\/wp\/v2\/product_cat?post=18929"},{"taxonomy":"product_tag","embeddable":true,"href":"https:\/\/www.perroquetsecours.com\/en\/wp-json\/wp\/v2\/product_tag?post=18929"}],"curies":[{"name":"wp","href":"https:\/\/api.w.org\/{rel}","templated":true}]}}