{"id":18935,"date":"2026-03-05T11:48:26","date_gmt":"2026-03-05T15:48:26","guid":{"rendered":"https:\/\/www.perroquetsecours.com\/?post_type=product&#038;p=18935"},"modified":"2026-03-05T11:56:22","modified_gmt":"2026-03-05T15:56:22","slug":"tops-napoleons-seed-mix-1lb","status":"publish","type":"product","link":"https:\/\/www.perroquetsecours.com\/en\/produit\/tops-napoleons-seed-mix-1lb","title":{"rendered":"TOP&rsquo;s Napoleon&rsquo;s seed mix (1LB)"},"content":{"rendered":"","protected":false},"excerpt":{"rendered":"<pre id=\"tw-target-text\" class=\"tw-data-text tw-text-large tw-ta\" dir=\"ltr\" tabindex=\"-1\" role=\"text\" data-placeholder=\"Traduction\" data-ved=\"2ahUKEwi7w8i3iImTAxXjF1kFHSzrIdoQ3ewLegQIBBAW\" aria-label=\"Texte traduit\u00a0: De nombreux petits perroquets, comme les calopsittes, les perruches ondul\u00e9es et les perruches naines, se nourrissent au sol. Cela signifie qu'une bonne partie de leur alimentation quotidienne est compos\u00e9e de graines. La plupart des graines qu'ils consomment \u00e0 l'\u00e9tat sauvage sont germ\u00e9es. Lors de la germination (absorption d'humidit\u00e9), les graines sont pr\u00eates \u00e0 fournir les nutriments n\u00e9cessaires \u00e0 la croissance et au d\u00e9veloppement de la plante. Tous ces nutriments sont lib\u00e9r\u00e9s lorsque les graines sont tremp\u00e9es ou germ\u00e9es. Faites tremper le M\u00e9lange de Graines Napol\u00e9on\u2122 de TOP pour offrir ces nutriments aux oiseaux. Certifi\u00e9 biologique par l'USDA. Le M\u00e9lange de Graines Napol\u00e9on est id\u00e9al pour les petits perroquets comme les calopsittes, les perruches naines, les conures, les moineaux, les ins\u00e9parables et les perruches ondul\u00e9es. Servez-le sec ou apr\u00e8s trempage pendant 8 \u00e0 10 heures. Ingr\u00e9dients : Gruau d'avoine biologique, millet biologique, graines de lin biologiques, graines de s\u00e9same biologiques et sarrasin biologique. Analyse garantie\u00a0: Prot\u00e9ines brutes min. 12,9\u00a0%, Fibres brutes max. 0,4\u00a0%, Mati\u00e8res grasses brutes min. 9,0\u00a0%, Humidit\u00e9 max. 6,0\u00a0%. Mode d\u2019emploi\u00a0: Donnez le m\u00e9lange de graines sec \u00e0 votre oiseau, OU faites tremper une dose de m\u00e9lange de graines TOP's Napoleon dans trois doses d'eau \u00e0 temp\u00e9rature ambiante pendant 8 \u00e0 12\u00a0heures. Vous pouvez \u00e9galement ajouter quelques gouttes de vinaigre de cidre \u00e0 l'eau de trempage pour un nettoyage plus efficace. Apr\u00e8s le trempage, \u00e9gouttez et rincez \u00e0 l'eau avant de donner le m\u00e9lange \u00e0 votre perroquet. Conservez les restes au r\u00e9frig\u00e9rateur pendant quelques jours. Rincez \u00e0 nouveau avant de donner le m\u00e9lange \u00e0 votre perroquet. Apprenez-en davantage sur le trempage des graines TOP's dans cette vid\u00e9o. Conservation\u00a0: Conservez dans un endroit frais et sec, \u00e0 l'abri des insectes. Une fois ouvert, refermez le sachet dans son emballage d'origine ou un emballage similaire et consommez-le dans les 10 \u00e0 12\u00a0semaines. Les graines peuvent \u00eatre congel\u00e9es pour prolonger leur dur\u00e9e de conservation. \u00c0 traiter comme tout autre aliment et \u00e0 consommer dans les six mois suivant l'ouverture du sachet et sa cong\u00e9lation.\"><span class=\"Y2IQFc\" lang=\"fr\">De nombreux petits perroquets, comme les calopsittes, les perruches ondul\u00e9es et les perruches naines, se nourrissent au sol. Cela signifie qu'une bonne partie de leur alimentation quotidienne est compos\u00e9e de graines. La plupart des graines qu'ils consomment \u00e0 l'\u00e9tat sauvage sont germ\u00e9es. Lors de la germination (absorption d'humidit\u00e9), les graines sont pr\u00eates \u00e0 fournir les nutriments n\u00e9cessaires \u00e0 la croissance et au d\u00e9veloppement de la plante. Tous ces nutriments sont lib\u00e9r\u00e9s lorsque les graines sont tremp\u00e9es ou germ\u00e9es. Faites tremper le M\u00e9lange de Graines Napol\u00e9on\u2122 de TOP pour offrir ces nutriments aux oiseaux.\r\n\r\nCertifi\u00e9 biologique par l'USDA.\r\n\r\nLe M\u00e9lange de Graines Napol\u00e9on est id\u00e9al pour les petits perroquets comme les calopsittes, les perruches naines, les conures, les moineaux, les ins\u00e9parables et les perruches ondul\u00e9es. Servez-le sec ou apr\u00e8s trempage pendant 8 \u00e0 10 heures.\r\n\r\n<strong>Ingr\u00e9dients :<\/strong>\r\nGruau d'avoine biologique, millet biologique, graines de lin biologiques, graines de s\u00e9same biologiques et sarrasin biologique.\r\n\r\n<strong>Analyse garantie\u00a0:<\/strong> Prot\u00e9ines brutes min. 12,9\u00a0%, Fibres brutes max. 0,4\u00a0%, Mati\u00e8res grasses brutes min. 9,0\u00a0%, Humidit\u00e9 max. 6,0\u00a0%.\r\n\r\n<strong>Mode d\u2019emploi\u00a0:<\/strong>\r\n\r\nDonnez le m\u00e9lange de graines sec \u00e0 votre oiseau, OU faites tremper une dose de m\u00e9lange de graines TOP's Napoleon dans trois doses d'eau \u00e0 temp\u00e9rature ambiante pendant 8 \u00e0 12\u00a0heures. Vous pouvez \u00e9galement ajouter quelques gouttes de vinaigre de cidre \u00e0 l'eau de trempage pour un nettoyage plus efficace. Apr\u00e8s le trempage, \u00e9gouttez et rincez \u00e0 l'eau avant de donner le m\u00e9lange \u00e0 votre perroquet.\r\n\r\nConservez les restes au r\u00e9frig\u00e9rateur pendant quelques jours. Rincez \u00e0 nouveau avant de donner le m\u00e9lange \u00e0 votre perroquet.\r\n\r\nApprenez-en davantage sur le trempage des graines TOP's dans cette vid\u00e9o.\r\n\r\n<strong>Conservation\u00a0:<\/strong>\r\n\r\nConservez dans un endroit frais et sec, \u00e0 l'abri des insectes. Une fois ouvert, refermez le sachet dans son emballage d'origine ou un emballage similaire et consommez-le dans les 10 \u00e0 12\u00a0semaines.\r\n\r\nLes graines peuvent \u00eatre congel\u00e9es pour prolonger leur dur\u00e9e de conservation. \u00c0 traiter comme tout autre aliment et \u00e0 consommer dans les six mois suivant l'ouverture du sachet et sa cong\u00e9lation.<\/span><\/pre>\n<p>&nbsp;<\/p>\n<hr \/>\n<p>Many small parrots, such as cockatiels, parakeets, and parrotlets, are ground feeders. That means a good amount of their daily food\u00a0consists of seeds. Many of the seeds they eat in\u00a0the wild\u00a0are germinated. When seeds germinate (soak up\/absorb humidity), they get ready to provide the necessary boost of nutrition for a plant to develop and grow. All of this nutrition is awakened when the seeds are soaked or germinated. Soak TOP&rsquo;s Napoleon\u2019s Seed Mix\u2122 and it releases this nutrition to the birds.<\/p>\n<p>USDA Organic Certified.<\/p>\n<p>Napoleon&rsquo;s Seed Mix is perfect for\u00a0smaller parrots like cockatiels, parrotlets, conures, quakers, lovebirds and parakeets (budgies).\u00a0Feed it to your bird dry or soak 8-10 hours.<\/p>\n<p><strong>Ingredients:<\/strong><br \/>\nOrganic Oat Groats, Organic Millet, Organic Flax Seeds, Organic Sesame Seeds and Organic Buckwheat.<\/p>\n<p><span class=\"s1\"><b>Guaranteed Analysis:\u00a0<\/b><\/span>Crude Protein min 12.9%, Crude Fiber max 0.4%, Crude Fat min 9.0%, Moisture max 6.0%.<\/p>\n<p><strong>Directions<\/strong><strong>:<\/strong><br \/>\nFeed the seed mix dry to your bird,\u00a0OR, soak one part TOP&rsquo;s Napoleon&rsquo;s Seed Mix in three parts of room temperature water for between 8 and 12 hours.\u00a0You can also add a few drops of apple cider vinegar to the soaking water for extra cleaning strength. After soaking, drain and rinse with water and feed to your parrot.<\/p>\n<p>Keep leftovers in the refrigerator for a few days. Rinse again before feeding.<\/p>\n<p>Learn more about soaking TOP&rsquo;s seeds\u00a0<a href=\"https:\/\/youtu.be\/jV-FnfFmcys?si=LjZN8R_Z-3Ncyzzv\">in this video<\/a>.<\/p>\n<p><strong>Storage:<br \/>\n<\/strong><span class=\"s1\">Store in a cool, dry place, free from insect infestation. Once opened for daily use, reseal in original or similar container and use within\u00a010-12\u00a0weeks.\u00a0<\/span><\/p>\n<p class=\"p1\"><span class=\"s1\">Seed\u00a0can be frozen to extend shelf life. Treat like any other food and use within six months of placing the opened bag in the freezer.\u00a0<\/span><\/p>","protected":false},"featured_media":18936,"template":"","meta":{"_acf_changed":false,"om_disable_all_campaigns":false,"_monsterinsights_skip_tracking":false,"_monsterinsights_sitenote_active":false,"_monsterinsights_sitenote_note":"","_monsterinsights_sitenote_category":0},"product_brand":[],"product_cat":[1867],"product_tag":[],"class_list":{"0":"post-18935","1":"product","2":"type-product","3":"status-publish","4":"has-post-thumbnail","6":"product_cat-nourriture-food","7":"product_shipping_class-frais-livraison-grains-par-lb","9":"first","10":"instock","11":"shipping-taxable","12":"purchasable","13":"product-type-simple"},"acf":[],"aioseo_notices":[],"_links":{"self":[{"href":"https:\/\/www.perroquetsecours.com\/en\/wp-json\/wp\/v2\/product\/18935","targetHints":{"allow":["GET"]}}],"collection":[{"href":"https:\/\/www.perroquetsecours.com\/en\/wp-json\/wp\/v2\/product"}],"about":[{"href":"https:\/\/www.perroquetsecours.com\/en\/wp-json\/wp\/v2\/types\/product"}],"wp:featuredmedia":[{"embeddable":true,"href":"https:\/\/www.perroquetsecours.com\/en\/wp-json\/wp\/v2\/media\/18936"}],"wp:attachment":[{"href":"https:\/\/www.perroquetsecours.com\/en\/wp-json\/wp\/v2\/media?parent=18935"}],"wp:term":[{"taxonomy":"product_brand","embeddable":true,"href":"https:\/\/www.perroquetsecours.com\/en\/wp-json\/wp\/v2\/product_brand?post=18935"},{"taxonomy":"product_cat","embeddable":true,"href":"https:\/\/www.perroquetsecours.com\/en\/wp-json\/wp\/v2\/product_cat?post=18935"},{"taxonomy":"product_tag","embeddable":true,"href":"https:\/\/www.perroquetsecours.com\/en\/wp-json\/wp\/v2\/product_tag?post=18935"}],"curies":[{"name":"wp","href":"https:\/\/api.w.org\/{rel}","templated":true}]}}