{"id":18942,"date":"2026-03-05T12:08:11","date_gmt":"2026-03-05T16:08:11","guid":{"rendered":"https:\/\/www.perroquetsecours.com\/?post_type=product&#038;p=18942"},"modified":"2026-04-02T20:29:34","modified_gmt":"2026-04-03T00:29:34","slug":"tops-marlene-mccohen-signature-blend-small-parrot-2-5lb","status":"publish","type":"product","link":"https:\/\/www.perroquetsecours.com\/en\/produit\/tops-marlene-mccohen-signature-blend-small-parrot-2-5lb","title":{"rendered":"TOP&rsquo;s Marlene Mc&rsquo;Cohen Signature blend small parrot (2.5LB)"},"content":{"rendered":"","protected":false},"excerpt":{"rendered":"<pre id=\"tw-target-text\" class=\"tw-data-text tw-text-large tw-ta\" dir=\"ltr\" tabindex=\"-1\" role=\"text\" data-placeholder=\"Traduction\" data-ved=\"2ahUKEwi7w8i3iImTAxXjF1kFHSzrIdoQ3ewLegQIBBAW\" aria-label=\"Texte traduit\u00a0: Le m\u00e9lange Signature prim\u00e9 de Marlene Mc'Cohen est une combinaison unique de granul\u00e9s, de graines et de noix certifi\u00e9s biologiques par l'USDA. Il en r\u00e9sulte un m\u00e9lange sain et nutritif pour nourrir votre volaille au quotidien.Ingr\u00e9dients et informations pour petits oiseaux\u00a0:Ingr\u00e9dients des granul\u00e9s\u00a0: Luzerne*, millet d\u00e9cortiqu\u00e9*, orge*, riz*, graines de tournesol d\u00e9cortiqu\u00e9es*, graines de s\u00e9same non d\u00e9cortiqu\u00e9es*, quinoa entier*, citrouille*, sarrasin d\u00e9cortiqu\u00e9*, poudre de feuilles de pissenlit*, poudre de carotte*, poudre de feuilles d'\u00e9pinards*, dulse pourpre*, varech*, poudre de cynorrhodon*, cynorrhodon concass\u00e9*, poudre d'\u00e9corce d'orange*, poudre d'\u00e9corce de citron*, romarin entier*, poivre de Cayenne moulu*, piments rouges concass\u00e9s*, feuilles d'ortie*, cannelle*. *BiologiqueGraines et noix : Orge*, Seigle*, Gruau d'avoine*, Millet d\u00e9cortiqu\u00e9*, Lin*, Graines de courge*, Chardon-Marie*, Noisettes (concass\u00e9es)*. *BiologiqueAnalyse garantie : Prot\u00e9ines brutes min. 13,6 %, Mati\u00e8res grasses brutes min. 5,8 %, Fibres brutes max. 8,5 %, Humidit\u00e9 max. 9,4 %.Conseils d'utilisation : Donnez \u00e0 votre oiseau la quantit\u00e9 qu'il consommera en une journ\u00e9e. Jetez les restes et renouvelez l'aliment chaque jour.Ne donnez pas d'aliments p\u00e9rim\u00e9s ou moisis.Consultez votre v\u00e9t\u00e9rinaire aviaire si vous avez des questions concernant l'alimentation de votre oiseau.Ne contient ni BHA, ni BHT, ni \u00e9thoxyquine. Sans colorants, ar\u00f4mes, vitamines, saccharose\/sucre ni conservateurs artificiels. Ne contient aucun produit ni sous-produit animal.Conservation\u00a0: \u00c0 conserver dans un endroit frais et sec, \u00e0 l\u2019abri des insectes. Ne pas r\u00e9frig\u00e9rer. Apr\u00e8s ouverture, bien refermer le sachet d\u2019origine ou un r\u00e9cipient similaire et consommer dans les trois mois.\"><span class=\"Y2IQFc\" lang=\"fr\">Le m\u00e9lange Signature prim\u00e9 de Marlene Mc'Cohen est une combinaison unique de granul\u00e9s, de graines et de noix certifi\u00e9s biologiques par l'USDA. Il en r\u00e9sulte un m\u00e9lange sain et nutritif pour nourrir votre volaille au quotidien.\r\n\r\n<strong>Ingr\u00e9dients et informations pour petits oiseaux\u00a0:<\/strong>\r\n\r\n<strong>Ingr\u00e9dients des granul\u00e9s\u00a0:<\/strong> Luzerne*, millet d\u00e9cortiqu\u00e9*, orge*, riz*, graines de tournesol d\u00e9cortiqu\u00e9es*, graines de s\u00e9same non d\u00e9cortiqu\u00e9es*, quinoa entier*, citrouille*, sarrasin d\u00e9cortiqu\u00e9*, poudre de feuilles de pissenlit*, poudre de carotte*, poudre de feuilles d'\u00e9pinards*, dulse pourpre*, varech*, poudre de cynorrhodon*, cynorrhodon concass\u00e9*, poudre d'\u00e9corce d'orange*, poudre d'\u00e9corce de citron*, romarin entier*, poivre de Cayenne moulu*, piments rouges concass\u00e9s*, feuilles d'ortie*, cannelle*. *Biologique\r\n\r\n<strong>Graines et noix :<\/strong> Orge*, Seigle*, Gruau d'avoine*, Millet d\u00e9cortiqu\u00e9*, Lin*, Graines de courge*, Chardon-Marie*, Noisettes (concass\u00e9es)*. *Biologique\r\n\r\n<strong>Analyse garantie :<\/strong> Prot\u00e9ines brutes min. 13,6 %, Mati\u00e8res grasses brutes min. 5,8 %, Fibres brutes max. 8,5 %, Humidit\u00e9 max. 9,4 %.\r\n\r\n<strong>Conseils d'utilisation :<\/strong> Donnez \u00e0 votre oiseau la quantit\u00e9 qu'il consommera en une journ\u00e9e. Jetez les restes et renouvelez l'aliment chaque jour.\r\n\r\nNe donnez pas d'aliments p\u00e9rim\u00e9s ou moisis.\r\n\r\nConsultez votre v\u00e9t\u00e9rinaire aviaire si vous avez des questions concernant l'alimentation de votre oiseau.\r\n\r\nNe contient ni BHA, ni BHT, ni \u00e9thoxyquine. Sans colorants, ar\u00f4mes, vitamines, saccharose\/sucre ni conservateurs artificiels. Ne contient aucun produit ni sous-produit animal.\r\n\r\n<strong>Conservation\u00a0:<\/strong> \u00c0 conserver dans un endroit frais et sec, \u00e0 l\u2019abri des insectes. Ne pas r\u00e9frig\u00e9rer. Apr\u00e8s ouverture, bien refermer le sachet d\u2019origine ou un r\u00e9cipient similaire et consommer dans les trois mois.<\/span><\/pre>\n<hr \/>\n<p>Marlene Mc&rsquo;Cohen&rsquo;s award-winning Signature Blend is a unique combination of USDA Organic Certified pellets, seeds and nuts. The result is a healthy, nutritious mix to feed your flock everyday.<\/p>\n<p class=\"p1\"><span class=\"s1\"><strong>Small\u00a0Bird Ingredients and Information:<\/strong><\/span><\/p>\n<p class=\"p1\"><span class=\"s1\"><b>Pellet Ingredients:\u00a0<\/b>Alfalfa*, hulled millet*, barley*, rice*, sunflower seed hulled*, sesame seeds unhulled*, quinoa whole*, pumpkin*, buckwheat hulled*, dandelion leaf powder*, carrot powder*, spinach leaf powder*, purple dulse*, kelp*, rose hips powder*, rose hips crushed*, orange peel powder*, lemon peel powder*, rosemary whole leaf*, cayenne ground*, crushed red chili peppers*, nettle leaf*, cinnamon*.\u00a0<\/span><span class=\"s2\"><b><i>*organic<\/i><\/b><\/span><\/p>\n<p class=\"p1\"><span class=\"s1\"><b>Seeds &amp; Nuts:<\/b>\u00a0Barley*, Rye*, Oat Groats*, Hulled Millet*, Flax*, Pumpkin Seeds*, Milk Thistle*, Hazelnuts (chopped)*.<\/span><span class=\"s2\"><b><i>*organic<span class=\"Apple-converted-space\">\u00a0 \u00a0<\/span><\/i><\/b><\/span><\/p>\n<p class=\"p1\"><span class=\"s1\"><b>Guaranteed Analysis:\u00a0<\/b>Crude Protein min. 13.6%, Crude Fat min. 5.8%, Crude Fiber max. 8.5%, Moisture max. 9.4%.<\/span><\/p>\n<p class=\"p1\"><b>Suggested Use:<\/b>\u00a0Feed approximately as much as your bird will consume in a day. Discard old food and feed fresh daily.<\/p>\n<p class=\"p1\"><span class=\"s1\">Do not feed old or moldy food.\u00a0<\/span><\/p>\n<p class=\"p1\"><span class=\"s1\">Consult your avian veterinarian if you have specific diet related concerns.\u00a0<\/span><\/p>\n<p class=\"p1\"><span class=\"s1\">Contains\u00a0<b>NO<\/b>\u00a0BHA, BHT or ethoxyquin.\u00a0<b>NO<\/b>\u00a0artificial colors, flavors, vitamins, sucrose\/sugar, or preservatives. Does\u00a0<b>NOT<\/b>\u00a0contain any animal products, or by-products.<\/span><\/p>\n<p class=\"p1\"><span class=\"s1\"><b>Storage:<\/b>\u00a0Store in a cool, dry place, free from insect infestation. Do not refrigerate. Once opened, reseal in original bag or similar container and use within three months.<\/span><\/p>","protected":false},"featured_media":18943,"template":"","meta":{"_acf_changed":false,"om_disable_all_campaigns":false,"_monsterinsights_skip_tracking":false,"_monsterinsights_sitenote_active":false,"_monsterinsights_sitenote_note":"","_monsterinsights_sitenote_category":0},"product_brand":[],"product_cat":[1867],"product_tag":[],"class_list":{"0":"post-18942","1":"product","2":"type-product","3":"status-publish","4":"has-post-thumbnail","6":"product_cat-nourriture-food","7":"product_shipping_class-frais-livraison-grains-par-lb","9":"first","10":"outofstock","11":"shipping-taxable","12":"purchasable","13":"product-type-simple"},"acf":[],"aioseo_notices":[],"_links":{"self":[{"href":"https:\/\/www.perroquetsecours.com\/en\/wp-json\/wp\/v2\/product\/18942","targetHints":{"allow":["GET"]}}],"collection":[{"href":"https:\/\/www.perroquetsecours.com\/en\/wp-json\/wp\/v2\/product"}],"about":[{"href":"https:\/\/www.perroquetsecours.com\/en\/wp-json\/wp\/v2\/types\/product"}],"wp:featuredmedia":[{"embeddable":true,"href":"https:\/\/www.perroquetsecours.com\/en\/wp-json\/wp\/v2\/media\/18943"}],"wp:attachment":[{"href":"https:\/\/www.perroquetsecours.com\/en\/wp-json\/wp\/v2\/media?parent=18942"}],"wp:term":[{"taxonomy":"product_brand","embeddable":true,"href":"https:\/\/www.perroquetsecours.com\/en\/wp-json\/wp\/v2\/product_brand?post=18942"},{"taxonomy":"product_cat","embeddable":true,"href":"https:\/\/www.perroquetsecours.com\/en\/wp-json\/wp\/v2\/product_cat?post=18942"},{"taxonomy":"product_tag","embeddable":true,"href":"https:\/\/www.perroquetsecours.com\/en\/wp-json\/wp\/v2\/product_tag?post=18942"}],"curies":[{"name":"wp","href":"https:\/\/api.w.org\/{rel}","templated":true}]}}