{"id":18953,"date":"2026-03-05T12:51:23","date_gmt":"2026-03-05T16:51:23","guid":{"rendered":"https:\/\/www.perroquetsecours.com\/?post_type=product&#038;p=18953"},"modified":"2026-03-05T12:52:58","modified_gmt":"2026-03-05T16:52:58","slug":"jw-pet-comfy-perch-large-28-for-birds-011-56124","status":"publish","type":"product","link":"https:\/\/www.perroquetsecours.com\/en\/produit\/jw-pet-comfy-perch-large-28-for-birds-011-56124","title":{"rendered":"JW\u00ae PET COMFY PERCH LARGE 28&Prime; FOR BIRDS (011-56124)"},"content":{"rendered":"","protected":false},"excerpt":{"rendered":"<p><strong>D\u00c9TAILS:<\/strong><\/p>\n<p>Gardez votre oiseau de compagnie confortable et sans stress avec la perche JW\u00ae Pet Comfy. Le Comfy Perch est une corde simple et multicolore qui fait des merveilles pour aider \u00e0 soulager le stress et l&rsquo;ennui de la cage. Tournez et pliez le Comfy Perch dans n&rsquo;importe quelle forme cr\u00e9ative que vous voulez. Chaque extr\u00e9mit\u00e9 se fixe \u00e0 une cage m\u00e9tallique, et elle conservera sa forme sans le danger que des fils ou des raidisseurs soient expos\u00e9s, de sorte que votre oiseau de compagnie se reposera confortablement. Les oiseaux de compagnie ont besoin de perchoirs de diff\u00e9rentes longueurs, \u00e9paisseurs, styles et mat\u00e9riaux pour garder leur force de pr\u00e9hension et leurs pieds en bonne sant\u00e9. Id\u00e9al pour les les perroquets tels gris d&rsquo;Afrique, aras et similaires.<\/p>\n<p>&#8212;&#8212;&#8212;&#8212;&#8212;&#8212;&#8212;&#8212;&#8212;&#8212;&#8212;&#8212;&#8212;&#8212;&#8212;&#8212;&#8211;<\/p>\n<p><strong>DETAILS:<\/strong><\/p>\n<p>Keep your pet bird comfortable and stress-free with the JW\u00ae Pet Comfy Perch. The Comfy Perch is a simple, multi-colored rope that works wonders for helping to relieve cage stress and boredom. Twist and bend the Comfy Perch into any creative shape you want. Each end attaches to a wire cage, and it will hold its shape without the danger of wires or stiffeners being exposed, so your pet bird will rest comfortably. Pet birds need perches of varying lengths, thicknesses, styles, and materials to keep their grip strength and their feet healthy. Great for parrots as African greys, macaws and similar.<\/p>","protected":false},"featured_media":18954,"template":"","meta":{"_acf_changed":false,"om_disable_all_campaigns":false,"_monsterinsights_skip_tracking":false,"_monsterinsights_sitenote_active":false,"_monsterinsights_sitenote_note":"","_monsterinsights_sitenote_category":0},"product_brand":[],"product_cat":[1851],"product_tag":[],"class_list":{"0":"post-18953","1":"product","2":"type-product","3":"status-publish","4":"has-post-thumbnail","6":"product_cat-perchoirs-perches","7":"product_shipping_class-frais-de-livraison-echelle","9":"first","10":"instock","11":"shipping-taxable","12":"purchasable","13":"product-type-simple"},"acf":[],"aioseo_notices":[],"_links":{"self":[{"href":"https:\/\/www.perroquetsecours.com\/en\/wp-json\/wp\/v2\/product\/18953","targetHints":{"allow":["GET"]}}],"collection":[{"href":"https:\/\/www.perroquetsecours.com\/en\/wp-json\/wp\/v2\/product"}],"about":[{"href":"https:\/\/www.perroquetsecours.com\/en\/wp-json\/wp\/v2\/types\/product"}],"wp:featuredmedia":[{"embeddable":true,"href":"https:\/\/www.perroquetsecours.com\/en\/wp-json\/wp\/v2\/media\/18954"}],"wp:attachment":[{"href":"https:\/\/www.perroquetsecours.com\/en\/wp-json\/wp\/v2\/media?parent=18953"}],"wp:term":[{"taxonomy":"product_brand","embeddable":true,"href":"https:\/\/www.perroquetsecours.com\/en\/wp-json\/wp\/v2\/product_brand?post=18953"},{"taxonomy":"product_cat","embeddable":true,"href":"https:\/\/www.perroquetsecours.com\/en\/wp-json\/wp\/v2\/product_cat?post=18953"},{"taxonomy":"product_tag","embeddable":true,"href":"https:\/\/www.perroquetsecours.com\/en\/wp-json\/wp\/v2\/product_tag?post=18953"}],"curies":[{"name":"wp","href":"https:\/\/api.w.org\/{rel}","templated":true}]}}