{"id":2597,"date":"2023-11-14T16:50:57","date_gmt":"2023-11-14T20:50:57","guid":{"rendered":"https:\/\/www.perroquetsecours.com\/?post_type=product&#038;p=2597"},"modified":"2026-04-06T15:16:04","modified_gmt":"2026-04-06T19:16:04","slug":"ps-quatro-xs-s","status":"publish","type":"product","link":"https:\/\/www.perroquetsecours.com\/en\/produit\/ps-quatro-xs-s","title":{"rendered":"PS-Quatro (XS-S)"},"content":{"rendered":"","protected":false},"excerpt":{"rendered":"<p><img fetchpriority=\"high\" decoding=\"async\" class=\"alignnone size-medium wp-image-23755\" src=\"https:\/\/www.perroquetsecours.com\/wp-content\/uploads\/2023\/02\/charte-300x196.jpg\" alt=\"\" width=\"300\" height=\"196\" \/><\/p>\n<p>Jouets que vos petits oiseaux adoreront. Fait de cuir v\u00e9g\u00e9tal, de corde de sisal, de pin, de li\u00e8ge, de pailles et de billes n\u00e9on.<\/p>\n<p>Toys that your little birds will love. Made of vegetable leather, sisal rope, pine, cork, straws and pony beads.<\/p>\n<p>&nbsp;<\/p>\n<p>&nbsp;<\/p>","protected":false},"featured_media":2627,"template":"","meta":{"_acf_changed":false,"om_disable_all_campaigns":false,"_monsterinsights_skip_tracking":false,"_monsterinsights_sitenote_active":false,"_monsterinsights_sitenote_note":"","_monsterinsights_sitenote_category":0},"product_brand":[],"product_cat":[1853],"product_tag":[],"class_list":{"0":"post-2597","1":"product","2":"type-product","3":"status-publish","4":"has-post-thumbnail","6":"product_cat-jouets-toys","7":"product_shipping_class-frais-livraison-petits-colis","9":"first","10":"instock","11":"shipping-taxable","12":"purchasable","13":"product-type-simple"},"acf":[],"aioseo_notices":[],"_links":{"self":[{"href":"https:\/\/www.perroquetsecours.com\/en\/wp-json\/wp\/v2\/product\/2597","targetHints":{"allow":["GET"]}}],"collection":[{"href":"https:\/\/www.perroquetsecours.com\/en\/wp-json\/wp\/v2\/product"}],"about":[{"href":"https:\/\/www.perroquetsecours.com\/en\/wp-json\/wp\/v2\/types\/product"}],"wp:featuredmedia":[{"embeddable":true,"href":"https:\/\/www.perroquetsecours.com\/en\/wp-json\/wp\/v2\/media\/2627"}],"wp:attachment":[{"href":"https:\/\/www.perroquetsecours.com\/en\/wp-json\/wp\/v2\/media?parent=2597"}],"wp:term":[{"taxonomy":"product_brand","embeddable":true,"href":"https:\/\/www.perroquetsecours.com\/en\/wp-json\/wp\/v2\/product_brand?post=2597"},{"taxonomy":"product_cat","embeddable":true,"href":"https:\/\/www.perroquetsecours.com\/en\/wp-json\/wp\/v2\/product_cat?post=2597"},{"taxonomy":"product_tag","embeddable":true,"href":"https:\/\/www.perroquetsecours.com\/en\/wp-json\/wp\/v2\/product_tag?post=2597"}],"curies":[{"name":"wp","href":"https:\/\/api.w.org\/{rel}","templated":true}]}}