{"id":2646,"date":"2023-11-14T16:51:19","date_gmt":"2023-11-14T20:51:19","guid":{"rendered":"https:\/\/www.perroquetsecours.com\/?post_type=product&#038;p=2646"},"modified":"2025-12-15T15:14:11","modified_gmt":"2025-12-15T19:14:11","slug":"ps-jouets-de-pattes-s-m","status":"publish","type":"product","link":"https:\/\/www.perroquetsecours.com\/en\/produit\/ps-jouets-de-pattes-s-m","title":{"rendered":"PS-Jouets de pattes (S-M)"},"content":{"rendered":"","protected":false},"excerpt":{"rendered":"<p><img fetchpriority=\"high\" decoding=\"async\" class=\"alignnone size-medium wp-image-23755\" src=\"https:\/\/www.perroquetsecours.com\/wp-content\/uploads\/2023\/02\/charte-300x196.jpg\" alt=\"\" width=\"300\" height=\"196\"><\/p>\n<p>Jouet de patte fait&nbsp;de pin morceau central, bois dur de couleur de chaque c\u00f4t\u00e9 et de corde Paulie en polyethyl\u00e8ne non-toxique et s\u00e9curitaire pour les oiseaux, rendant le nettoyage du jouet facile, les jouets de pattes se retrouvant souvent dans les fonds de cage quand ils l&rsquo;\u00e9chappent. Jouet mesurant 1.5\u201d X 1.5\u201d. Les couleurs et le bois dur de chaque c\u00f4t\u00e9 peuvent varier.<\/p>\n<p>&nbsp;<\/p>\n<p><img decoding=\"async\" class=\"alignnone wp-image-15556 size-medium lazyload\" data-src=\"https:\/\/www.perroquetsecours.com\/wp-content\/uploads\/2020\/01\/20200414_142348-300x225.jpg\" alt=\"\" width=\"300\" height=\"225\" src=\"data:image\/svg+xml;base64,PHN2ZyB3aWR0aD0iMSIgaGVpZ2h0PSIxIiB4bWxucz0iaHR0cDovL3d3dy53My5vcmcvMjAwMC9zdmciPjwvc3ZnPg==\" style=\"--smush-placeholder-width: 300px; --smush-placeholder-aspect-ratio: 300\/225;\"><\/p>\n<blockquote><p>Pixel, 3 mois, qui adore son nouveau jouet !<\/p><\/blockquote>\n<p>Bird foot toy&nbsp;made of pine wood in the middle, colored harwood on each side and Paulie rope made of none-toxic polyethylene bird safe, making this toy easy to clean, foot toys often ending up in the bottom of the cage when they drop them.&nbsp; Toy size&nbsp;1.5\u201d X 1.5\u201d. Colors and hard wood on each side may vary.<\/p>\n<p>&nbsp;<\/p>","protected":false},"featured_media":2705,"template":"","meta":{"_acf_changed":false,"om_disable_all_campaigns":false,"_monsterinsights_skip_tracking":false,"_monsterinsights_sitenote_active":false,"_monsterinsights_sitenote_note":"","_monsterinsights_sitenote_category":0},"product_brand":[],"product_cat":[1853],"product_tag":[],"class_list":{"0":"post-2646","1":"product","2":"type-product","3":"status-publish","4":"has-post-thumbnail","6":"product_cat-jouets-toys","7":"product_shipping_class-frais-livraison-signets","9":"first","10":"instock","11":"shipping-taxable","12":"purchasable","13":"product-type-simple"},"acf":[],"aioseo_notices":[],"_links":{"self":[{"href":"https:\/\/www.perroquetsecours.com\/en\/wp-json\/wp\/v2\/product\/2646","targetHints":{"allow":["GET"]}}],"collection":[{"href":"https:\/\/www.perroquetsecours.com\/en\/wp-json\/wp\/v2\/product"}],"about":[{"href":"https:\/\/www.perroquetsecours.com\/en\/wp-json\/wp\/v2\/types\/product"}],"wp:featuredmedia":[{"embeddable":true,"href":"https:\/\/www.perroquetsecours.com\/en\/wp-json\/wp\/v2\/media\/2705"}],"wp:attachment":[{"href":"https:\/\/www.perroquetsecours.com\/en\/wp-json\/wp\/v2\/media?parent=2646"}],"wp:term":[{"taxonomy":"product_brand","embeddable":true,"href":"https:\/\/www.perroquetsecours.com\/en\/wp-json\/wp\/v2\/product_brand?post=2646"},{"taxonomy":"product_cat","embeddable":true,"href":"https:\/\/www.perroquetsecours.com\/en\/wp-json\/wp\/v2\/product_cat?post=2646"},{"taxonomy":"product_tag","embeddable":true,"href":"https:\/\/www.perroquetsecours.com\/en\/wp-json\/wp\/v2\/product_tag?post=2646"}],"curies":[{"name":"wp","href":"https:\/\/api.w.org\/{rel}","templated":true}]}}