{"id":2680,"date":"2023-11-14T16:51:50","date_gmt":"2023-11-14T20:51:50","guid":{"rendered":"https:\/\/www.perroquetsecours.com\/?post_type=product&#038;p=2680"},"modified":"2025-09-23T21:47:31","modified_gmt":"2025-09-24T01:47:31","slug":"tournesol-noir-454-gr-1-lb","status":"publish","type":"product","link":"https:\/\/www.perroquetsecours.com\/en\/produit\/tournesol-noir-454-gr-1-lb","title":{"rendered":"Tournesol noir (454 gr-1 lb)"},"content":{"rendered":"","protected":false},"excerpt":{"rendered":"<p>Tournesol en vrac noir non sal\u00e9. Id\u00e9al comme g\u00e2terie ou en pousses. Un repas \u00e9quilibr\u00e9 avec des l\u00e9gumes frais. Fra\u00eecheur garantie.<\/p>\n<p>Black unsalted sunflowerin bulk. Perfect as a treat or as sprouts. A complete balanced meal with fresh vegetables. G<span lang=\"en\">uaranteed freshness.<\/span><\/p>\n<p><img fetchpriority=\"high\" decoding=\"async\" class=\"alignnone wp-image-15782 size-medium\" src=\"https:\/\/www.perroquetsecours.com\/wp-content\/uploads\/2020\/03\/95673497_239515427264629_7514892917622702080_n-e1588710532373-300x225.jpg\" alt=\"\" width=\"300\" height=\"225\" \/><\/p>\n<p><img decoding=\"async\" class=\"alignnone wp-image-15784 size-medium lazyload\" data-src=\"https:\/\/www.perroquetsecours.com\/wp-content\/uploads\/2020\/03\/95801711_648779712635387_4377801993775742976_n-e1588710651123-300x225.jpg\" alt=\"\" width=\"300\" height=\"225\" src=\"data:image\/svg+xml;base64,PHN2ZyB3aWR0aD0iMSIgaGVpZ2h0PSIxIiB4bWxucz0iaHR0cDovL3d3dy53My5vcmcvMjAwMC9zdmciPjwvc3ZnPg==\" style=\"--smush-placeholder-width: 300px; --smush-placeholder-aspect-ratio: 300\/225;\" \/><\/p>\n<p>&nbsp;<\/p>","protected":false},"featured_media":2720,"template":"","meta":{"_acf_changed":false,"om_disable_all_campaigns":false,"_monsterinsights_skip_tracking":false,"_monsterinsights_sitenote_active":false,"_monsterinsights_sitenote_note":"","_monsterinsights_sitenote_category":0},"product_brand":[],"product_cat":[1867],"product_tag":[],"class_list":{"0":"post-2680","1":"product","2":"type-product","3":"status-publish","4":"has-post-thumbnail","6":"product_cat-nourriture-food","7":"product_shipping_class-frais-livraison-grains-par-lb","9":"first","10":"instock","11":"shipping-taxable","12":"purchasable","13":"product-type-simple"},"acf":[],"aioseo_notices":[],"_links":{"self":[{"href":"https:\/\/www.perroquetsecours.com\/en\/wp-json\/wp\/v2\/product\/2680","targetHints":{"allow":["GET"]}}],"collection":[{"href":"https:\/\/www.perroquetsecours.com\/en\/wp-json\/wp\/v2\/product"}],"about":[{"href":"https:\/\/www.perroquetsecours.com\/en\/wp-json\/wp\/v2\/types\/product"}],"wp:featuredmedia":[{"embeddable":true,"href":"https:\/\/www.perroquetsecours.com\/en\/wp-json\/wp\/v2\/media\/2720"}],"wp:attachment":[{"href":"https:\/\/www.perroquetsecours.com\/en\/wp-json\/wp\/v2\/media?parent=2680"}],"wp:term":[{"taxonomy":"product_brand","embeddable":true,"href":"https:\/\/www.perroquetsecours.com\/en\/wp-json\/wp\/v2\/product_brand?post=2680"},{"taxonomy":"product_cat","embeddable":true,"href":"https:\/\/www.perroquetsecours.com\/en\/wp-json\/wp\/v2\/product_cat?post=2680"},{"taxonomy":"product_tag","embeddable":true,"href":"https:\/\/www.perroquetsecours.com\/en\/wp-json\/wp\/v2\/product_tag?post=2680"}],"curies":[{"name":"wp","href":"https:\/\/api.w.org\/{rel}","templated":true}]}}