{"id":2683,"date":"2023-11-14T16:51:50","date_gmt":"2023-11-14T20:51:50","guid":{"rendered":"https:\/\/www.perroquetsecours.com\/?post_type=product&#038;p=2683"},"modified":"2026-04-15T18:58:28","modified_gmt":"2026-04-15T22:58:28","slug":"grains-perroquets-quakers-a-cacatoes-454-gr-1-lb","status":"publish","type":"product","link":"https:\/\/www.perroquetsecours.com\/en\/produit\/grains-perroquets-quakers-a-cacatoes-454-gr-1-lb","title":{"rendered":"Grains perroquets quakers \u00e0 cacato\u00e8s (454 gr-1 lb)"},"content":{"rendered":"","protected":false},"excerpt":{"rendered":"<p>M\u00e9lange de grains en vrac pour perroquets, du quaker au cacato\u00e8s.\u00a0Tous nos grains sont\u00a0propres, de grande qualit\u00e9 et issus de producteurs locaux.<\/p>\n<p>Carthame, avoine amande, avoine ronde, mais rouge, mais cass\u00e9, Milo rouge, lentille<\/p>\n<hr \/>\n<p>Blend of seeds in bulk for parrots, from quakers to cockatoos.\u00a0A<span lang=\"en\">ll our grains are clean, high quality and from local producers.<\/span><\/p>\n<p>Safflowers, Almond oats, Round oats, Red corn, Cracked corn, Red milo, lentils.<\/p>\n<p>&nbsp;<\/p>\n<p><img fetchpriority=\"high\" decoding=\"async\" class=\"alignnone size-full wp-image-15436\" src=\"https:\/\/www.perroquetsecours.com\/wp-content\/uploads\/2020\/03\/GP-Carthage-avoine-amande-avoine-ronde-mais-rouge-mais-cass\u00e9-Milo-rouge-lentille.jpg\" alt=\"\" width=\"640\" height=\"480\" \/><\/p>","protected":false},"featured_media":2723,"template":"","meta":{"_acf_changed":false,"om_disable_all_campaigns":false,"_monsterinsights_skip_tracking":false,"_monsterinsights_sitenote_active":false,"_monsterinsights_sitenote_note":"","_monsterinsights_sitenote_category":0},"product_brand":[],"product_cat":[1867],"product_tag":[],"class_list":{"0":"post-2683","1":"product","2":"type-product","3":"status-publish","4":"has-post-thumbnail","6":"product_cat-nourriture-food","7":"product_shipping_class-frais-livraison-grains-par-lb","9":"first","10":"instock","11":"shipping-taxable","12":"purchasable","13":"product-type-simple"},"acf":[],"aioseo_notices":[],"_links":{"self":[{"href":"https:\/\/www.perroquetsecours.com\/en\/wp-json\/wp\/v2\/product\/2683","targetHints":{"allow":["GET"]}}],"collection":[{"href":"https:\/\/www.perroquetsecours.com\/en\/wp-json\/wp\/v2\/product"}],"about":[{"href":"https:\/\/www.perroquetsecours.com\/en\/wp-json\/wp\/v2\/types\/product"}],"wp:featuredmedia":[{"embeddable":true,"href":"https:\/\/www.perroquetsecours.com\/en\/wp-json\/wp\/v2\/media\/2723"}],"wp:attachment":[{"href":"https:\/\/www.perroquetsecours.com\/en\/wp-json\/wp\/v2\/media?parent=2683"}],"wp:term":[{"taxonomy":"product_brand","embeddable":true,"href":"https:\/\/www.perroquetsecours.com\/en\/wp-json\/wp\/v2\/product_brand?post=2683"},{"taxonomy":"product_cat","embeddable":true,"href":"https:\/\/www.perroquetsecours.com\/en\/wp-json\/wp\/v2\/product_cat?post=2683"},{"taxonomy":"product_tag","embeddable":true,"href":"https:\/\/www.perroquetsecours.com\/en\/wp-json\/wp\/v2\/product_tag?post=2683"}],"curies":[{"name":"wp","href":"https:\/\/api.w.org\/{rel}","templated":true}]}}