{"id":2691,"date":"2023-11-14T16:51:50","date_gmt":"2023-11-14T20:51:50","guid":{"rendered":"https:\/\/www.perroquetsecours.com\/?post_type=product&#038;p=2691"},"modified":"2026-02-20T11:23:05","modified_gmt":"2026-02-20T15:23:05","slug":"shooshoo-shred-zoomax-810-m-l","status":"publish","type":"product","link":"https:\/\/www.perroquetsecours.com\/en\/produit\/shooshoo-shred-zoomax-810-m-l","title":{"rendered":"Shooshoo shred (Zoomax 810) (M-L)"},"content":{"rendered":"","protected":false},"excerpt":{"rendered":"<p><img fetchpriority=\"high\" decoding=\"async\" class=\"alignnone size-medium wp-image-23755\" src=\"https:\/\/www.perroquetsecours.com\/wp-content\/uploads\/2023\/02\/charte-300x196.jpg\" alt=\"\" width=\"300\" height=\"196\"><\/p>\n<p>Les cubes de carton&nbsp;en forme&nbsp;nid d&rsquo;abeilles sont tr\u00e8s interactifs avec votre oiseau.&nbsp;Ils auront un plaisir fou \u00e0 le d\u00e9chiqueter.<\/p>\n<p>&nbsp;<\/p>\n<p>HoneyComb Kraft Paper Cubes. This toy will keep you bird busy and interactive. Birds love to shred the paper cubes. Safe for all birds.<\/p>\n<p>&nbsp;<\/p>\n<div class=\"title\"><strong>Product specifications<\/strong><\/div>\n<table class=\"data-table\">\n<colgroup>\n<col width=\"25%\">\n<col><\/colgroup>\n<tbody>\n<tr class=\"odd\">\n<td class=\"a-left specname\">Grandeur<\/td>\n<td class=\"a-left specvalue\">12\u00a0\u00bb X 4\u00a0\u00bb<\/td>\n<\/tr>\n<tr class=\"even\">\n<td class=\"a-left specname\">Naturel<\/td>\n<td class=\"a-left specvalue\">Jute<\/td>\n<\/tr>\n<tr class=\"odd\">\n<td class=\"a-left specname\">Components<\/td>\n<td class=\"a-left specvalue\">Papier kraft non toxique<\/td>\n<\/tr>\n<tr class=\"even\">\n<td class=\"a-left specname\">Variants<\/td>\n<td class=\"a-left specvalue\">Pi\u00e8ces de bois &amp; couleurs peuvent varier selon la photo.<\/td>\n<\/tr>\n<tr class=\"odd\">\n<td class=\"a-left specname\">Pays D&rsquo;origine<\/td>\n<td class=\"a-left specvalue\">Fait au Canada<\/td>\n<\/tr>\n<\/tbody>\n<\/table>\n<p>&nbsp;<\/p>\n<div class=\"title\"><strong>Product specifications<\/strong><\/div>\n<table class=\"data-table\">\n<colgroup>\n<col width=\"25%\">\n<col><\/colgroup>\n<tbody>\n<tr class=\"odd\">\n<td class=\"a-left specname\">Size<\/td>\n<td class=\"a-left specvalue\">12\u00a0\u00bb X 4\u00a0\u00bb<\/td>\n<\/tr>\n<tr class=\"even\">\n<td class=\"a-left specname\">Natural<\/td>\n<td class=\"a-left specvalue\">Jute<\/td>\n<\/tr>\n<tr class=\"odd\">\n<td class=\"a-left specname\">Components<\/td>\n<td class=\"a-left specvalue\">Nontoxic kraft paper board<\/td>\n<\/tr>\n<tr class=\"even\">\n<td class=\"a-left specname\">Variations<\/td>\n<td class=\"a-left specvalue\">According to picture, wood parts &amp; colors can vary.<\/td>\n<\/tr>\n<tr class=\"odd\">\n<td class=\"a-left specname\">Country Of Origin<\/td>\n<td class=\"a-left specvalue\">Made in Canada<\/td>\n<\/tr>\n<\/tbody>\n<\/table>\n<p>&nbsp;<\/p>","protected":false},"featured_media":2740,"template":"","meta":{"_acf_changed":false,"om_disable_all_campaigns":false,"_monsterinsights_skip_tracking":false,"_monsterinsights_sitenote_active":false,"_monsterinsights_sitenote_note":"","_monsterinsights_sitenote_category":0},"product_brand":[],"product_cat":[1853],"product_tag":[],"class_list":{"0":"post-2691","1":"product","2":"type-product","3":"status-publish","4":"has-post-thumbnail","6":"product_cat-jouets-toys","7":"product_shipping_class-frais-de-livraison-robot","9":"first","10":"instock","11":"shipping-taxable","12":"purchasable","13":"product-type-simple"},"acf":[],"aioseo_notices":[],"_links":{"self":[{"href":"https:\/\/www.perroquetsecours.com\/en\/wp-json\/wp\/v2\/product\/2691","targetHints":{"allow":["GET"]}}],"collection":[{"href":"https:\/\/www.perroquetsecours.com\/en\/wp-json\/wp\/v2\/product"}],"about":[{"href":"https:\/\/www.perroquetsecours.com\/en\/wp-json\/wp\/v2\/types\/product"}],"wp:featuredmedia":[{"embeddable":true,"href":"https:\/\/www.perroquetsecours.com\/en\/wp-json\/wp\/v2\/media\/2740"}],"wp:attachment":[{"href":"https:\/\/www.perroquetsecours.com\/en\/wp-json\/wp\/v2\/media?parent=2691"}],"wp:term":[{"taxonomy":"product_brand","embeddable":true,"href":"https:\/\/www.perroquetsecours.com\/en\/wp-json\/wp\/v2\/product_brand?post=2691"},{"taxonomy":"product_cat","embeddable":true,"href":"https:\/\/www.perroquetsecours.com\/en\/wp-json\/wp\/v2\/product_cat?post=2691"},{"taxonomy":"product_tag","embeddable":true,"href":"https:\/\/www.perroquetsecours.com\/en\/wp-json\/wp\/v2\/product_tag?post=2691"}],"curies":[{"name":"wp","href":"https:\/\/api.w.org\/{rel}","templated":true}]}}