{"id":2697,"date":"2023-11-14T16:51:50","date_gmt":"2023-11-14T20:51:50","guid":{"rendered":"https:\/\/www.perroquetsecours.com\/?post_type=product&#038;p=2697"},"modified":"2023-11-14T16:52:42","modified_gmt":"2023-11-14T20:52:42","slug":"lamenagement-de-la-cage-et-aire-de-jeux-par-la-voliere","status":"publish","type":"product","link":"https:\/\/www.perroquetsecours.com\/en\/produit\/lamenagement-de-la-cage-et-aire-de-jeux-par-la-voliere","title":{"rendered":"L&rsquo;am\u00e9nagement de la cage et aire de jeux par La Voli\u00e8re"},"content":{"rendered":"<p>&nbsp;<\/p>\n<p>&nbsp;<\/p>","protected":false},"excerpt":{"rendered":"<p>Nataly Bayard nous explique en 2 parties comment am\u00e9nager la cage et l&rsquo;aire de jeux de son perroquet et bien plus encore. Premi\u00e8re partie d&rsquo;une dur\u00e9e de 45 minutes et deuxi\u00e8me partie d&rsquo;une dur\u00e9e de 35 minutes au total 1 heure 20 minutes.<\/p>\n<p>Nous vous ferons parvenir un lien priv\u00e9 avec mot de passe pour chaque partie qui vous permettra de visionner le tout pendant une semaine \u00e0 compter de l&rsquo;achat.<\/p>\n<p>Si vous ne commander pas autre chose, veuillez choisir ramassage en personne SVP pour \u00e9viter les frais de port.<\/p>","protected":false},"featured_media":2746,"template":"","meta":{"_acf_changed":false,"om_disable_all_campaigns":false,"_monsterinsights_skip_tracking":false,"_monsterinsights_sitenote_active":false,"_monsterinsights_sitenote_note":"","_monsterinsights_sitenote_category":0},"product_brand":[],"product_cat":[1872],"product_tag":[],"class_list":{"0":"post-2697","1":"product","2":"type-product","3":"status-publish","4":"has-post-thumbnail","6":"product_cat-ateliers-formations-conferences","8":"first","9":"instock","10":"sold-individually","11":"shipping-taxable","12":"purchasable","13":"product-type-simple"},"acf":[],"aioseo_notices":[],"_links":{"self":[{"href":"https:\/\/www.perroquetsecours.com\/en\/wp-json\/wp\/v2\/product\/2697","targetHints":{"allow":["GET"]}}],"collection":[{"href":"https:\/\/www.perroquetsecours.com\/en\/wp-json\/wp\/v2\/product"}],"about":[{"href":"https:\/\/www.perroquetsecours.com\/en\/wp-json\/wp\/v2\/types\/product"}],"wp:featuredmedia":[{"embeddable":true,"href":"https:\/\/www.perroquetsecours.com\/en\/wp-json\/wp\/v2\/media\/2746"}],"wp:attachment":[{"href":"https:\/\/www.perroquetsecours.com\/en\/wp-json\/wp\/v2\/media?parent=2697"}],"wp:term":[{"taxonomy":"product_brand","embeddable":true,"href":"https:\/\/www.perroquetsecours.com\/en\/wp-json\/wp\/v2\/product_brand?post=2697"},{"taxonomy":"product_cat","embeddable":true,"href":"https:\/\/www.perroquetsecours.com\/en\/wp-json\/wp\/v2\/product_cat?post=2697"},{"taxonomy":"product_tag","embeddable":true,"href":"https:\/\/www.perroquetsecours.com\/en\/wp-json\/wp\/v2\/product_tag?post=2697"}],"curies":[{"name":"wp","href":"https:\/\/api.w.org\/{rel}","templated":true}]}}