{"id":2700,"date":"2023-11-14T16:51:50","date_gmt":"2023-11-14T20:51:50","guid":{"rendered":"https:\/\/www.perroquetsecours.com\/?post_type=product&#038;p=2700"},"modified":"2023-11-14T16:52:44","modified_gmt":"2023-11-14T20:52:44","slug":"potluck-de-questions-et-reponses-par-marie-josee-ouellet","status":"publish","type":"product","link":"https:\/\/www.perroquetsecours.com\/en\/produit\/potluck-de-questions-et-reponses-par-marie-josee-ouellet","title":{"rendered":"Potluck de questions et r\u00e9ponses par Marie-Jos\u00e9e Ouellet"},"content":{"rendered":"","protected":false},"excerpt":{"rendered":"<p>Marie-Jos\u00e9e Ouellet propri\u00e9taire du refuge sur les ailes de nos perroquets et du forum perroquet r\u00e9pond aux questions qui lui sont souvent pos\u00e9es. Dur\u00e9e de 55 minutes.<\/p>\n<p>Nous vous ferons parvenir un lien priv\u00e9 avec mot de passe qui vous permettra de visionner le tout pendant une semaine \u00e0 compter de l&rsquo;achat.<\/p>\n<p>Si vous ne commander pas autre chose, veuillez choisir ramassage en personne SVP pour \u00e9viter les frais de port.<\/p>","protected":false},"featured_media":2748,"template":"","meta":{"_acf_changed":false,"om_disable_all_campaigns":false,"_monsterinsights_skip_tracking":false,"_monsterinsights_sitenote_active":false,"_monsterinsights_sitenote_note":"","_monsterinsights_sitenote_category":0},"product_brand":[],"product_cat":[1872],"product_tag":[],"class_list":{"0":"post-2700","1":"product","2":"type-product","3":"status-publish","4":"has-post-thumbnail","6":"product_cat-ateliers-formations-conferences","8":"first","9":"instock","10":"sold-individually","11":"shipping-taxable","12":"purchasable","13":"product-type-simple"},"acf":[],"aioseo_notices":[],"_links":{"self":[{"href":"https:\/\/www.perroquetsecours.com\/en\/wp-json\/wp\/v2\/product\/2700","targetHints":{"allow":["GET"]}}],"collection":[{"href":"https:\/\/www.perroquetsecours.com\/en\/wp-json\/wp\/v2\/product"}],"about":[{"href":"https:\/\/www.perroquetsecours.com\/en\/wp-json\/wp\/v2\/types\/product"}],"wp:featuredmedia":[{"embeddable":true,"href":"https:\/\/www.perroquetsecours.com\/en\/wp-json\/wp\/v2\/media\/2748"}],"wp:attachment":[{"href":"https:\/\/www.perroquetsecours.com\/en\/wp-json\/wp\/v2\/media?parent=2700"}],"wp:term":[{"taxonomy":"product_brand","embeddable":true,"href":"https:\/\/www.perroquetsecours.com\/en\/wp-json\/wp\/v2\/product_brand?post=2700"},{"taxonomy":"product_cat","embeddable":true,"href":"https:\/\/www.perroquetsecours.com\/en\/wp-json\/wp\/v2\/product_cat?post=2700"},{"taxonomy":"product_tag","embeddable":true,"href":"https:\/\/www.perroquetsecours.com\/en\/wp-json\/wp\/v2\/product_tag?post=2700"}],"curies":[{"name":"wp","href":"https:\/\/api.w.org\/{rel}","templated":true}]}}