{"id":2715,"date":"2023-11-14T16:52:12","date_gmt":"2023-11-14T20:52:12","guid":{"rendered":"https:\/\/www.perroquetsecours.com\/?post_type=product&#038;p=2715"},"modified":"2026-02-01T12:27:19","modified_gmt":"2026-02-01T16:27:19","slug":"mini-grass-bundle-4%e2%80%b3-zoomax-101233","status":"publish","type":"product","link":"https:\/\/www.perroquetsecours.com\/en\/produit\/mini-grass-bundle-4%e2%80%b3-zoomax-101233","title":{"rendered":"Mini Grass bundle 4\u2033 (Zoomax 101233)"},"content":{"rendered":"","protected":false},"excerpt":{"rendered":"<p>Mini lot d\u2019herbe 4\u2033<\/p>\n<p>Pour faire vos jouets ou ajouter \u00e0 ceux que vous avez d\u00e9j\u00e0.<\/p>\n<p>&#8212;&#8212;&#8212;&#8212;&#8212;&#8212;&#8212;&#8212;&#8212;&#8212;&#8212;&#8211;<\/p>\n<p>Mini Grass bundle 4\u2033<\/p>\n<p>To build new toys or adding to the one you have.<\/p>","protected":false},"featured_media":2753,"template":"","meta":{"_acf_changed":false,"om_disable_all_campaigns":false,"_monsterinsights_skip_tracking":false,"_monsterinsights_sitenote_active":false,"_monsterinsights_sitenote_note":"","_monsterinsights_sitenote_category":0},"product_brand":[],"product_cat":[1864],"product_tag":[],"class_list":{"0":"post-2715","1":"product","2":"type-product","3":"status-publish","4":"has-post-thumbnail","6":"product_cat-pieces-de-jouets-toy-parts","7":"product_shipping_class-frais-livraison-preener","9":"first","10":"instock","11":"shipping-taxable","12":"purchasable","13":"product-type-simple"},"acf":[],"aioseo_notices":[],"_links":{"self":[{"href":"https:\/\/www.perroquetsecours.com\/en\/wp-json\/wp\/v2\/product\/2715","targetHints":{"allow":["GET"]}}],"collection":[{"href":"https:\/\/www.perroquetsecours.com\/en\/wp-json\/wp\/v2\/product"}],"about":[{"href":"https:\/\/www.perroquetsecours.com\/en\/wp-json\/wp\/v2\/types\/product"}],"wp:featuredmedia":[{"embeddable":true,"href":"https:\/\/www.perroquetsecours.com\/en\/wp-json\/wp\/v2\/media\/2753"}],"wp:attachment":[{"href":"https:\/\/www.perroquetsecours.com\/en\/wp-json\/wp\/v2\/media?parent=2715"}],"wp:term":[{"taxonomy":"product_brand","embeddable":true,"href":"https:\/\/www.perroquetsecours.com\/en\/wp-json\/wp\/v2\/product_brand?post=2715"},{"taxonomy":"product_cat","embeddable":true,"href":"https:\/\/www.perroquetsecours.com\/en\/wp-json\/wp\/v2\/product_cat?post=2715"},{"taxonomy":"product_tag","embeddable":true,"href":"https:\/\/www.perroquetsecours.com\/en\/wp-json\/wp\/v2\/product_tag?post=2715"}],"curies":[{"name":"wp","href":"https:\/\/api.w.org\/{rel}","templated":true}]}}