{"id":2716,"date":"2023-11-14T16:52:12","date_gmt":"2023-11-14T20:52:12","guid":{"rendered":"https:\/\/www.perroquetsecours.com\/?post_type=product&#038;p=2716"},"modified":"2026-04-04T22:51:42","modified_gmt":"2026-04-05T02:51:42","slug":"jw-activitoy-nutcase-bird-toy-057-31021-m-l","status":"publish","type":"product","link":"https:\/\/www.perroquetsecours.com\/en\/produit\/jw-activitoy-nutcase-bird-toy-057-31021-m-l","title":{"rendered":"JW ACTIVITOY NUTCASE BIRD TOY (057-31021) (M-L)"},"content":{"rendered":"","protected":false},"excerpt":{"rendered":"<p><img fetchpriority=\"high\" decoding=\"async\" class=\"alignnone size-medium wp-image-23755\" src=\"https:\/\/www.perroquetsecours.com\/wp-content\/uploads\/2023\/02\/charte-300x196.jpg\" alt=\"\" width=\"300\" height=\"196\"><\/p>\n<p><strong>D\u00c9TAILS:<\/strong><\/p>\n<p>Le Nutcase JW\u00ae Pet ActiviToy\u00ae est un jouet d&rsquo;oiseau en caoutchouc extensible en forme de ballon de football suspendu \u00e0 une cha\u00eene \u00e0 l&rsquo;int\u00e9rieur de la cage. Le caoutchouc souple et flexible est r\u00e9sistant et peut \u00eatre \u00e9tir\u00e9 et rempli de noix ou de friandises pr\u00e9f\u00e9r\u00e9es de votre oiseau de compagnie. De petites d\u00e9coupes dans le caoutchouc permettent \u00e0 votre oiseau de compagnie de le tenir et de manipuler le jouet pour enlever les friandises \u00e0 l&rsquo;int\u00e9rieur. Le jouet JW Pet Nutcase est \u00e0 la fois intellectuellement et physiquement stimulant pour votre ami \u00e0 plumes qui aide \u00e0 activer le corps, l&rsquo;esprit et l&rsquo;\u00e2me de votre oiseau. Id\u00e9al pour les perroquets de toutes tailles.<\/p>\n<p>&#8212;&#8212;&#8212;&#8212;&#8212;&#8212;&#8212;&#8212;&#8212;&#8212;&#8212;&#8212;&#8212;&#8212;&#8212;&#8212;&#8212;&#8212;&#8212;&#8212;&#8212;<\/p>\n<p><strong>DETAILS:<\/strong><\/p>\n<p>The JW\u00ae Pet ActiviToy\u00ae Nutcase is a stretchy, rubber football-shaped bird toy that hangs from a chain inside the cage. The soft, flexible rubber is tough and can be stretched and filled with your pet bird&rsquo;s favorite nuts or treats. Small cutouts in the rubber allow your pet bird to hold it and to manipulate the toy to remove the treats inside. The JW Pet Nutcase toy is both intellectually and physically challenging to your feathered friend that helps to activate your bird&rsquo;s body, mind, and soul. Great for parrots of all sizes.<\/p>","protected":false},"featured_media":2754,"template":"","meta":{"_acf_changed":false,"om_disable_all_campaigns":false,"_monsterinsights_skip_tracking":false,"_monsterinsights_sitenote_active":false,"_monsterinsights_sitenote_note":"","_monsterinsights_sitenote_category":0},"product_brand":[],"product_cat":[1853],"product_tag":[],"class_list":{"0":"post-2716","1":"product","2":"type-product","3":"status-publish","4":"has-post-thumbnail","6":"product_cat-jouets-toys","7":"product_shipping_class-frais-livraison-preener","9":"first","10":"instock","11":"shipping-taxable","12":"purchasable","13":"product-type-simple"},"acf":[],"aioseo_notices":[],"_links":{"self":[{"href":"https:\/\/www.perroquetsecours.com\/en\/wp-json\/wp\/v2\/product\/2716","targetHints":{"allow":["GET"]}}],"collection":[{"href":"https:\/\/www.perroquetsecours.com\/en\/wp-json\/wp\/v2\/product"}],"about":[{"href":"https:\/\/www.perroquetsecours.com\/en\/wp-json\/wp\/v2\/types\/product"}],"wp:featuredmedia":[{"embeddable":true,"href":"https:\/\/www.perroquetsecours.com\/en\/wp-json\/wp\/v2\/media\/2754"}],"wp:attachment":[{"href":"https:\/\/www.perroquetsecours.com\/en\/wp-json\/wp\/v2\/media?parent=2716"}],"wp:term":[{"taxonomy":"product_brand","embeddable":true,"href":"https:\/\/www.perroquetsecours.com\/en\/wp-json\/wp\/v2\/product_brand?post=2716"},{"taxonomy":"product_cat","embeddable":true,"href":"https:\/\/www.perroquetsecours.com\/en\/wp-json\/wp\/v2\/product_cat?post=2716"},{"taxonomy":"product_tag","embeddable":true,"href":"https:\/\/www.perroquetsecours.com\/en\/wp-json\/wp\/v2\/product_tag?post=2716"}],"curies":[{"name":"wp","href":"https:\/\/api.w.org\/{rel}","templated":true}]}}