{"id":2733,"date":"2023-11-14T16:52:34","date_gmt":"2023-11-14T20:52:34","guid":{"rendered":"https:\/\/www.perroquetsecours.com\/?post_type=product&#038;p=2733"},"modified":"2026-03-05T12:33:40","modified_gmt":"2026-03-05T16:33:40","slug":"lafeber-sunny-orchard-nutri-berries-for-parrots-10-oz-062-82850","status":"publish","type":"product","link":"https:\/\/www.perroquetsecours.com\/en\/produit\/lafeber-sunny-orchard-nutri-berries-for-parrots-10-oz-062-82850","title":{"rendered":"LAFEBER\u00ae SUNNY ORCHARD NUTRI-BERRIES FOR PARROTS 10 OZ (062-82850)"},"content":{"rendered":"","protected":false},"excerpt":{"rendered":"<p><strong>D\u00c9TAILS:<\/strong><\/p>\n<p>Un moyen s\u00fbr de captiver votre Amazon, votre gris d&rsquo;Afrique ou votre Pionus est d&rsquo;ouvrir un sac de Nutri-Berries Sunny Orchard; ses graines et c\u00e9r\u00e9ales saines m\u00e9lang\u00e9es \u00e0 des morceaux de vrais abricots, des dattes et des canneberges acidul\u00e9es attireront certainement toute l\u2019attention de votre perroquet. Vous aimerez qu&rsquo;ils contiennent \u00e9galement 30% de granul\u00e9s.<\/p>\n<p>Les Nutri-Berries Sunny Orchard combinent des ingr\u00e9dients frais, des graines d\u00e9cortiqu\u00e9es et des vitamines et min\u00e9raux essentiels enroul\u00e9s ensemble pour offrir toute la nutrition des granul\u00e9s, ainsi que tous les avantages et le plaisir de la recherche de nourriture. Au lieu de broyer les ingr\u00e9dients sous forme de granul\u00e9s, les ingr\u00e9dients de Sunny Orchard Nutri-Berries sont pour la plupart laiss\u00e9s entiers pour donner \u00e0 votre oiseau les saveurs et les textures qui manquent aux r\u00e9gimes alimentaires. Et, contrairement aux m\u00e9langes de graines enrichies de vitamines et de min\u00e9raux qui perdent leurs bienfaits pour la sant\u00e9 une fois que l&rsquo;oiseau a ouvert la graine, les Nutri-Berries sont faites avec des graines et des grains d\u00e9cortiqu\u00e9s; chaque berrie est ensuite recouverte de vitamines et de min\u00e9raux essentiels pour que votre oiseau re\u00e7oive une alimentation \u00e9quilibr\u00e9e \u00e0 chaque bouch\u00e9e.<\/p>\n<p>&#8212;&#8212;&#8212;&#8212;&#8212;&#8212;&#8212;&#8212;&#8212;&#8212;&#8212;&#8212;&#8212;&#8212;&#8212;&#8212;&#8212;&#8212;&#8212;&#8212;&#8212;&#8212;&#8212;&#8212;&#8212;&#8212;&#8212;-<\/p>\n<p><strong>DETAILS:<\/strong><\/p>\n<p>One sure way to perk up your Amazon, African grey, or Pionus is to open a bag of Sunny Orchard Nutri-Berries; its wholesome seeds and grains mixed together with pieces of real apricots, dates, and tangy cranberries will certainly get your parrot\u2019s full attention. You\u2019ll like that they also have 30% pellets.<\/p>\n<p>Sunny Orchard Nutri-Berries combine fresh ingredients, hulled seeds, and essential vitamins and minerals rolled together to offer all the nutrition of pellets, plus all the benefits and fun of foraging. Instead of grinding down the ingredients into a pelleted form, the ingredients in Sunny Orchard Nutri-Berries are left mostly whole to give your bird the flavors and textures pelleted diets lack. And, unlike vitamin- and mineral-fortified seed mixes that lose their health benefits once the bird cracks open the seed, Nutri-Berries are made with hulled seeds and grains; each berrie is then coated with essential vitamins and minerals to ensure that your bird receives balanced nutrition in each bite.<\/p>","protected":false},"featured_media":2780,"template":"","meta":{"_acf_changed":false,"om_disable_all_campaigns":false,"_monsterinsights_skip_tracking":false,"_monsterinsights_sitenote_active":false,"_monsterinsights_sitenote_note":"","_monsterinsights_sitenote_category":0},"product_brand":[],"product_cat":[1867],"product_tag":[],"class_list":{"0":"post-2733","1":"product","2":"type-product","3":"status-publish","4":"has-post-thumbnail","6":"product_cat-nourriture-food","7":"product_shipping_class-frais-de-livraison-robot","9":"first","10":"instock","11":"shipping-taxable","12":"purchasable","13":"product-type-simple"},"acf":[],"aioseo_notices":[],"_links":{"self":[{"href":"https:\/\/www.perroquetsecours.com\/en\/wp-json\/wp\/v2\/product\/2733","targetHints":{"allow":["GET"]}}],"collection":[{"href":"https:\/\/www.perroquetsecours.com\/en\/wp-json\/wp\/v2\/product"}],"about":[{"href":"https:\/\/www.perroquetsecours.com\/en\/wp-json\/wp\/v2\/types\/product"}],"wp:featuredmedia":[{"embeddable":true,"href":"https:\/\/www.perroquetsecours.com\/en\/wp-json\/wp\/v2\/media\/2780"}],"wp:attachment":[{"href":"https:\/\/www.perroquetsecours.com\/en\/wp-json\/wp\/v2\/media?parent=2733"}],"wp:term":[{"taxonomy":"product_brand","embeddable":true,"href":"https:\/\/www.perroquetsecours.com\/en\/wp-json\/wp\/v2\/product_brand?post=2733"},{"taxonomy":"product_cat","embeddable":true,"href":"https:\/\/www.perroquetsecours.com\/en\/wp-json\/wp\/v2\/product_cat?post=2733"},{"taxonomy":"product_tag","embeddable":true,"href":"https:\/\/www.perroquetsecours.com\/en\/wp-json\/wp\/v2\/product_tag?post=2733"}],"curies":[{"name":"wp","href":"https:\/\/api.w.org\/{rel}","templated":true}]}}