{"id":2737,"date":"2023-11-14T16:52:34","date_gmt":"2023-11-14T20:52:34","guid":{"rendered":"https:\/\/www.perroquetsecours.com\/?post_type=product&#038;p=2737"},"modified":"2026-03-08T10:30:14","modified_gmt":"2026-03-08T14:30:14","slug":"lafeber-avi-cakes-original-8-oz-062-86010","status":"publish","type":"product","link":"https:\/\/www.perroquetsecours.com\/en\/produit\/lafeber-avi-cakes-original-8-oz-062-86010","title":{"rendered":"LAFEBER\u00ae AVI-CAKES ORIGINAL 8 OZ (062-86010)"},"content":{"rendered":"","protected":false},"excerpt":{"rendered":"<p><strong>D\u00c9TAILS:<\/strong><\/p>\n<p>Vous cherchez un moyen amusant et facile de faire sortir votre perruche, votre ins\u00e9parable, votre cockatiel, votre conure ou tout autre petit oiseau d&rsquo;un r\u00e9gime principalement compos\u00e9 de graines et de lui donner un aliment nutritif qu&rsquo;il adorera? Les Avi-Cakes ont \u00e9t\u00e9 con\u00e7us en pensant \u00e0 votre oiseau! Nous avons collabor\u00e9 avec les meilleurs v\u00e9t\u00e9rinaires aviaires, nutritionnistes et consultants en comportement pour cr\u00e9er une recette qui donne \u00e0 votre oiseau le meilleur des deux mondes &#8211; go\u00fbt et texture, ainsi qu&rsquo;une nutrition solide.<\/p>\n<p>Avi-Cakes est un m\u00e9lange sp\u00e9cial de graines de premi\u00e8re qualit\u00e9 m\u00e9lang\u00e9es \u00e0 50-50 avec des granul\u00e9s nutritionnellement \u00e9quilibr\u00e9s fabriqu\u00e9s \u00e0 partir d&rsquo;ingr\u00e9dients sans OGM, le tout maintenu avec un liant de m\u00e9lasse au go\u00fbt d\u00e9licieux. Sa forme carr\u00e9e est con\u00e7ue pour que votre oiseau puisse le tenir et le d\u00e9faire en morceaux &#8211; id\u00e9al pour fourrager \u00abtravail et m\u00e2che\u00bb pour faire ressortir les instincts de recherche de nourriture. Votre oiseau peut trier et choisir dans un m\u00e9lange de graines en vrac, mais il tirera, d\u00e9fera les Avi-Cakes et consommera une meilleure nutrition en cours de route.<\/p>\n<p>La nutrition Avi-Cake correspond \u00e0 celle de la plupart des r\u00e9gimes en granul\u00e9s, elle peut donc \u00eatre utilis\u00e9e comme r\u00e9gime principal. Il constitue \u00e9galement la nourriture de \u00abpont\u00bb parfaite pour sevrer votre oiseau des graines et des granul\u00e9s, auxquels les petits oiseaux sont particuli\u00e8rement susceptibles de r\u00e9sister. Avi-Cakes contient 50% de granul\u00e9s, donc de nombreux oiseaux mangeront des granul\u00e9s apr\u00e8s avoir mang\u00e9 des Avi-Cakes.<\/p>\n<p>Nos aliments sont \u00e9quilibr\u00e9s en om\u00e9ga 3 et 6 pour favoriser un syst\u00e8me immunitaire sain et am\u00e9liorer la qualit\u00e9 de la peau et des plumes, et ils sont naturellement pr\u00e9serv\u00e9s et aromatis\u00e9s. Toutes les graines et les grains des Avi-Cakes sont inspect\u00e9s \u00e0 la main pour leur propret\u00e9 et leur fra\u00eecheur. Notre \u00e9quipement a \u00e9t\u00e9 sp\u00e9cialement con\u00e7u pour la fabrication de nourriture pour oiseaux. Nous fabriquons de petits lots d&rsquo;aliments pour garantir la meilleure qualit\u00e9 possible. Chaque lot est test\u00e9 en laboratoire. Enfin, chaque Avi-Cake est emball\u00e9 \u00e0 la main. Faire un excellent produit demande beaucoup de travail, mais nous pensons que les r\u00e9sultats en valent la peine!<\/p>\n<p>&#8212;&#8212;&#8212;&#8212;&#8212;&#8212;&#8212;&#8212;&#8212;&#8212;&#8212;&#8212;&#8212;&#8212;&#8212;&#8212;&#8212;&#8212;&#8212;&#8212;&#8212;&#8212;&#8212;&#8212;&#8212;&#8212;&#8212;-<\/p>\n<p><strong>DETAILS:<\/strong><\/p>\n<p>Looking for a fun, easy way to get your parakeet, lovebird, cockatiel, conure, or other small bird off of a mostly seed diet and onto a nutritious food he\u2019ll love? Avi-Cakes were made with your bird in mind! We collaborated with top avian veterinarians, nutritionists, and behavioral consultants to create a recipe that gives your bird the best of both worlds \u2014 taste and texture, and solid nutrition, too.<\/p>\n<p>Avi-Cakes is a special blend of premium seeds mixed 50-50 with nutritionally balanced pellets made from non-GMO ingredients, all held together with a great-tasting molasses binder. Its square shape is designed for your bird to hold and pull part \u2014 the perfect \u201cwork-and-chew-food\u201d to bring out foraging instincts. Your bird might pick and choose his way through a loose seed mix, but he\u2019ll pull, stretch, crunch, and twist his way through Avi-Cakes and consume better nutrition along the way.<\/p>\n<p>Avi-Cake nutrition matches that of most pelleted diets, so it can be fed as a main diet. It also makes the perfect \u201cbridge\u201d food to wean your bird off of seeds and onto pellets, which small birds are especially likely to resist. Avi-Cakes has 50% pellets, so many birds will eat pellets after eating Avi-Cakes.<\/p>\n<p>Our foods are Omega 3 &amp; 6 balanced to promote a healthy immune system and improve skin and feather quality, and they are naturally preserved and flavored. All the seeds and grains in Avi-Cakes are hand-inspected for cleanliness and freshness. Our equipment has been specially designed for just making bird food. We make small batches of food to ensure the best quality possible. Each batch is laboratory tested. Finally, each Avi-Cake is hand-packed. It takes a lot of work to make a great product, but we believe the results are worth it!<\/p>","protected":false},"featured_media":2792,"template":"","meta":{"_acf_changed":false,"om_disable_all_campaigns":false,"_monsterinsights_skip_tracking":false,"_monsterinsights_sitenote_active":false,"_monsterinsights_sitenote_note":"","_monsterinsights_sitenote_category":0},"product_brand":[],"product_cat":[1867],"product_tag":[],"class_list":{"0":"post-2737","1":"product","2":"type-product","3":"status-publish","4":"has-post-thumbnail","6":"product_cat-nourriture-food","7":"product_shipping_class-frais-de-livraison-robot","9":"first","10":"outofstock","11":"shipping-taxable","12":"purchasable","13":"product-type-simple"},"acf":[],"aioseo_notices":[],"_links":{"self":[{"href":"https:\/\/www.perroquetsecours.com\/en\/wp-json\/wp\/v2\/product\/2737","targetHints":{"allow":["GET"]}}],"collection":[{"href":"https:\/\/www.perroquetsecours.com\/en\/wp-json\/wp\/v2\/product"}],"about":[{"href":"https:\/\/www.perroquetsecours.com\/en\/wp-json\/wp\/v2\/types\/product"}],"wp:featuredmedia":[{"embeddable":true,"href":"https:\/\/www.perroquetsecours.com\/en\/wp-json\/wp\/v2\/media\/2792"}],"wp:attachment":[{"href":"https:\/\/www.perroquetsecours.com\/en\/wp-json\/wp\/v2\/media?parent=2737"}],"wp:term":[{"taxonomy":"product_brand","embeddable":true,"href":"https:\/\/www.perroquetsecours.com\/en\/wp-json\/wp\/v2\/product_brand?post=2737"},{"taxonomy":"product_cat","embeddable":true,"href":"https:\/\/www.perroquetsecours.com\/en\/wp-json\/wp\/v2\/product_cat?post=2737"},{"taxonomy":"product_tag","embeddable":true,"href":"https:\/\/www.perroquetsecours.com\/en\/wp-json\/wp\/v2\/product_tag?post=2737"}],"curies":[{"name":"wp","href":"https:\/\/api.w.org\/{rel}","templated":true}]}}