{"id":2755,"date":"2023-11-14T16:52:56","date_gmt":"2023-11-14T20:52:56","guid":{"rendered":"https:\/\/www.perroquetsecours.com\/?post_type=product&#038;p=2755"},"modified":"2025-12-26T12:04:54","modified_gmt":"2025-12-26T16:04:54","slug":"ps-autocollants-prevention","status":"publish","type":"product","link":"https:\/\/www.perroquetsecours.com\/en\/produit\/ps-autocollants-prevention","title":{"rendered":"PS-Prevention stickers"},"content":{"rendered":"","protected":false},"excerpt":{"rendered":"<p>Autocollants \u00e9lectrostatiques 5 x 5 pour fen\u00eatres, vitre int\u00e9rieure. Pr\u00e9venir les fugues en apposant cet autocollant lorsque vos oiseaux sont en libert\u00e9, \u00e0 la fois pour vous et vos visiteurs.&nbsp;<\/p>\n<hr>\n<p id=\"tw-target-text\" class=\"tw-data-text tw-text-large XcVN5d tw-ta\" dir=\"ltr\" data-placeholder=\"Traduction\"><span lang=\"en\">5 x 5 electrostatic&nbsp;<\/span>indoor windows stickers, Prevent runaways by putting this sticker on when your birds are free in the house, both for you and your visitors.<\/p>\n<p>&nbsp;<\/p>\n<p>&nbsp;<\/p>","protected":false},"featured_media":2793,"template":"","meta":{"_acf_changed":false,"om_disable_all_campaigns":false,"_monsterinsights_skip_tracking":false,"_monsterinsights_sitenote_active":false,"_monsterinsights_sitenote_note":"","_monsterinsights_sitenote_category":0},"product_brand":[],"product_cat":[1849],"product_tag":[],"class_list":{"0":"post-2755","1":"product","2":"type-product","3":"status-publish","4":"has-post-thumbnail","6":"product_cat-autres-others","7":"product_shipping_class-frais-livraison-signets","9":"first","10":"instock","11":"shipping-taxable","12":"purchasable","13":"product-type-simple"},"acf":[],"aioseo_notices":[],"_links":{"self":[{"href":"https:\/\/www.perroquetsecours.com\/en\/wp-json\/wp\/v2\/product\/2755","targetHints":{"allow":["GET"]}}],"collection":[{"href":"https:\/\/www.perroquetsecours.com\/en\/wp-json\/wp\/v2\/product"}],"about":[{"href":"https:\/\/www.perroquetsecours.com\/en\/wp-json\/wp\/v2\/types\/product"}],"wp:featuredmedia":[{"embeddable":true,"href":"https:\/\/www.perroquetsecours.com\/en\/wp-json\/wp\/v2\/media\/2793"}],"wp:attachment":[{"href":"https:\/\/www.perroquetsecours.com\/en\/wp-json\/wp\/v2\/media?parent=2755"}],"wp:term":[{"taxonomy":"product_brand","embeddable":true,"href":"https:\/\/www.perroquetsecours.com\/en\/wp-json\/wp\/v2\/product_brand?post=2755"},{"taxonomy":"product_cat","embeddable":true,"href":"https:\/\/www.perroquetsecours.com\/en\/wp-json\/wp\/v2\/product_cat?post=2755"},{"taxonomy":"product_tag","embeddable":true,"href":"https:\/\/www.perroquetsecours.com\/en\/wp-json\/wp\/v2\/product_tag?post=2755"}],"curies":[{"name":"wp","href":"https:\/\/api.w.org\/{rel}","templated":true}]}}