{"id":2759,"date":"2023-11-14T16:52:56","date_gmt":"2023-11-14T20:52:56","guid":{"rendered":"https:\/\/www.perroquetsecours.com\/?post_type=product&#038;p=2759"},"modified":"2026-03-05T12:40:12","modified_gmt":"2026-03-05T16:40:12","slug":"prevue-hendryx-calypso-creations-hide-seek-foraging-bird-perch-9-107-01061-s-m","status":"publish","type":"product","link":"https:\/\/www.perroquetsecours.com\/en\/produit\/prevue-hendryx-calypso-creations-hide-seek-foraging-bird-perch-9-107-01061-s-m","title":{"rendered":"PREVUE HENDRYX\u2122 CALYPSO CREATIONS HIDE &#038; SEEK FORAGING BIRD PERCH 9&Prime; (107-01061) (S-M)"},"content":{"rendered":"","protected":false},"excerpt":{"rendered":"<p>&nbsp;<\/p>\n<p><strong>D\u00c9TAILS:<\/strong><\/p>\n<p>Les perchoirs pour oiseaux fourragers Prevue Hendryx \u2122 Calypso Creations Hide &amp; Seek sont fabriqu\u00e9s \u00e0 partir d&rsquo;arbres de bambou robustes, r\u00e9sistants et \u00e9cologiques, un bois ultra dur utilis\u00e9 pour une durabilit\u00e9 \u00e0 long terme. Id\u00e9al pour remplir avec tous les mat\u00e9riaux de nidification, fibres ou friandises. Id\u00e9al pour les oiseaux de plus petite taille.<\/p>\n<p>&#8212;&#8212;&#8212;&#8212;&#8212;&#8212;&#8212;&#8212;&#8212;&#8212;&#8212;&#8212;&#8212;&#8212;&#8212;&#8212;&#8212;&#8212;&#8212;&#8212;&#8212;&#8212;&#8212;&#8212;<\/p>\n<p><strong>DETAILS:<\/strong><\/p>\n<p>Prevue Hendryx\u2122 Calypso Creations Hide &amp; Seek Foraging Bird Perches are made from rugged, hardy, eco-friendly bamboo tress, an ultra hardwood used for long-lasting durability. Great to refill with any nesting materials, fibers or treats. Ideal for smaller sized birds.<\/p>","protected":false},"featured_media":2797,"template":"","meta":{"_acf_changed":false,"om_disable_all_campaigns":false,"_monsterinsights_skip_tracking":false,"_monsterinsights_sitenote_active":false,"_monsterinsights_sitenote_note":"","_monsterinsights_sitenote_category":0},"product_brand":[],"product_cat":[1851],"product_tag":[],"class_list":{"0":"post-2759","1":"product","2":"type-product","3":"status-publish","4":"has-post-thumbnail","6":"product_cat-perchoirs-perches","7":"product_shipping_class-frais-livraison-preener","9":"first","10":"instock","11":"shipping-taxable","12":"purchasable","13":"product-type-simple"},"acf":[],"aioseo_notices":[],"_links":{"self":[{"href":"https:\/\/www.perroquetsecours.com\/en\/wp-json\/wp\/v2\/product\/2759","targetHints":{"allow":["GET"]}}],"collection":[{"href":"https:\/\/www.perroquetsecours.com\/en\/wp-json\/wp\/v2\/product"}],"about":[{"href":"https:\/\/www.perroquetsecours.com\/en\/wp-json\/wp\/v2\/types\/product"}],"wp:featuredmedia":[{"embeddable":true,"href":"https:\/\/www.perroquetsecours.com\/en\/wp-json\/wp\/v2\/media\/2797"}],"wp:attachment":[{"href":"https:\/\/www.perroquetsecours.com\/en\/wp-json\/wp\/v2\/media?parent=2759"}],"wp:term":[{"taxonomy":"product_brand","embeddable":true,"href":"https:\/\/www.perroquetsecours.com\/en\/wp-json\/wp\/v2\/product_brand?post=2759"},{"taxonomy":"product_cat","embeddable":true,"href":"https:\/\/www.perroquetsecours.com\/en\/wp-json\/wp\/v2\/product_cat?post=2759"},{"taxonomy":"product_tag","embeddable":true,"href":"https:\/\/www.perroquetsecours.com\/en\/wp-json\/wp\/v2\/product_tag?post=2759"}],"curies":[{"name":"wp","href":"https:\/\/api.w.org\/{rel}","templated":true}]}}