{"id":2760,"date":"2023-11-14T16:52:56","date_gmt":"2023-11-14T20:52:56","guid":{"rendered":"https:\/\/www.perroquetsecours.com\/?post_type=product&#038;p=2760"},"modified":"2026-04-16T12:10:28","modified_gmt":"2026-04-16T16:10:28","slug":"lafeber-el-paso-nutri-berries-3-lb-062-82152","status":"publish","type":"product","link":"https:\/\/www.perroquetsecours.com\/en\/produit\/lafeber-el-paso-nutri-berries-3-lb-062-82152","title":{"rendered":"LAFEBER\u00ae EL PASO NUTRI-BERRIES 3 LB (062-82152)"},"content":{"rendered":"","protected":false},"excerpt":{"rendered":"<p><strong>D\u00c9TAILS:<\/strong><\/p>\n<p>Ajoutez un peu de piquant \u00e0 la vie de votre oiseau avec El Paso Nutri-Berries! Ils sont pr\u00e9par\u00e9s avec des ingr\u00e9dients qui attirent le go\u00fbt comme des poivrons rouges et verts et assaisonn\u00e9s de poudre de chili, de cumin, d&rsquo;ail, d&rsquo;origan et d&rsquo;autres \u00e9pices exotiques que votre oiseau est s\u00fbr de se d\u00e9cha\u00eener! El Paso Nutri-Berries est un aliment nutritionnellement complet con\u00e7u pour r\u00e9pondre aux instincts de recherche de nourriture de votre oiseau et exciter ses papilles gustatives. Nous pensons que la nourriture de votre oiseau peut \u00eatre \u00e0 la fois excitante et nutritive. Votre ami \u00e0 plumes adorera tenir, tirer et d\u00e9chirer chaque berrie.<\/p>\n<p>Au lieu de broyer les ingr\u00e9dients sous forme de granul\u00e9s, les ingr\u00e9dients d&rsquo;El Paso Nutri-Berries sont laiss\u00e9s pour la plupart entiers pour donner \u00e0 votre oiseau des saveurs piquantes et des textures que les r\u00e9gimes alimentaires en granul\u00e9s manquent. Et, contrairement aux m\u00e9langes de graines enrichis de vitamines et de min\u00e9raux qui perdent leurs bienfaits pour la sant\u00e9 une fois que l&rsquo;oiseau a ouvert la graine, les Nutri-Berries sont faites de graines et de c\u00e9r\u00e9ales d\u00e9cortiqu\u00e9es. Chaque berrie est ensuite recouverte de vitamines et de min\u00e9raux essentiels pour que votre oiseau re\u00e7oive une alimentation \u00e9quilibr\u00e9e \u00e0 chaque bouch\u00e9e.<\/p>\n<hr \/>\n<p><strong>DETAILS:<\/strong><\/p>\n<p>Add a little spice to your bird\u2019s life with El Paso Nutri-Berries! They are made with taste-grabbing ingredients like red and green bell peppers and seasoned with chili powder, cumin, garlic, oregano, and other exotic spices that your bird is sure to go wild over! El Paso Nutri-Berries are a nutritionally complete food designed to cater to your bird\u2019s foraging instincts and excite his taste buds. We believe your bird\u2019s food can be both exciting and nutritious. Your feathered friend will love holding, pulling, and tearing at each berrie.<\/p>\n<p>Instead of grinding down the ingredients into a pelleted form, the ingredients in El Paso Nutri-Berries are left mostly whole to give your bird zesty flavors and textures pelleted diets lack. And, unlike vitamin- and mineral-fortified seed mixes that lose their health benefits once the bird cracks open the seed, Nutri-Berries are made with hulled seeds and grains. Each berrie is then coated with essential vitamins and minerals to ensure that your bird receives balanced nutrition in each bite.<\/p>","protected":false},"featured_media":2798,"template":"","meta":{"_acf_changed":false,"om_disable_all_campaigns":false,"_monsterinsights_skip_tracking":false,"_monsterinsights_sitenote_active":false,"_monsterinsights_sitenote_note":"","_monsterinsights_sitenote_category":0},"product_brand":[],"product_cat":[1867],"product_tag":[],"class_list":{"0":"post-2760","1":"product","2":"type-product","3":"status-publish","4":"has-post-thumbnail","6":"product_cat-nourriture-food","7":"product_shipping_class-frais-de-livraison-gros-colis","9":"first","10":"outofstock","11":"shipping-taxable","12":"purchasable","13":"product-type-simple"},"acf":[],"aioseo_notices":[],"_links":{"self":[{"href":"https:\/\/www.perroquetsecours.com\/en\/wp-json\/wp\/v2\/product\/2760","targetHints":{"allow":["GET"]}}],"collection":[{"href":"https:\/\/www.perroquetsecours.com\/en\/wp-json\/wp\/v2\/product"}],"about":[{"href":"https:\/\/www.perroquetsecours.com\/en\/wp-json\/wp\/v2\/types\/product"}],"wp:featuredmedia":[{"embeddable":true,"href":"https:\/\/www.perroquetsecours.com\/en\/wp-json\/wp\/v2\/media\/2798"}],"wp:attachment":[{"href":"https:\/\/www.perroquetsecours.com\/en\/wp-json\/wp\/v2\/media?parent=2760"}],"wp:term":[{"taxonomy":"product_brand","embeddable":true,"href":"https:\/\/www.perroquetsecours.com\/en\/wp-json\/wp\/v2\/product_brand?post=2760"},{"taxonomy":"product_cat","embeddable":true,"href":"https:\/\/www.perroquetsecours.com\/en\/wp-json\/wp\/v2\/product_cat?post=2760"},{"taxonomy":"product_tag","embeddable":true,"href":"https:\/\/www.perroquetsecours.com\/en\/wp-json\/wp\/v2\/product_tag?post=2760"}],"curies":[{"name":"wp","href":"https:\/\/api.w.org\/{rel}","templated":true}]}}