{"id":2762,"date":"2023-11-14T16:52:56","date_gmt":"2023-11-14T20:52:56","guid":{"rendered":"https:\/\/www.perroquetsecours.com\/?post_type=product&#038;p=2762"},"modified":"2024-11-28T23:13:20","modified_gmt":"2024-11-29T03:13:20","slug":"prevue-hendryx-calypso-creations-fiesta-handbag-107-62604-s-m","status":"publish","type":"product","link":"https:\/\/www.perroquetsecours.com\/en\/produit\/prevue-hendryx-calypso-creations-fiesta-handbag-107-62604-s-m","title":{"rendered":"PREVUE HENDRYX\u2122 CALYPSO CREATIONS FIESTA HANDBAG (107-62604) (S-M)"},"content":{"rendered":"","protected":false},"excerpt":{"rendered":"<p>&nbsp;<\/p>\n<p><strong><img fetchpriority=\"high\" decoding=\"async\" class=\"alignnone size-medium wp-image-23755\" src=\"https:\/\/www.perroquetsecours.com\/wp-content\/uploads\/2023\/02\/charte-300x196.jpg\" alt=\"\" width=\"300\" height=\"196\" \/><\/strong><\/p>\n<p><strong>D\u00c9TAILS:<\/strong><\/p>\n<p>PRevue Hendryx \u2122 Calypso Creations Fiesta Handbag Bird Toy 62604 est un jouet color\u00e9 et suspendu \u00e0 d\u00e9chiqueter et \u00e0 tirer &#8211; satisfaisant les instincts de lissage et d\u00e9courageant le picage de votre oiseau. Fabriqu\u00e9 \u00e0 partir d&rsquo;une vari\u00e9t\u00e9 de mat\u00e9riaux, y compris de la corde nou\u00e9e, du papier froiss\u00e9 et plus encore. Tous les mat\u00e9riaux sont 100% s\u00fbrs pour les animaux avec des couleurs non toxiques de qualit\u00e9 alimentaire et se fixent facilement \u00e0 la cage avec des attaches rapides. Le jouet est fabriqu\u00e9 \u00e0 la main et les mesures r\u00e9elles peuvent varier l\u00e9g\u00e8rement. Comme toujours, surveillez les oiseaux en train de jouer. Notre jouet oiseau Calypso Creations Fiesta Handbag mesure environ 14 \u00ab\u00a0de long et 7\u00a0\u00bb de large, id\u00e9al pour les oiseaux de petite \u00e0 moyenne taille.<\/p>\n<p>&#8212;&#8212;&#8212;&#8212;&#8212;&#8212;&#8212;&#8212;&#8212;&#8212;&#8212;&#8212;&#8212;&#8212;&#8212;&#8212;&#8212;&#8212;&#8212;&#8212;&#8212;&#8212;&#8212;&#8212;&#8212;&#8212;&#8212;&#8212;-<\/p>\n<p><strong>DETAILS:<\/strong><\/p>\n<p>Prevue Hendryx\u2122 Calypso Creations Fiesta Handbag Bird Toy 62604 is a colorful, dangling toy to shred and pull &#8211; satisfying preening instincts and discouraging plucking in your bird. Made from a variety of materials, including knotted rope, crinkly paper and more. All materials are 100% pet safe with non-toxic, food grade colors and connect easily to cage with quick-link attachments. Toy is hand made and actual measurements may vary slightly. As always, supervise birds at play. Our Calypso Creations Fiesta Handbag bird toy is approximately 14&Prime; Long and 7&Prime; Wide, ideal for Small to Medium sized birds.<\/p>","protected":false},"featured_media":2810,"template":"","meta":{"_acf_changed":false,"om_disable_all_campaigns":false,"_monsterinsights_skip_tracking":false,"_monsterinsights_sitenote_active":false,"_monsterinsights_sitenote_note":"","_monsterinsights_sitenote_category":0},"product_brand":[],"product_cat":[1853],"product_tag":[],"class_list":{"0":"post-2762","1":"product","2":"type-product","3":"status-publish","4":"has-post-thumbnail","6":"product_cat-jouets-toys","7":"product_shipping_class-frais-de-livraison-robot","9":"first","10":"instock","11":"shipping-taxable","12":"purchasable","13":"product-type-simple"},"acf":[],"aioseo_notices":[],"_links":{"self":[{"href":"https:\/\/www.perroquetsecours.com\/en\/wp-json\/wp\/v2\/product\/2762","targetHints":{"allow":["GET"]}}],"collection":[{"href":"https:\/\/www.perroquetsecours.com\/en\/wp-json\/wp\/v2\/product"}],"about":[{"href":"https:\/\/www.perroquetsecours.com\/en\/wp-json\/wp\/v2\/types\/product"}],"wp:featuredmedia":[{"embeddable":true,"href":"https:\/\/www.perroquetsecours.com\/en\/wp-json\/wp\/v2\/media\/2810"}],"wp:attachment":[{"href":"https:\/\/www.perroquetsecours.com\/en\/wp-json\/wp\/v2\/media?parent=2762"}],"wp:term":[{"taxonomy":"product_brand","embeddable":true,"href":"https:\/\/www.perroquetsecours.com\/en\/wp-json\/wp\/v2\/product_brand?post=2762"},{"taxonomy":"product_cat","embeddable":true,"href":"https:\/\/www.perroquetsecours.com\/en\/wp-json\/wp\/v2\/product_cat?post=2762"},{"taxonomy":"product_tag","embeddable":true,"href":"https:\/\/www.perroquetsecours.com\/en\/wp-json\/wp\/v2\/product_tag?post=2762"}],"curies":[{"name":"wp","href":"https:\/\/api.w.org\/{rel}","templated":true}]}}