{"id":2764,"date":"2023-11-14T16:52:56","date_gmt":"2023-11-14T20:52:56","guid":{"rendered":"https:\/\/www.perroquetsecours.com\/?post_type=product&#038;p=2764"},"modified":"2024-11-28T23:14:06","modified_gmt":"2024-11-29T03:14:06","slug":"zoo-med-avian-calcium-3-oz-307-13803","status":"publish","type":"product","link":"https:\/\/www.perroquetsecours.com\/en\/produit\/zoo-med-avian-calcium-3-oz-307-13803","title":{"rendered":"ZOO MED\u2122 AVIAN CALCIUM 3 OZ (307-13803)"},"content":{"rendered":"","protected":false},"excerpt":{"rendered":"<p><strong>D\u00c9TAILS:<\/strong><\/p>\n<p>Le calcium aviaire est un suppl\u00e9ment de calcium pur pour toutes les esp\u00e8ces d&rsquo;oiseaux. Le calcium aviaire utilise uniquement du carbonate de calcium pr\u00e9cipit\u00e9 qui est de couleur blanche et est essentiellement sans plomb. Les impuret\u00e9s dans d&rsquo;autres sources de carbonate de calcium (par exemple, le calcium de coquille d&rsquo;hu\u00eetre) font que le suppl\u00e9ment appara\u00eet de couleur grise. Les particules de carbonate de calcium dans le calcium aviaire ont une forme unique et une surface par gramme extr\u00eamement \u00e9lev\u00e9e, ce qui entra\u00eene une biodisponibilit\u00e9 accrue du calcium. Le calcium est essentiel \u00e0 la formation et au maintien d&rsquo;os solides, \u00e0 la production d&rsquo;\u0153ufs, \u00e0 la coagulation du sang et \u00e0 d&rsquo;autres fonctions vitales. Avec le calcium aviaire, vous pouvez \u00eatre rassur\u00e9 en sachant que vos oiseaux re\u00e7oivent une source hautement biodisponible de carbonate de calcium sans impuret\u00e9s nocives.<\/p>\n<hr \/>\n<p><strong>DETAILS:<\/strong><\/p>\n<p>Avian Calcium is a pure calcium supplement for all species of birds. The Avian Calcium uses only Precipitated Calcium Carbonate which is white in color and is essentially lead free. Impurities in other sources of calcium carbonate (e.g. Oyster Shell Calcium) cause the supplement to appear gray in color. The calcium carbonate particles in Avian Calcium have a unique shape, and an extremely high surface area per grams, resulting in increased calcium bio-availability. Calcium is essential for the formation and maintenance of strong bones, egg production, blood clotting, and other vital life functions. With Avian Calcium, you can take comfort in knowing that your birds are receiving a highly bio-available source of calcium carbonate that is free of harmful impurities.<\/p>","protected":false},"featured_media":2812,"template":"","meta":{"_acf_changed":false,"om_disable_all_campaigns":false,"_monsterinsights_skip_tracking":false,"_monsterinsights_sitenote_active":false,"_monsterinsights_sitenote_note":"","_monsterinsights_sitenote_category":0},"product_brand":[],"product_cat":[1849],"product_tag":[],"class_list":{"0":"post-2764","1":"product","2":"type-product","3":"status-publish","4":"has-post-thumbnail","6":"product_cat-autres-others","7":"product_shipping_class-frais-livraison-preener","9":"first","10":"instock","11":"shipping-taxable","12":"purchasable","13":"product-type-simple"},"acf":[],"aioseo_notices":[],"_links":{"self":[{"href":"https:\/\/www.perroquetsecours.com\/en\/wp-json\/wp\/v2\/product\/2764","targetHints":{"allow":["GET"]}}],"collection":[{"href":"https:\/\/www.perroquetsecours.com\/en\/wp-json\/wp\/v2\/product"}],"about":[{"href":"https:\/\/www.perroquetsecours.com\/en\/wp-json\/wp\/v2\/types\/product"}],"wp:featuredmedia":[{"embeddable":true,"href":"https:\/\/www.perroquetsecours.com\/en\/wp-json\/wp\/v2\/media\/2812"}],"wp:attachment":[{"href":"https:\/\/www.perroquetsecours.com\/en\/wp-json\/wp\/v2\/media?parent=2764"}],"wp:term":[{"taxonomy":"product_brand","embeddable":true,"href":"https:\/\/www.perroquetsecours.com\/en\/wp-json\/wp\/v2\/product_brand?post=2764"},{"taxonomy":"product_cat","embeddable":true,"href":"https:\/\/www.perroquetsecours.com\/en\/wp-json\/wp\/v2\/product_cat?post=2764"},{"taxonomy":"product_tag","embeddable":true,"href":"https:\/\/www.perroquetsecours.com\/en\/wp-json\/wp\/v2\/product_tag?post=2764"}],"curies":[{"name":"wp","href":"https:\/\/api.w.org\/{rel}","templated":true}]}}