{"id":2765,"date":"2023-11-14T16:52:56","date_gmt":"2023-11-14T20:52:56","guid":{"rendered":"https:\/\/www.perroquetsecours.com\/?post_type=product&#038;p=2765"},"modified":"2026-03-08T10:30:14","modified_gmt":"2026-03-08T14:30:14","slug":"lafeber-cockatiel-pellets-1-25-lb-062-81540","status":"publish","type":"product","link":"https:\/\/www.perroquetsecours.com\/en\/produit\/lafeber-cockatiel-pellets-1-25-lb-062-81540","title":{"rendered":"LAFEBER\u00ae COCKATIEL PELLETS 1.25 LB 062-81540"},"content":{"rendered":"","protected":false},"excerpt":{"rendered":"<p><strong>D\u00c9TAILS:<\/strong><\/p>\n<p>Une calopsitte, comme de nombreux petits oiseaux, mangera volontiers des graines jour apr\u00e8s jour si on lui en donne l&rsquo;occasion; Malheureusement, un r\u00e9gime \u00e0 base de graines peut raccourcir consid\u00e9rablement sa vie. Les graines sont riches en graisses et manquent des nutriments n\u00e9cessaires pour vivre longtemps et en bonne sant\u00e9. M\u00eame les m\u00e9langes de graines enrob\u00e9s de vitamines et de min\u00e9raux ne parviennent pas \u00e0 une nutrition compl\u00e8te, car une fois que l&rsquo;oiseau fissure et d\u00e9cortique la graine, ces avantages sont perdus.<\/p>\n<p>Le r\u00e9gime quotidien Premium de Lafeber pour les calopsittes est un m\u00e9lange de haute qualit\u00e9 d&rsquo;ingr\u00e9dients naturels comme le ma\u00efs moulu sans OGM et la farine de soja. Chaque granule contient tous les nutriments dont votre calopsitte, conure, perroquet quaker ou ins\u00e9parable a besoin pour une vie pleine, \u00e9nergique et saine.<\/p>\n<p>Nos granul\u00e9s sont aromatis\u00e9s \u00e0 la m\u00e9lasse, ce qui am\u00e9liore naturellement le go\u00fbt et am\u00e9liore l&rsquo;acceptation des granul\u00e9s lorsque les \u00abaccros aux graines\u00bb capricieux sont convertis en une alimentation saine. Ils sont parfaitement dimensionn\u00e9s pour que votre calopsitte les \u00e9miette et peuvent \u00eatre propos\u00e9s comme repas complet ou comme \u00e9l\u00e9ment important de l&rsquo;alimentation de votre oiseau. De nombreux propri\u00e9taires de calopsittes ont d\u00e9couvert que leurs oiseaux aiment une combinaison d&rsquo;aliments avec leurs granul\u00e9s, tels que Nutri-Berries, Avi-Cakes et divers fruits et l\u00e9gumes.<\/p>\n<p>Nos grains sont litt\u00e9ralement cultiv\u00e9s devant la porte d&rsquo;entr\u00e9e de Lafeber Company. Nous incluons \u00e9galement des \u0153ufs entiers, l&rsquo;une des formes de prot\u00e9ines les plus digestes, et des vitamines, min\u00e9raux et acides amin\u00e9s essentiels sont ajout\u00e9s aux grains m\u00e9lang\u00e9s. Le r\u00e9gime quotidien Premium de Lafeber est compos\u00e9 d&rsquo;acides gras om\u00e9ga 3 et 6 \u00e9quilibr\u00e9s pour donner \u00e0 votre oiseau un syst\u00e8me immunitaire plus fort, des os plus solides et des plumes plus saines. Nous aromatisons et pr\u00e9servons \u00e9galement naturellement nos aliments, et chaque lot de granul\u00e9s est scientifiquement test\u00e9 pour sa qualit\u00e9 dans un laboratoire ind\u00e9pendant afin que vous puissiez vous sentir bien en donnant des aliments Lafeber \u00e0 votre compagnon \u00e0 plumes.<\/p>\n<p>&nbsp;<\/p>\n<p>&nbsp;<\/p>\n<p><strong>DETAILS:<\/strong><\/p>\n<p>A cockatiel, like many small birds, will happily eat seed day-in and day-out if given the opportunity; unfortunately, a seed-only diet can shorten his life considerably. Seed is high in fat and lacks the nutrients needed to sustain a long, healthy life. Even seed mixes that are coated with vitamins and minerals fall short on complete nutrition, because once the bird cracks and hulls the seed these benefits are lost.<\/p>\n<p>Lafeber\u2019s Premium Daily Diet for Cockatiels is a high-quality blend of natural ingredients like ground non-GMO corn and soybean meal. Each pellet contains all the nutrients your cockatiel, conure, quaker parrot, or lovebird needs for a full, energetic, and healthy life.<\/p>\n<p>Our pellets are flavored with molasses, which enhances taste naturally and improves the acceptance of pellets when finicky \u201cseed junkies\u201d are converted to a healthy diet. They are perfectly sized for your cockatiel to crumble up and can be offered as a full meal or as an important part of your bird\u2019s diet. Many cockatiel owners have found that their birds love a combination of foods along with their pellets, such as Nutri-Berries, Avi-Cakes, and various fruits and vegetables.<\/p>\n<p>Our grains are literally grown outside Lafeber Company\u2019s front door. We also include whole egg, one of the most digestible forms of protein, and essential vitamins, minerals, and amino acids are added to the mixed grains. Lafeber\u2019s Premium Daily Diet is Omega 3 &amp; 6 fatty acid balanced to give your bird a stronger immune system, stronger bones, and healthier feathers. We also naturally flavor and naturally preserve our foods, and each batch of pellets is scientifically tested for quality at an independent laboratory so you can feel good about feeding Lafeber foods to your feathered companion.<\/p>","protected":false},"featured_media":18950,"template":"","meta":{"_acf_changed":false,"om_disable_all_campaigns":false,"_monsterinsights_skip_tracking":false,"_monsterinsights_sitenote_active":false,"_monsterinsights_sitenote_note":"","_monsterinsights_sitenote_category":0},"product_brand":[],"product_cat":[1867],"product_tag":[],"class_list":{"0":"post-2765","1":"product","2":"type-product","3":"status-publish","4":"has-post-thumbnail","6":"product_cat-nourriture-food","7":"product_shipping_class-frais-livraison-preener","9":"first","10":"outofstock","11":"shipping-taxable","12":"purchasable","13":"product-type-simple"},"acf":[],"aioseo_notices":[],"_links":{"self":[{"href":"https:\/\/www.perroquetsecours.com\/en\/wp-json\/wp\/v2\/product\/2765","targetHints":{"allow":["GET"]}}],"collection":[{"href":"https:\/\/www.perroquetsecours.com\/en\/wp-json\/wp\/v2\/product"}],"about":[{"href":"https:\/\/www.perroquetsecours.com\/en\/wp-json\/wp\/v2\/types\/product"}],"wp:featuredmedia":[{"embeddable":true,"href":"https:\/\/www.perroquetsecours.com\/en\/wp-json\/wp\/v2\/media\/18950"}],"wp:attachment":[{"href":"https:\/\/www.perroquetsecours.com\/en\/wp-json\/wp\/v2\/media?parent=2765"}],"wp:term":[{"taxonomy":"product_brand","embeddable":true,"href":"https:\/\/www.perroquetsecours.com\/en\/wp-json\/wp\/v2\/product_brand?post=2765"},{"taxonomy":"product_cat","embeddable":true,"href":"https:\/\/www.perroquetsecours.com\/en\/wp-json\/wp\/v2\/product_cat?post=2765"},{"taxonomy":"product_tag","embeddable":true,"href":"https:\/\/www.perroquetsecours.com\/en\/wp-json\/wp\/v2\/product_tag?post=2765"}],"curies":[{"name":"wp","href":"https:\/\/api.w.org\/{rel}","templated":true}]}}