{"id":2767,"date":"2023-11-14T16:52:56","date_gmt":"2023-11-14T20:52:56","guid":{"rendered":"https:\/\/www.perroquetsecours.com\/?post_type=product&#038;p=2767"},"modified":"2025-12-22T13:57:31","modified_gmt":"2025-12-22T17:57:31","slug":"sunseed-vita-prima-small-parrot-w-safflower-3lb-048-59759","status":"publish","type":"product","link":"https:\/\/www.perroquetsecours.com\/en\/produit\/sunseed-vita-prima-small-parrot-w-safflower-3lb-048-59759","title":{"rendered":"SUNSEED  VITA PRIMA  SMALL PARROT W\/ SAFFLOWER 3LB 048-59759"},"content":{"rendered":"","protected":false},"excerpt":{"rendered":"<p><img fetchpriority=\"high\" decoding=\"async\" class=\"alignnone size-full wp-image-18951\" src=\"https:\/\/www.perroquetsecours.com\/wp-content\/uploads\/2021\/06\/04859759@1.png\" alt=\"\" width=\"500\" height=\"500\" \/><\/p>\n<p>&nbsp;<\/p>\n<p><strong>D\u00c9TAILS:<\/strong><\/p>\n<p>Alimentation \u00e0 base de carthame et sans tournesol pour petits perroquets. En tant que membre de la famille, une alimentation de bonne qualit\u00e9 est tout aussi importante pour votre animal de compagnie que pour le reste de la maison. C&rsquo;est pourquoi nous avons cr\u00e9\u00e9 la nourriture pour petits perroquets Vita Prima Safflower Formula pour avoir tous les \u00e9l\u00e9ments essentiels pour que votre oiseau vive une vie heureuse et saine. Avec des granul\u00e9s enrichis de vitamines et un m\u00e9lange de graines, de c\u00e9r\u00e9ales, de fruits et de l\u00e9gumes sains, Vita Prima contient tous les nutriments dont les oiseaux ont besoin, les saveurs naturelles qu&rsquo;ils souhaitent et la vari\u00e9t\u00e9 pour inspirer leurs instincts naturels de recherche de nourriture.<\/p>\n<p>&nbsp;<\/p>\n<p><strong>DETAILS:<\/strong><\/p>\n<p>Safflower-based, sunflower-free diet for small parrots. As part of the family, a good quality diet is just as important for your pet as it is for the rest of the household. That\u2019s why we created Vita Prima Safflower Formula Small Parrot Food to have all the essentials for your bird to live a happy and healthy life. With vitamin fortified pellets and a blend of wholesome seeds, grains, fruits, and vegetables, Vita Prima has all the nutrients birds need, natural flavors they want, and the variety to inspire their natural foraging instincts.<\/p>","protected":false},"featured_media":2815,"template":"","meta":{"_acf_changed":false,"om_disable_all_campaigns":false,"_monsterinsights_skip_tracking":false,"_monsterinsights_sitenote_active":false,"_monsterinsights_sitenote_note":"","_monsterinsights_sitenote_category":0},"product_brand":[],"product_cat":[1867],"product_tag":[],"class_list":{"0":"post-2767","1":"product","2":"type-product","3":"status-publish","4":"has-post-thumbnail","6":"product_cat-nourriture-food","7":"product_shipping_class-frais-livraison-preener","9":"first","10":"outofstock","11":"shipping-taxable","12":"purchasable","13":"product-type-simple"},"acf":[],"aioseo_notices":[],"_links":{"self":[{"href":"https:\/\/www.perroquetsecours.com\/en\/wp-json\/wp\/v2\/product\/2767","targetHints":{"allow":["GET"]}}],"collection":[{"href":"https:\/\/www.perroquetsecours.com\/en\/wp-json\/wp\/v2\/product"}],"about":[{"href":"https:\/\/www.perroquetsecours.com\/en\/wp-json\/wp\/v2\/types\/product"}],"wp:featuredmedia":[{"embeddable":true,"href":"https:\/\/www.perroquetsecours.com\/en\/wp-json\/wp\/v2\/media\/2815"}],"wp:attachment":[{"href":"https:\/\/www.perroquetsecours.com\/en\/wp-json\/wp\/v2\/media?parent=2767"}],"wp:term":[{"taxonomy":"product_brand","embeddable":true,"href":"https:\/\/www.perroquetsecours.com\/en\/wp-json\/wp\/v2\/product_brand?post=2767"},{"taxonomy":"product_cat","embeddable":true,"href":"https:\/\/www.perroquetsecours.com\/en\/wp-json\/wp\/v2\/product_cat?post=2767"},{"taxonomy":"product_tag","embeddable":true,"href":"https:\/\/www.perroquetsecours.com\/en\/wp-json\/wp\/v2\/product_tag?post=2767"}],"curies":[{"name":"wp","href":"https:\/\/api.w.org\/{rel}","templated":true}]}}