{"id":2840,"date":"2023-11-14T16:54:02","date_gmt":"2023-11-14T20:54:02","guid":{"rendered":"https:\/\/www.perroquetsecours.com\/?post_type=product&#038;p=2840"},"modified":"2025-03-21T01:18:20","modified_gmt":"2025-03-21T05:18:20","slug":"les-premiers-soins-par-la-voliere","status":"publish","type":"product","link":"https:\/\/www.perroquetsecours.com\/en\/produit\/les-premiers-soins-par-la-voliere","title":{"rendered":"Les premiers soins par La Voli\u00e8re"},"content":{"rendered":"<p>&nbsp;<\/p>\n<p>&nbsp;<\/p>","protected":false},"excerpt":{"rendered":"<p>Nataly Bayard nous explique comment faire face \u00e0 une urgence \u00e0 la maison et comment stabiliser un oiseau afin de se rendre chez le v\u00e9t\u00e9rinaire. Dur\u00e9e de 35 minutes.<\/p>\n<p>Nous vous ferons parvenir un lien priv\u00e9 avec mot de passe afin de visionner le tout pendant une semaine \u00e0 compter de l&rsquo;achat. De plus, \u00e0 l&rsquo;achat de cette formation, vous obtiendrez 15% de rabais \u00e0 l&rsquo;achat d&rsquo;une trousse d&rsquo;urgence \u00e0 la boutique pour perroquet La Voli\u00e8re. Nous vous fournirons un code \u00e0 usage unique pour obtenir votre trousse \u00e0 rabais au lien suivant : https:\/\/lavoliere.ca\/fr\/sante-aviaire\/418-ensemble-premiers-soins.html<\/p>\n<p>Si vous ne commander pas autre chose, veuillez choisir ramassage en personne SVP pour \u00e9viter les frais de port.<\/p>\n<p>&nbsp;<\/p>\n<p>&nbsp;<\/p>","protected":false},"featured_media":2746,"template":"","meta":{"_acf_changed":false,"om_disable_all_campaigns":false,"_monsterinsights_skip_tracking":false,"_monsterinsights_sitenote_active":false,"_monsterinsights_sitenote_note":"","_monsterinsights_sitenote_category":0},"product_brand":[],"product_cat":[1872],"product_tag":[],"class_list":{"0":"post-2840","1":"product","2":"type-product","3":"status-publish","4":"has-post-thumbnail","6":"product_cat-ateliers-formations-conferences","8":"first","9":"instock","10":"sold-individually","11":"shipping-taxable","12":"purchasable","13":"product-type-simple"},"acf":[],"aioseo_notices":[],"_links":{"self":[{"href":"https:\/\/www.perroquetsecours.com\/en\/wp-json\/wp\/v2\/product\/2840","targetHints":{"allow":["GET"]}}],"collection":[{"href":"https:\/\/www.perroquetsecours.com\/en\/wp-json\/wp\/v2\/product"}],"about":[{"href":"https:\/\/www.perroquetsecours.com\/en\/wp-json\/wp\/v2\/types\/product"}],"wp:featuredmedia":[{"embeddable":true,"href":"https:\/\/www.perroquetsecours.com\/en\/wp-json\/wp\/v2\/media\/2746"}],"wp:attachment":[{"href":"https:\/\/www.perroquetsecours.com\/en\/wp-json\/wp\/v2\/media?parent=2840"}],"wp:term":[{"taxonomy":"product_brand","embeddable":true,"href":"https:\/\/www.perroquetsecours.com\/en\/wp-json\/wp\/v2\/product_brand?post=2840"},{"taxonomy":"product_cat","embeddable":true,"href":"https:\/\/www.perroquetsecours.com\/en\/wp-json\/wp\/v2\/product_cat?post=2840"},{"taxonomy":"product_tag","embeddable":true,"href":"https:\/\/www.perroquetsecours.com\/en\/wp-json\/wp\/v2\/product_tag?post=2840"}],"curies":[{"name":"wp","href":"https:\/\/api.w.org\/{rel}","templated":true}]}}