{"id":2843,"date":"2023-11-14T16:54:02","date_gmt":"2023-11-14T20:54:02","guid":{"rendered":"https:\/\/www.perroquetsecours.com\/?post_type=product&#038;p=2843"},"modified":"2026-02-06T15:57:46","modified_gmt":"2026-02-06T19:57:46","slug":"ps-valentin-s-m","status":"publish","type":"product","link":"https:\/\/www.perroquetsecours.com\/en\/produit\/ps-valentin-s-m","title":{"rendered":"PS-Valentin (S-M)"},"content":{"rendered":"","protected":false},"excerpt":{"rendered":"<p><img fetchpriority=\"high\" decoding=\"async\" class=\"alignnone size-medium wp-image-23755\" src=\"https:\/\/www.perroquetsecours.com\/wp-content\/uploads\/2023\/02\/charte-300x196.jpg\" alt=\"\" width=\"300\" height=\"196\" \/><\/p>\n<p>Jouets pour les becs fins de la collection St-Valentin de Perroquetsecours comprenant toutes sortes de textures \u00e0 explorer dont : coeur en vigne, rondelle en feuille de palmier, pailles de papier, papier zigzag naturel, li\u00e8ge, corde de sisal nature et teint. Approximativement 8 pouces par 3 pouces. Du plaisir \u00e0 d\u00e9chiqueter !<\/p>\n<p id=\"tw-target-text\" class=\"tw-data-text tw-text-large tw-ta\" dir=\"ltr\" data-placeholder=\"Traduction\"><span class=\"Y2IQFc\" lang=\"en\">Toys for fine beaks from the Perroquetsecours St-Valentin collection including all kinds of textures to explore including: vine heart, palm leaf disc, paper straws, natural zigzag paper, cork, natural and dyed sisal rope. Approximately 8 inches by 3 inches. Fun to shred!<\/span><\/p>\n<p>&nbsp;<\/p>","protected":false},"featured_media":2875,"template":"","meta":{"_acf_changed":false,"om_disable_all_campaigns":false,"_monsterinsights_skip_tracking":false,"_monsterinsights_sitenote_active":false,"_monsterinsights_sitenote_note":"","_monsterinsights_sitenote_category":0},"product_brand":[],"product_cat":[1876,1853],"product_tag":[],"class_list":{"0":"post-2843","1":"product","2":"type-product","3":"status-publish","4":"has-post-thumbnail","6":"product_cat-collection-st-valentin","7":"product_cat-jouets-toys","8":"product_shipping_class-frais-livraison-petits-colis","10":"first","11":"instock","12":"shipping-taxable","13":"purchasable","14":"product-type-simple"},"acf":[],"aioseo_notices":[],"_links":{"self":[{"href":"https:\/\/www.perroquetsecours.com\/en\/wp-json\/wp\/v2\/product\/2843","targetHints":{"allow":["GET"]}}],"collection":[{"href":"https:\/\/www.perroquetsecours.com\/en\/wp-json\/wp\/v2\/product"}],"about":[{"href":"https:\/\/www.perroquetsecours.com\/en\/wp-json\/wp\/v2\/types\/product"}],"wp:featuredmedia":[{"embeddable":true,"href":"https:\/\/www.perroquetsecours.com\/en\/wp-json\/wp\/v2\/media\/2875"}],"wp:attachment":[{"href":"https:\/\/www.perroquetsecours.com\/en\/wp-json\/wp\/v2\/media?parent=2843"}],"wp:term":[{"taxonomy":"product_brand","embeddable":true,"href":"https:\/\/www.perroquetsecours.com\/en\/wp-json\/wp\/v2\/product_brand?post=2843"},{"taxonomy":"product_cat","embeddable":true,"href":"https:\/\/www.perroquetsecours.com\/en\/wp-json\/wp\/v2\/product_cat?post=2843"},{"taxonomy":"product_tag","embeddable":true,"href":"https:\/\/www.perroquetsecours.com\/en\/wp-json\/wp\/v2\/product_tag?post=2843"}],"curies":[{"name":"wp","href":"https:\/\/api.w.org\/{rel}","templated":true}]}}