{"id":2845,"date":"2023-11-14T16:54:02","date_gmt":"2023-11-14T20:54:02","guid":{"rendered":"https:\/\/www.perroquetsecours.com\/?post_type=product&#038;p=2845"},"modified":"2025-12-27T00:05:40","modified_gmt":"2025-12-27T04:05:40","slug":"ps-coeur-vaillant-m-l","status":"publish","type":"product","link":"https:\/\/www.perroquetsecours.com\/en\/produit\/ps-coeur-vaillant-m-l","title":{"rendered":"PS-Coeur vaillant (M-L)"},"content":{"rendered":"","protected":false},"excerpt":{"rendered":"<p><img fetchpriority=\"high\" decoding=\"async\" class=\"alignnone size-medium wp-image-23755\" src=\"https:\/\/www.perroquetsecours.com\/wp-content\/uploads\/2023\/02\/charte-300x196.jpg\" alt=\"\" width=\"300\" height=\"196\"><\/p>\n<p>Jouets pour les becs fins de la collection St-Valentin de Perroquetsecours comprenant toutes sortes de textures \u00e0 explorer dont : grand coeur en vigne, minis grass bundle, pompoms en feuille de palmier,&nbsp; coeurs et groovy en bois, cubes de carton, corde de sisal rouge, li\u00e8ge et link. Approximativement 4 pouces par 6 pouces. Du plaisir \u00e0 d\u00e9chiqueter !<\/p>\n<p dir=\"ltr\" data-placeholder=\"Traduction\">Toys for fine beaks from the Perroquetsecours Valentine&rsquo;s&nbsp; collection including all kinds of textures to explore as: vine big heart, minis grass bundle, palm leaf pompoms, wooden hearts and groovy, carboard squares, red sisal rope, corks and link. Approximately 4 inches by 6 inches. Fun to shred!<\/p>","protected":false},"featured_media":2877,"template":"","meta":{"_acf_changed":false,"om_disable_all_campaigns":false,"_monsterinsights_skip_tracking":false,"_monsterinsights_sitenote_active":false,"_monsterinsights_sitenote_note":"","_monsterinsights_sitenote_category":0},"product_brand":[],"product_cat":[1876,1853],"product_tag":[],"class_list":{"0":"post-2845","1":"product","2":"type-product","3":"status-publish","4":"has-post-thumbnail","6":"product_cat-collection-st-valentin","7":"product_cat-jouets-toys","8":"product_shipping_class-frais-livraison-petits-colis","10":"first","11":"instock","12":"shipping-taxable","13":"purchasable","14":"product-type-simple"},"acf":[],"aioseo_notices":[],"_links":{"self":[{"href":"https:\/\/www.perroquetsecours.com\/en\/wp-json\/wp\/v2\/product\/2845","targetHints":{"allow":["GET"]}}],"collection":[{"href":"https:\/\/www.perroquetsecours.com\/en\/wp-json\/wp\/v2\/product"}],"about":[{"href":"https:\/\/www.perroquetsecours.com\/en\/wp-json\/wp\/v2\/types\/product"}],"wp:featuredmedia":[{"embeddable":true,"href":"https:\/\/www.perroquetsecours.com\/en\/wp-json\/wp\/v2\/media\/2877"}],"wp:attachment":[{"href":"https:\/\/www.perroquetsecours.com\/en\/wp-json\/wp\/v2\/media?parent=2845"}],"wp:term":[{"taxonomy":"product_brand","embeddable":true,"href":"https:\/\/www.perroquetsecours.com\/en\/wp-json\/wp\/v2\/product_brand?post=2845"},{"taxonomy":"product_cat","embeddable":true,"href":"https:\/\/www.perroquetsecours.com\/en\/wp-json\/wp\/v2\/product_cat?post=2845"},{"taxonomy":"product_tag","embeddable":true,"href":"https:\/\/www.perroquetsecours.com\/en\/wp-json\/wp\/v2\/product_tag?post=2845"}],"curies":[{"name":"wp","href":"https:\/\/api.w.org\/{rel}","templated":true}]}}