{"id":2846,"date":"2023-11-14T16:54:02","date_gmt":"2023-11-14T20:54:02","guid":{"rendered":"https:\/\/www.perroquetsecours.com\/?post_type=product&#038;p=2846"},"modified":"2023-11-14T16:55:13","modified_gmt":"2023-11-14T20:55:13","slug":"puncho-zoomax-150xs-s-m","status":"publish","type":"product","link":"https:\/\/www.perroquetsecours.com\/en\/produit\/puncho-zoomax-150xs-s-m","title":{"rendered":"Puncho (Zoomax 150XS) (S-M)"},"content":{"rendered":"","protected":false},"excerpt":{"rendered":"<p><img fetchpriority=\"high\" decoding=\"async\" class=\"alignnone size-medium wp-image-23755\" src=\"https:\/\/www.perroquetsecours.com\/wp-content\/uploads\/2023\/02\/charte-300x196.jpg\" alt=\"\" width=\"300\" height=\"196\"><\/p>\n<p>Coup de foudre. Ils aimeront d\u00e9faire les n\u0153uds.<br \/>\nDimensions: 7\u2033x 4\u2033.<\/p>\n<p>Couleurs et de style Mexicain. Fait enti\u00e8rement de corde sisal de toutes les couleurs, et de plusieurs lacet de cuir v\u00e9g\u00e9tale que votre perroquet raffolera. Ce jouet est excellent pour le PIQUAGE DE PLUME chez les Perroquets.<\/p>\n<p>&nbsp;<\/p>\n<div class=\"title\"><strong>Product specifications<\/strong><\/div>\n<table class=\"data-table\">\n<colgroup>\n<col width=\"25%\">\n<col><\/colgroup>\n<tbody>\n<tr class=\"odd\">\n<td class=\"a-left specname\">Grandeur<\/td>\n<td class=\"a-left specvalue\">7 \u00bb X 4 \u00bb<\/td>\n<\/tr>\n<tr class=\"even\">\n<td class=\"a-left specname\">Components<\/td>\n<td class=\"a-left specvalue\">Cuir V\u00e9g\u00e9tale<\/td>\n<\/tr>\n<tr class=\"odd\">\n<td class=\"a-left specname\">Components<\/td>\n<td class=\"a-left specvalue\">Corde Sisal naturelle<\/td>\n<\/tr>\n<tr class=\"even\">\n<td class=\"a-left specname\">Variants<\/td>\n<td class=\"a-left specvalue\">Pieces de bois &amp; couleurs peuvent variees selon la photo.<\/td>\n<\/tr>\n<tr class=\"odd\">\n<td class=\"a-left specname\">Pays D\u2019origine<\/td>\n<td class=\"a-left specvalue\">Fait au Canada<\/td>\n<\/tr>\n<\/tbody>\n<\/table>\n<p>&nbsp;<\/p>\n<p>Fall in love with. For crazy leather lovers. Dimensions: 7\u2033x 4\u2033.<\/p>\n<p>Brightly colored Mexican style. Made from entirely sisal rope colored. Many vegetable leather strips. Your parrot will go crazy on this toy. Nontoxic dye. This toy is excellent for Parrots that are FEATHER PICKER.<\/p>\n<p>&nbsp;<\/p>\n<div class=\"zoo-desc\">\n<div class=\"title\"><strong>Product specifications<\/strong><\/div>\n<table class=\"data-table\">\n<colgroup>\n<col width=\"25%\">\n<col><\/colgroup>\n<tbody>\n<tr class=\"odd\">\n<td class=\"a-left specname\">Size<\/td>\n<td class=\"a-left specvalue\">7\u201d X 4\u201d<\/td>\n<\/tr>\n<tr class=\"even\">\n<td class=\"a-left specname\">Components<\/td>\n<td class=\"a-left specvalue\">Vegetable leather<\/td>\n<\/tr>\n<tr class=\"odd\">\n<td class=\"a-left specname\">Components<\/td>\n<td class=\"a-left specvalue\">Natural Sisal Rope<\/td>\n<\/tr>\n<tr class=\"even\">\n<td class=\"a-left specname\">Variations<\/td>\n<td class=\"a-left specvalue\">According to picture, wood parts &amp; colors can vary.<\/td>\n<\/tr>\n<tr class=\"odd\">\n<td class=\"a-left specname\">Country Of Origin<\/td>\n<td class=\"a-left specvalue\">Made in Canada<\/td>\n<\/tr>\n<\/tbody>\n<\/table>\n<\/div>","protected":false},"featured_media":2878,"template":"","meta":{"_acf_changed":false,"om_disable_all_campaigns":false,"_monsterinsights_skip_tracking":false,"_monsterinsights_sitenote_active":false,"_monsterinsights_sitenote_note":"","_monsterinsights_sitenote_category":0},"product_brand":[],"product_cat":[1853],"product_tag":[],"class_list":{"0":"post-2846","1":"product","2":"type-product","3":"status-publish","4":"has-post-thumbnail","6":"product_cat-jouets-toys","7":"product_shipping_class-frais-livraison-petits-colis","9":"first","10":"instock","11":"shipping-taxable","12":"purchasable","13":"product-type-simple"},"acf":[],"aioseo_notices":[],"_links":{"self":[{"href":"https:\/\/www.perroquetsecours.com\/en\/wp-json\/wp\/v2\/product\/2846","targetHints":{"allow":["GET"]}}],"collection":[{"href":"https:\/\/www.perroquetsecours.com\/en\/wp-json\/wp\/v2\/product"}],"about":[{"href":"https:\/\/www.perroquetsecours.com\/en\/wp-json\/wp\/v2\/types\/product"}],"wp:featuredmedia":[{"embeddable":true,"href":"https:\/\/www.perroquetsecours.com\/en\/wp-json\/wp\/v2\/media\/2878"}],"wp:attachment":[{"href":"https:\/\/www.perroquetsecours.com\/en\/wp-json\/wp\/v2\/media?parent=2846"}],"wp:term":[{"taxonomy":"product_brand","embeddable":true,"href":"https:\/\/www.perroquetsecours.com\/en\/wp-json\/wp\/v2\/product_brand?post=2846"},{"taxonomy":"product_cat","embeddable":true,"href":"https:\/\/www.perroquetsecours.com\/en\/wp-json\/wp\/v2\/product_cat?post=2846"},{"taxonomy":"product_tag","embeddable":true,"href":"https:\/\/www.perroquetsecours.com\/en\/wp-json\/wp\/v2\/product_tag?post=2846"}],"curies":[{"name":"wp","href":"https:\/\/api.w.org\/{rel}","templated":true}]}}