{"id":2848,"date":"2023-11-14T16:54:02","date_gmt":"2023-11-14T20:54:02","guid":{"rendered":"https:\/\/www.perroquetsecours.com\/?post_type=product&#038;p=2848"},"modified":"2026-03-07T23:44:58","modified_gmt":"2026-03-08T03:44:58","slug":"prevue-hendryx-ceramic-crock-8-oz-107-06400","status":"publish","type":"product","link":"https:\/\/www.perroquetsecours.com\/en\/produit\/prevue-hendryx-ceramic-crock-8-oz-107-06400","title":{"rendered":"PREVUE HENDRYX\u2122 CERAMIC CROCK 8 OZ (107-06400)"},"content":{"rendered":"","protected":false},"excerpt":{"rendered":"<p>Le pot en c\u00e9ramique Prevue Hendryx\u2122 avec fixation \u00e0 vis pr\u00e9sente une finition en faux marbre et une fixation \u00e0 vis universelle. Ce pot s&rsquo;adapte \u00e0 la plupart des mod\u00e8les de cages \u00e0 oiseaux de taille moyenne et grande et est disponible en couleurs assorties.<\/p>\n<p>Prevue Hendryx\u2122 Ceramic Crock with Screw Attachment features a faux marble finish and universal screw on attachment. This crock will fit most medium and large bird cage models and comes in assorted colors.<\/p>","protected":false},"featured_media":2898,"template":"","meta":{"_acf_changed":false,"om_disable_all_campaigns":false,"_monsterinsights_skip_tracking":false,"_monsterinsights_sitenote_active":false,"_monsterinsights_sitenote_note":"","_monsterinsights_sitenote_category":0},"product_brand":[],"product_cat":[1874],"product_tag":[],"class_list":{"0":"post-2848","1":"product","2":"type-product","3":"status-publish","4":"has-post-thumbnail","6":"product_cat-bols-bowls","7":"product_shipping_class-frais-livraison-petits-colis","9":"first","10":"instock","11":"shipping-taxable","12":"purchasable","13":"product-type-simple"},"acf":[],"aioseo_notices":[],"_links":{"self":[{"href":"https:\/\/www.perroquetsecours.com\/en\/wp-json\/wp\/v2\/product\/2848","targetHints":{"allow":["GET"]}}],"collection":[{"href":"https:\/\/www.perroquetsecours.com\/en\/wp-json\/wp\/v2\/product"}],"about":[{"href":"https:\/\/www.perroquetsecours.com\/en\/wp-json\/wp\/v2\/types\/product"}],"wp:featuredmedia":[{"embeddable":true,"href":"https:\/\/www.perroquetsecours.com\/en\/wp-json\/wp\/v2\/media\/2898"}],"wp:attachment":[{"href":"https:\/\/www.perroquetsecours.com\/en\/wp-json\/wp\/v2\/media?parent=2848"}],"wp:term":[{"taxonomy":"product_brand","embeddable":true,"href":"https:\/\/www.perroquetsecours.com\/en\/wp-json\/wp\/v2\/product_brand?post=2848"},{"taxonomy":"product_cat","embeddable":true,"href":"https:\/\/www.perroquetsecours.com\/en\/wp-json\/wp\/v2\/product_cat?post=2848"},{"taxonomy":"product_tag","embeddable":true,"href":"https:\/\/www.perroquetsecours.com\/en\/wp-json\/wp\/v2\/product_tag?post=2848"}],"curies":[{"name":"wp","href":"https:\/\/api.w.org\/{rel}","templated":true}]}}