{"id":2851,"date":"2023-11-14T16:54:02","date_gmt":"2023-11-14T20:54:02","guid":{"rendered":"https:\/\/www.perroquetsecours.com\/?post_type=product&#038;p=2851"},"modified":"2025-11-11T00:01:16","modified_gmt":"2025-11-11T04:01:16","slug":"ps-bagatelle-m-l","status":"publish","type":"product","link":"https:\/\/www.perroquetsecours.com\/en\/produit\/ps-bagatelle-m-l","title":{"rendered":"PS-Bagatelle (M-L)"},"content":{"rendered":"","protected":false},"excerpt":{"rendered":"<p><img fetchpriority=\"high\" decoding=\"async\" class=\"alignnone size-medium wp-image-23755\" src=\"https:\/\/www.perroquetsecours.com\/wp-content\/uploads\/2023\/02\/charte-300x196.jpg\" alt=\"\" width=\"300\" height=\"196\"><\/p>\n<p>Jouets pour les becs fins de la collection St-Valentin de Perroquetsecours comprenant toutes sortes de textures \u00e0 explorer dont : Lacets de cuir v\u00e9g\u00e9tal, boules en vignes, seagrass tress\u00e9, coeurs en bois, corde de sisal rouge, li\u00e8ge et link. Approximativement 3 pouces par 8 pouces. Du plaisir \u00e0 d\u00e9chiqueter !<\/p>\n<p dir=\"ltr\" data-placeholder=\"Traduction\">Toys for fine beaks from the Perroquetsecours Valentine&rsquo;s&nbsp; collection including all kinds of textures to explore as: Veggy leather laces, vine balls, braided seagrass, wooden hearts, red sisal rope, corks and link. Approximately 3 inches by 8 inches. Fun to shred!<\/p>","protected":false},"featured_media":2901,"template":"","meta":{"_acf_changed":false,"om_disable_all_campaigns":false,"_monsterinsights_skip_tracking":false,"_monsterinsights_sitenote_active":false,"_monsterinsights_sitenote_note":"","_monsterinsights_sitenote_category":0},"product_brand":[],"product_cat":[1876,1853],"product_tag":[],"class_list":{"0":"post-2851","1":"product","2":"type-product","3":"status-publish","4":"has-post-thumbnail","6":"product_cat-collection-st-valentin","7":"product_cat-jouets-toys","8":"product_shipping_class-frais-livraison-preener","10":"first","11":"instock","12":"shipping-taxable","13":"purchasable","14":"product-type-simple"},"acf":[],"aioseo_notices":[],"_links":{"self":[{"href":"https:\/\/www.perroquetsecours.com\/en\/wp-json\/wp\/v2\/product\/2851","targetHints":{"allow":["GET"]}}],"collection":[{"href":"https:\/\/www.perroquetsecours.com\/en\/wp-json\/wp\/v2\/product"}],"about":[{"href":"https:\/\/www.perroquetsecours.com\/en\/wp-json\/wp\/v2\/types\/product"}],"wp:featuredmedia":[{"embeddable":true,"href":"https:\/\/www.perroquetsecours.com\/en\/wp-json\/wp\/v2\/media\/2901"}],"wp:attachment":[{"href":"https:\/\/www.perroquetsecours.com\/en\/wp-json\/wp\/v2\/media?parent=2851"}],"wp:term":[{"taxonomy":"product_brand","embeddable":true,"href":"https:\/\/www.perroquetsecours.com\/en\/wp-json\/wp\/v2\/product_brand?post=2851"},{"taxonomy":"product_cat","embeddable":true,"href":"https:\/\/www.perroquetsecours.com\/en\/wp-json\/wp\/v2\/product_cat?post=2851"},{"taxonomy":"product_tag","embeddable":true,"href":"https:\/\/www.perroquetsecours.com\/en\/wp-json\/wp\/v2\/product_tag?post=2851"}],"curies":[{"name":"wp","href":"https:\/\/api.w.org\/{rel}","templated":true}]}}