{"id":2853,"date":"2023-11-14T16:54:03","date_gmt":"2023-11-14T20:54:03","guid":{"rendered":"https:\/\/www.perroquetsecours.com\/?post_type=product&#038;p=2853"},"modified":"2026-02-14T13:25:03","modified_gmt":"2026-02-14T17:25:03","slug":"ps-leprechaun-s-m","status":"publish","type":"product","link":"https:\/\/www.perroquetsecours.com\/en\/produit\/ps-leprechaun-s-m","title":{"rendered":"PS-Leprechaun (S-M)"},"content":{"rendered":"","protected":false},"excerpt":{"rendered":"<p>&nbsp;<\/p>\n<p>Jouets pour les becs fins de la collection Irlandaise de Perroquetsecours comprenant toutes sortes de textures \u00e0 explorer dont : Boules en vignes, morceau de bois durs et mous, 1 groovy, 1 loofah, pailles de papier, corde de sisal orange, corde de papier orange, li\u00e8ge et link. Approximativement 3 pouces par 8 pouces. Du plaisir \u00e0 d\u00e9chiqueter !<\/p>\n<p dir=\"ltr\" data-placeholder=\"Traduction\">Toys for fine beaks from the Perroquetsecours Irish&rsquo;s collection including all kinds of textures to explore as: Vine balls, pieces of hard and soft wood, 1 groovy, 1 loofah, paper straws, orange sisal rope, orange paper rope, corks and link. Approximately 3 inches by 8 inches. Fun to shred!<\/p>","protected":false},"featured_media":2909,"template":"","meta":{"_acf_changed":false,"om_disable_all_campaigns":false,"_monsterinsights_skip_tracking":false,"_monsterinsights_sitenote_active":false,"_monsterinsights_sitenote_note":"","_monsterinsights_sitenote_category":0},"product_brand":[],"product_cat":[1869,1853],"product_tag":[],"class_list":{"0":"post-2853","1":"product","2":"type-product","3":"status-publish","4":"has-post-thumbnail","6":"product_cat-collection-irlandaise","7":"product_cat-jouets-toys","8":"product_shipping_class-frais-livraison-petits-colis","10":"first","11":"instock","12":"shipping-taxable","13":"purchasable","14":"product-type-simple"},"acf":[],"aioseo_notices":[],"_links":{"self":[{"href":"https:\/\/www.perroquetsecours.com\/en\/wp-json\/wp\/v2\/product\/2853","targetHints":{"allow":["GET"]}}],"collection":[{"href":"https:\/\/www.perroquetsecours.com\/en\/wp-json\/wp\/v2\/product"}],"about":[{"href":"https:\/\/www.perroquetsecours.com\/en\/wp-json\/wp\/v2\/types\/product"}],"wp:featuredmedia":[{"embeddable":true,"href":"https:\/\/www.perroquetsecours.com\/en\/wp-json\/wp\/v2\/media\/2909"}],"wp:attachment":[{"href":"https:\/\/www.perroquetsecours.com\/en\/wp-json\/wp\/v2\/media?parent=2853"}],"wp:term":[{"taxonomy":"product_brand","embeddable":true,"href":"https:\/\/www.perroquetsecours.com\/en\/wp-json\/wp\/v2\/product_brand?post=2853"},{"taxonomy":"product_cat","embeddable":true,"href":"https:\/\/www.perroquetsecours.com\/en\/wp-json\/wp\/v2\/product_cat?post=2853"},{"taxonomy":"product_tag","embeddable":true,"href":"https:\/\/www.perroquetsecours.com\/en\/wp-json\/wp\/v2\/product_tag?post=2853"}],"curies":[{"name":"wp","href":"https:\/\/api.w.org\/{rel}","templated":true}]}}