{"id":2879,"date":"2023-11-14T16:55:14","date_gmt":"2023-11-14T20:55:14","guid":{"rendered":"https:\/\/www.perroquetsecours.com\/?post_type=product&#038;p=2879"},"modified":"2024-12-24T22:53:12","modified_gmt":"2024-12-25T02:53:12","slug":"prevue-hendryx-ceramic-crock-24-oz-107-06402","status":"publish","type":"product","link":"https:\/\/www.perroquetsecours.com\/en\/produit\/prevue-hendryx-ceramic-crock-24-oz-107-06402","title":{"rendered":"PREVUE HENDRYX\u2122 CERAMIC CROCK 24 OZ (107-06402)"},"content":{"rendered":"","protected":false},"excerpt":{"rendered":"<p><strong>D\u00c9TAILS:<\/strong><\/p>\n<p>Le pot en c\u00e9ramique Prevue Hendryx \u2122 avec fixation \u00e0 vis pr\u00e9sente une finition en faux marbre et une fixation universelle \u00e0 vis. Ce pot convient \u00e0 la plupart des mod\u00e8les de cage \u00e0 oiseaux de taille moyenne et grande.<\/p>\n<p>&#8212;&#8212;&#8212;&#8212;&#8212;&#8212;&#8212;&#8212;&#8212;&#8212;&#8212;&#8212;&#8212;&#8212;&#8212;&#8212;&#8212;&#8212;&#8212;&#8212;&#8212;&#8212;&#8211;<\/p>\n<p><strong>DETAILS:<\/strong><\/p>\n<p>Prevue Hendryx\u2122 Ceramic Crock with Screw Attachment features a faux marble finish and universal screw on attachment. This crock will fit most medium and large bird cage models.<\/p>","protected":false},"featured_media":2915,"template":"","meta":{"_acf_changed":false,"om_disable_all_campaigns":false,"_monsterinsights_skip_tracking":false,"_monsterinsights_sitenote_active":false,"_monsterinsights_sitenote_note":"","_monsterinsights_sitenote_category":0},"product_brand":[],"product_cat":[1874],"product_tag":[],"class_list":{"0":"post-2879","1":"product","2":"type-product","3":"status-publish","4":"has-post-thumbnail","6":"product_cat-bols-bowls","7":"product_shipping_class-frais-de-livraison-robot","9":"first","10":"instock","11":"shipping-taxable","12":"purchasable","13":"product-type-simple"},"acf":[],"aioseo_notices":[],"_links":{"self":[{"href":"https:\/\/www.perroquetsecours.com\/en\/wp-json\/wp\/v2\/product\/2879","targetHints":{"allow":["GET"]}}],"collection":[{"href":"https:\/\/www.perroquetsecours.com\/en\/wp-json\/wp\/v2\/product"}],"about":[{"href":"https:\/\/www.perroquetsecours.com\/en\/wp-json\/wp\/v2\/types\/product"}],"wp:featuredmedia":[{"embeddable":true,"href":"https:\/\/www.perroquetsecours.com\/en\/wp-json\/wp\/v2\/media\/2915"}],"wp:attachment":[{"href":"https:\/\/www.perroquetsecours.com\/en\/wp-json\/wp\/v2\/media?parent=2879"}],"wp:term":[{"taxonomy":"product_brand","embeddable":true,"href":"https:\/\/www.perroquetsecours.com\/en\/wp-json\/wp\/v2\/product_brand?post=2879"},{"taxonomy":"product_cat","embeddable":true,"href":"https:\/\/www.perroquetsecours.com\/en\/wp-json\/wp\/v2\/product_cat?post=2879"},{"taxonomy":"product_tag","embeddable":true,"href":"https:\/\/www.perroquetsecours.com\/en\/wp-json\/wp\/v2\/product_tag?post=2879"}],"curies":[{"name":"wp","href":"https:\/\/api.w.org\/{rel}","templated":true}]}}