{"id":2888,"date":"2023-11-14T16:55:15","date_gmt":"2023-11-14T20:55:15","guid":{"rendered":"https:\/\/www.perroquetsecours.com\/?post_type=product&#038;p=2888"},"modified":"2023-11-14T16:56:04","modified_gmt":"2023-11-14T20:56:04","slug":"rigolo-zoomax-976s-m","status":"publish","type":"product","link":"https:\/\/www.perroquetsecours.com\/en\/produit\/rigolo-zoomax-976s-m","title":{"rendered":"Rigolo (Zoomax 976)(S-M)"},"content":{"rendered":"","protected":false},"excerpt":{"rendered":"<p>RIGOLO<\/p>\n<p>Dimensions: 13\u2033x 6\u2033.<\/p>\n<p>Est un jouet int\u00e9ressant pour les oiseaux qui aiment d\u00e9chiqueter !! Plusieurs pi\u00e8ces en bois, acrylique, avec fleurs de palmier.&nbsp; Plusieurs cartons sont ins\u00e9r\u00e9s \u00e0 l\u2019int\u00e9rieur des pi\u00e8ces de bois naturel.&nbsp;&nbsp;Les jouets \u00e0 d\u00e9chiqueter aident vos oiseaux \u00e0 d\u00e9velopperdes habilet\u00e9s et aident \u00e0 r\u00e9duire le picage des plumes chez certains de vos amis ail\u00e9s.&nbsp; Les jouets \u00e0 fourrager pour oiseaux offrent \u00e0 votre oiseau un but, un d\u00e9fi mental, des possibilit\u00e9s d\u2019exercice, un temps de jeu essentiel et une r\u00e9compense pour ses efforts !<\/p>\n<p>CONVIENT POUR: COCKATIEL, INS\u00c9PARABLE, N\u00c9OPH\u00c8ME, TOU\u00cf, CA\u00cfQUE, PIONUS, KAKARIKI, QUAKER, PETITS CONURES ET TOUS LES PETITS PERROQUETS<\/p>\n<p>*PRODUIT QU\u00c9BEC* JOUETS FUN-MAX SONT FABRIQU\u00c9S ET ASSEMBL\u00c9 AU (QU\u00c9BEC) CANADA, PAR NOS ASSEMBLEURS LOCALE.<\/p>\n<p>&nbsp;<\/p>\n<div id=\"product-24515\" class=\"product type-product post-24515 status-publish first instock product_cat-foraging-toys product_cat-jouets-a-dechiqueter___fr-jouets-petit-oiseaux___fr-en product_cat-jouets-a-dechiqueter___fr-jouets-petit-perroquet___fr-en product_cat-new-arrival product_cat-new-toys product_cat-small-bird-toys product_cat-small-parrot-toys product_cat-toys has-post-thumbnail taxable shipping-taxable purchasable product-type-simple\">\n<div class=\"woocommerce-tabs\">\n<div id=\"tab-description\" class=\"panel entry-content\">\n<div class=\"row\">\n<div class=\"large-8 xlarge-6 large-centered xlarge-centered columns\">\n<p>976: RIGOLO (13\u2033H X 6\u2033W)<br \/>\nDimensions: 13\u2033x6\u2033.<\/p>\n<p>Is an interesting toy for birds that love to shred!! Several pieces in wood, acrylic, with palm flowers.&nbsp; Several small cardboard are inserted inside the wood pieces.&nbsp; Shredder toys help your birds develop skills and help reduce feather pecking in some of your winged friends.&nbsp; Bird foraging toys provide your bird with a purpose, a mental challenge, increased exercise, essential play time and a reward for their effort !<\/p>\n<p>SUITABLE FOR: COCKATIEL, LOVEBIRD, NEOPHEMA, TOU\u00cf, CA\u00cfQUE, PIONUS, KAKARIKI, QUAKER, SMALL CONURES AND ALL SMALL PARROTS.<\/p>\n<p>FUN-MAX TOYS ARE MANUFACTURED AND ASSEMBLED IN CANADA BY OUR LOCAL ASSEMBLERS.<\/p>\n<\/div>\n<\/div>\n<\/div>\n<\/div>\n<div class=\"row\">\n<div class=\"large-9 large-centered columns\">&nbsp;<\/div>\n<\/div>\n<\/div>\n<div class=\"row\">\n<div class=\"xlarge-9 xlarge-centered columns\"><img fetchpriority=\"high\" decoding=\"async\" class=\"alignnone size-medium wp-image-23755\" src=\"https:\/\/www.perroquetsecours.com\/wp-content\/uploads\/2023\/02\/charte-300x196.jpg\" alt=\"\" width=\"300\" height=\"196\"><\/div>\n<\/div>\n<div class=\"product_navigation\">\n<nav id=\"nav-below\" class=\"post-navigation\" role=\"navigation\">\n<div class=\"product-nav-previous\">&nbsp;<\/div>\n<div class=\"product-nav-next\">&nbsp;<\/div>\n<\/nav>\n<\/div>\n<div class=\"single_product_summary_related\">\n<div class=\"row\">\n<div class=\"xlarge-9 xlarge-centered columns\">\n<div class=\"row\">\n<div class=\"large-12 large-centered columns\">&nbsp;<\/div>\n<\/div>\n<\/div>\n<\/div>\n<\/div>","protected":false},"featured_media":2925,"template":"","meta":{"_acf_changed":false,"om_disable_all_campaigns":false,"_monsterinsights_skip_tracking":false,"_monsterinsights_sitenote_active":false,"_monsterinsights_sitenote_note":"","_monsterinsights_sitenote_category":0},"product_brand":[],"product_cat":[1853],"product_tag":[],"class_list":{"0":"post-2888","1":"product","2":"type-product","3":"status-publish","4":"has-post-thumbnail","6":"product_cat-jouets-toys","7":"product_shipping_class-frais-de-livraison-robot","9":"first","10":"instock","11":"shipping-taxable","12":"purchasable","13":"product-type-simple"},"acf":[],"aioseo_notices":[],"_links":{"self":[{"href":"https:\/\/www.perroquetsecours.com\/en\/wp-json\/wp\/v2\/product\/2888","targetHints":{"allow":["GET"]}}],"collection":[{"href":"https:\/\/www.perroquetsecours.com\/en\/wp-json\/wp\/v2\/product"}],"about":[{"href":"https:\/\/www.perroquetsecours.com\/en\/wp-json\/wp\/v2\/types\/product"}],"wp:featuredmedia":[{"embeddable":true,"href":"https:\/\/www.perroquetsecours.com\/en\/wp-json\/wp\/v2\/media\/2925"}],"wp:attachment":[{"href":"https:\/\/www.perroquetsecours.com\/en\/wp-json\/wp\/v2\/media?parent=2888"}],"wp:term":[{"taxonomy":"product_brand","embeddable":true,"href":"https:\/\/www.perroquetsecours.com\/en\/wp-json\/wp\/v2\/product_brand?post=2888"},{"taxonomy":"product_cat","embeddable":true,"href":"https:\/\/www.perroquetsecours.com\/en\/wp-json\/wp\/v2\/product_cat?post=2888"},{"taxonomy":"product_tag","embeddable":true,"href":"https:\/\/www.perroquetsecours.com\/en\/wp-json\/wp\/v2\/product_tag?post=2888"}],"curies":[{"name":"wp","href":"https:\/\/api.w.org\/{rel}","templated":true}]}}