{"id":2896,"date":"2023-11-14T16:55:15","date_gmt":"2023-11-14T20:55:15","guid":{"rendered":"https:\/\/www.perroquetsecours.com\/?post_type=product&#038;p=2896"},"modified":"2026-03-05T12:26:50","modified_gmt":"2026-03-05T16:26:50","slug":"lafeber-gourmet-pellets-tropical-fruit-parakeet-1-25-lb-062-72630","status":"publish","type":"product","link":"https:\/\/www.perroquetsecours.com\/en\/produit\/lafeber-gourmet-pellets-tropical-fruit-parakeet-1-25-lb-062-72630","title":{"rendered":"LAFEBER\u00ae GOURMET PELLETS TROPICAL FRUIT PARAKEET  1.25 LB 062-72630"},"content":{"rendered":"","protected":false},"excerpt":{"rendered":"<p><span class=\"Y2IQFc\" lang=\"fr\"><strong>D\u00c9TAILS: <\/strong> Voici les seules granules de fruits fabriqu\u00e9s exclusivement avec le go\u00fbt naturel des fruits &#8211; sans sucre ni fructose ajout\u00e9s. Tropical Fruit Gourmet Pellets est un aliment nutritionnellement \u00e9quilibr\u00e9 pour perruches qui emm\u00e8nera les papilles de votre oiseau sous les tropiques ! De vrais morceaux de papaye, de mangue et d&rsquo;ananas apportent de nouvelles sensations gustatives aux granul\u00e9s premium d\u00e9velopp\u00e9s \u00e0 l&rsquo;origine par le Dr Lafeber Sr. en 1973, qui \u00e9taient \u00e9galement les premiers sp\u00e9cialement formul\u00e9s pour les oiseaux de compagnie. Cette version gastronomique aide \u00e0 garantir que votre oiseau re\u00e7oit tous les nutriments n\u00e9cessaires pour une vie pleine, \u00e9nergique et saine. Chaque pastille contient des vitamines essentielles, des min\u00e9raux ch\u00e9lat\u00e9s et des acides gras om\u00e9ga 3 et 6 \u00e9quilibr\u00e9s. Formul\u00e9 pour les perruches.<\/span><\/p>\n<p>&nbsp;<\/p>\n<p><strong>DETAILS: <\/strong>Introducing the only fruit pellet made exclusively with the natural taste of fruit \u2014 no added sugar or fructose. Tropical Fruit Gourmet Pellets is a nutritionally balanced food for parakeets that will take your bird\u2019s taste buds to the tropics! Real bits of papaya, mango, and pineapple bring new flavor sensations to the premium pellets originally developed by Dr. Lafeber Sr. in 1973, which were also the first ones specially formulated for pet birds. This gourmet version helps ensure that your bird gets all the nutrients needed for a full, energetic, and healthy life. Each pellet includes essential vitamins, chelated minerals, and balanced omega 3 &amp; 6 fatty acids. Formulated for\u00a0parakeets\u00a0 .<\/p>","protected":false},"featured_media":2933,"template":"","meta":{"_acf_changed":false,"om_disable_all_campaigns":false,"_monsterinsights_skip_tracking":false,"_monsterinsights_sitenote_active":false,"_monsterinsights_sitenote_note":"","_monsterinsights_sitenote_category":0},"product_brand":[],"product_cat":[1867],"product_tag":[],"class_list":{"0":"post-2896","1":"product","2":"type-product","3":"status-publish","4":"has-post-thumbnail","6":"product_cat-nourriture-food","7":"product_shipping_class-frais-livraison-preener","9":"first","10":"instock","11":"shipping-taxable","12":"purchasable","13":"product-type-simple"},"acf":[],"aioseo_notices":[],"_links":{"self":[{"href":"https:\/\/www.perroquetsecours.com\/en\/wp-json\/wp\/v2\/product\/2896","targetHints":{"allow":["GET"]}}],"collection":[{"href":"https:\/\/www.perroquetsecours.com\/en\/wp-json\/wp\/v2\/product"}],"about":[{"href":"https:\/\/www.perroquetsecours.com\/en\/wp-json\/wp\/v2\/types\/product"}],"wp:featuredmedia":[{"embeddable":true,"href":"https:\/\/www.perroquetsecours.com\/en\/wp-json\/wp\/v2\/media\/2933"}],"wp:attachment":[{"href":"https:\/\/www.perroquetsecours.com\/en\/wp-json\/wp\/v2\/media?parent=2896"}],"wp:term":[{"taxonomy":"product_brand","embeddable":true,"href":"https:\/\/www.perroquetsecours.com\/en\/wp-json\/wp\/v2\/product_brand?post=2896"},{"taxonomy":"product_cat","embeddable":true,"href":"https:\/\/www.perroquetsecours.com\/en\/wp-json\/wp\/v2\/product_cat?post=2896"},{"taxonomy":"product_tag","embeddable":true,"href":"https:\/\/www.perroquetsecours.com\/en\/wp-json\/wp\/v2\/product_tag?post=2896"}],"curies":[{"name":"wp","href":"https:\/\/api.w.org\/{rel}","templated":true}]}}