{"id":2905,"date":"2023-11-14T16:55:38","date_gmt":"2023-11-14T20:55:38","guid":{"rendered":"https:\/\/www.perroquetsecours.com\/?post_type=product&#038;p=2905"},"modified":"2024-12-27T15:49:35","modified_gmt":"2024-12-27T19:49:35","slug":"ps-le-bidule-s-m","status":"publish","type":"product","link":"https:\/\/www.perroquetsecours.com\/en\/produit\/ps-le-bidule-s-m","title":{"rendered":"PS-Le Bidule (S-M)"},"content":{"rendered":"","protected":false},"excerpt":{"rendered":"<p>Jouets de la collection Estivale de Perroquetsecours comprenant toutes sortes de textures \u00e0 explorer dont : Bloc de balsa, carr\u00e9s et ronds de palmiers, bouchons de li\u00e8ge, carr\u00e9s de bois mince teints en pin, billes de bois durs teints, corde poly et link. Approximativement 5 pouces par 3 pouces. Du plaisir \u00e0 d\u00e9chiqueter !<\/p>\n<p dir=\"ltr\" data-placeholder=\"Traduction\">Toys from the Perroquetsecours Summery&rsquo;s collection including all kinds of textures to explore as: Balsa bloc, palm squares and loonies, corks, square thin pieces of dyed pine wood, colored hard wood beads, poly ropee and link. Approximately 5 inches by 3 inches. Fun to shred!<\/p>\n<p dir=\"ltr\" data-placeholder=\"Traduction\"><img fetchpriority=\"high\" decoding=\"async\" class=\"alignnone size-medium wp-image-23755\" src=\"https:\/\/www.perroquetsecours.com\/wp-content\/uploads\/2023\/02\/charte-300x196.jpg\" alt=\"\" width=\"300\" height=\"196\"><\/p>\n<p dir=\"ltr\" data-placeholder=\"Traduction\">&nbsp;<\/p>","protected":false},"featured_media":2936,"template":"","meta":{"_acf_changed":false,"om_disable_all_campaigns":false,"_monsterinsights_skip_tracking":false,"_monsterinsights_sitenote_active":false,"_monsterinsights_sitenote_note":"","_monsterinsights_sitenote_category":0},"product_brand":[],"product_cat":[1862,1853],"product_tag":[],"class_list":{"0":"post-2905","1":"product","2":"type-product","3":"status-publish","4":"has-post-thumbnail","6":"product_cat-collection-estivale","7":"product_cat-jouets-toys","8":"product_shipping_class-frais-livraison-preener","10":"first","11":"instock","12":"shipping-taxable","13":"purchasable","14":"product-type-simple"},"acf":[],"aioseo_notices":[],"_links":{"self":[{"href":"https:\/\/www.perroquetsecours.com\/en\/wp-json\/wp\/v2\/product\/2905","targetHints":{"allow":["GET"]}}],"collection":[{"href":"https:\/\/www.perroquetsecours.com\/en\/wp-json\/wp\/v2\/product"}],"about":[{"href":"https:\/\/www.perroquetsecours.com\/en\/wp-json\/wp\/v2\/types\/product"}],"wp:featuredmedia":[{"embeddable":true,"href":"https:\/\/www.perroquetsecours.com\/en\/wp-json\/wp\/v2\/media\/2936"}],"wp:attachment":[{"href":"https:\/\/www.perroquetsecours.com\/en\/wp-json\/wp\/v2\/media?parent=2905"}],"wp:term":[{"taxonomy":"product_brand","embeddable":true,"href":"https:\/\/www.perroquetsecours.com\/en\/wp-json\/wp\/v2\/product_brand?post=2905"},{"taxonomy":"product_cat","embeddable":true,"href":"https:\/\/www.perroquetsecours.com\/en\/wp-json\/wp\/v2\/product_cat?post=2905"},{"taxonomy":"product_tag","embeddable":true,"href":"https:\/\/www.perroquetsecours.com\/en\/wp-json\/wp\/v2\/product_tag?post=2905"}],"curies":[{"name":"wp","href":"https:\/\/api.w.org\/{rel}","templated":true}]}}