{"id":2906,"date":"2023-11-14T16:55:38","date_gmt":"2023-11-14T20:55:38","guid":{"rendered":"https:\/\/www.perroquetsecours.com\/?post_type=product&#038;p=2906"},"modified":"2026-04-06T15:39:40","modified_gmt":"2026-04-06T19:39:40","slug":"ps-le-batbird-m","status":"publish","type":"product","link":"https:\/\/www.perroquetsecours.com\/en\/produit\/ps-le-batbird-m","title":{"rendered":"PS-The Batbird (M)"},"content":{"rendered":"","protected":false},"excerpt":{"rendered":"<p>Base de 2 1\/2 pouce par 4 1\/2 pouce en forme de chauve souris en pin, link, corde Paulie, Zizag de palmiers, billes n\u00e9on, carr\u00e9 de carton, cubes de bois en pin color\u00e9 et tranche en pin naturel. Mesure 4 1\/2 pouces par 6 pouces. Jouet style tire-pousse.<\/p>\n<p class=\"tw-data-text tw-text-large tw-ta\" dir=\"ltr\" data-placeholder=\"Traduction\" data-ved=\"2ahUKEwjsvOrb46GCAxXqEFkFHWpSDQ8Q3ewLegQIBhAQ\"><span class=\"Y2IQFc\" lang=\"en\">Base of 2 1\/2 inch by 4 1\/2 inch in the shape of a <\/span>bat made of pine wood, link, Paulie rope, neon beads, palm zizag, cardboard squares, colored pine wooden cubes and natural pine slices. <span class=\"Y2IQFc\" lang=\"en\">Measures 4 1\/2 inches by 6 inches. Push-pull style toy.<\/span><\/p>\n<p><img fetchpriority=\"high\" decoding=\"async\" class=\"alignnone size-medium wp-image-23755\" src=\"https:\/\/www.perroquetsecours.com\/wp-content\/uploads\/2023\/02\/charte-300x196.jpg\" alt=\"\" width=\"300\" height=\"196\" \/><\/p>","protected":false},"featured_media":2937,"template":"","meta":{"_acf_changed":false,"om_disable_all_campaigns":false,"_monsterinsights_skip_tracking":false,"_monsterinsights_sitenote_active":false,"_monsterinsights_sitenote_note":"","_monsterinsights_sitenote_category":0},"product_brand":[],"product_cat":[1866,1853],"product_tag":[],"class_list":{"0":"post-2906","1":"product","2":"type-product","3":"status-publish","4":"has-post-thumbnail","6":"product_cat-collection-automnale","7":"product_cat-jouets-toys","8":"product_shipping_class-frais-de-livraison-robot","10":"first","11":"instock","12":"shipping-taxable","13":"purchasable","14":"product-type-simple"},"acf":[],"aioseo_notices":[],"_links":{"self":[{"href":"https:\/\/www.perroquetsecours.com\/en\/wp-json\/wp\/v2\/product\/2906","targetHints":{"allow":["GET"]}}],"collection":[{"href":"https:\/\/www.perroquetsecours.com\/en\/wp-json\/wp\/v2\/product"}],"about":[{"href":"https:\/\/www.perroquetsecours.com\/en\/wp-json\/wp\/v2\/types\/product"}],"wp:featuredmedia":[{"embeddable":true,"href":"https:\/\/www.perroquetsecours.com\/en\/wp-json\/wp\/v2\/media\/2937"}],"wp:attachment":[{"href":"https:\/\/www.perroquetsecours.com\/en\/wp-json\/wp\/v2\/media?parent=2906"}],"wp:term":[{"taxonomy":"product_brand","embeddable":true,"href":"https:\/\/www.perroquetsecours.com\/en\/wp-json\/wp\/v2\/product_brand?post=2906"},{"taxonomy":"product_cat","embeddable":true,"href":"https:\/\/www.perroquetsecours.com\/en\/wp-json\/wp\/v2\/product_cat?post=2906"},{"taxonomy":"product_tag","embeddable":true,"href":"https:\/\/www.perroquetsecours.com\/en\/wp-json\/wp\/v2\/product_tag?post=2906"}],"curies":[{"name":"wp","href":"https:\/\/api.w.org\/{rel}","templated":true}]}}